{"id":4006,"date":"2026-01-22T20:00:09","date_gmt":"2026-01-22T18:00:09","guid":{"rendered":"https:\/\/tribusana.com\/equilibrio\/"},"modified":"2026-01-23T11:05:03","modified_gmt":"2026-01-23T09:05:03","slug":"equilibrio","status":"publish","type":"page","link":"https:\/\/tribusana.com\/it\/equilibrio\/","title":{"rendered":"Equilibrio"},"content":{"rendered":"\t\t<div data-elementor-type=\"wp-page\" data-elementor-id=\"4006\" class=\"elementor elementor-4006 elementor-3988\" data-elementor-post-type=\"page\">\n\t\t\t\t<div class=\"elementor-element elementor-element-0eb0411 e-flex e-con-boxed e-con e-parent\" data-id=\"0eb0411\" data-element_type=\"container\" data-e-type=\"container\">\n\t\t\t\t\t<div class=\"e-con-inner\">\n\t\t\t\t<div class=\"elementor-element elementor-element-9d6a0c8 elementor-widget elementor-widget-heading\" data-id=\"9d6a0c8\" data-element_type=\"widget\" data-e-type=\"widget\" data-widget_type=\"heading.default\">\n\t\t\t\t<div class=\"elementor-widget-container\">\n\t\t\t\t\t<h3 class=\"elementor-heading-title elementor-size-default\">Il mio viaggio: dal cibo vero come base ai rinforzi scientificamente provati per la longevit\u00e0.\n<\/h3>\t\t\t\t<\/div>\n\t\t\t\t<\/div>\n\t\t\t\t<div class=\"elementor-element elementor-element-e7b7502 elementor-widget elementor-widget-text-editor\" data-id=\"e7b7502\" data-element_type=\"widget\" data-e-type=\"widget\" data-widget_type=\"text-editor.default\">\n\t\t\t\t<div class=\"elementor-widget-container\">\n\t\t\t\t\t\t\t\t\t<p>Da anni Tribusana sostiene un principio chiaro: il cibo genuino \u00e8 importante.<\/p><p>Come chef fondatore, ho sempre creduto che gli integratori non debbano mai sostituire il consumo di cibi veri, ricchi di nutrienti e fibre. Prendiamo il consumo di veri broccoli rispetto a una versione sotto forma di integratore&#8230; <\/p>\t\t\t\t\t\t\t\t<\/div>\n\t\t\t\t<\/div>\n\t\t\t\t\t<\/div>\n\t\t\t\t<\/div>\n\t\t<div class=\"elementor-element elementor-element-6674b99 e-flex e-con-boxed e-con e-parent\" data-id=\"6674b99\" data-element_type=\"container\" data-e-type=\"container\">\n\t\t\t\t\t<div class=\"e-con-inner\">\n\t\t\t\t<div class=\"elementor-element elementor-element-7b00441 elementor-widget__width-inherit elementor-widget elementor-widget-image\" data-id=\"7b00441\" data-element_type=\"widget\" data-e-type=\"widget\" data-widget_type=\"image.default\">\n\t\t\t\t<div class=\"elementor-widget-container\">\n\t\t\t\t\t\t\t\t\t\t\t\t\t\t\t<img fetchpriority=\"high\" decoding=\"async\" width=\"900\" height=\"600\" src=\"https:\/\/tribusana.com\/wp-content\/uploads\/2026\/01\/Broccoli-vs-Supplement.jpg-1024x683.jpeg\" class=\"attachment-large size-large wp-image-4031\" alt=\"brocoli vs supplements\" srcset=\"https:\/\/tribusana.com\/wp-content\/uploads\/2026\/01\/Broccoli-vs-Supplement.jpg-1024x683.jpeg 1024w, https:\/\/tribusana.com\/wp-content\/uploads\/2026\/01\/Broccoli-vs-Supplement.jpg-300x200.jpeg 300w, https:\/\/tribusana.com\/wp-content\/uploads\/2026\/01\/Broccoli-vs-Supplement.jpg-768x512.jpeg 768w, https:\/\/tribusana.com\/wp-content\/uploads\/2026\/01\/Broccoli-vs-Supplement.jpg-600x400.jpeg 600w, https:\/\/tribusana.com\/wp-content\/uploads\/2026\/01\/Broccoli-vs-Supplement.jpg.jpeg 1536w\" sizes=\"(max-width: 900px) 100vw, 900px\" \/>\t\t\t\t\t\t\t\t\t\t\t\t\t\t\t<\/div>\n\t\t\t\t<\/div>\n\t\t<div class=\"elementor-element elementor-element-b3d2537 e-con-full e-flex e-con e-child\" data-id=\"b3d2537\" data-element_type=\"container\" data-e-type=\"container\">\n\t\t\t\t<div class=\"elementor-element elementor-element-12570a5 elementor-widget elementor-widget-text-editor\" data-id=\"12570a5\" data-element_type=\"widget\" data-e-type=\"widget\" data-widget_type=\"text-editor.default\">\n\t\t\t\t<div class=\"elementor-widget-container\">\n\t\t\t\t\t\t\t\t\t<p>Ma la vita si evolve. I corpi cambiano. E la scienza ci invita ad ascoltare pi\u00f9 attentamente.  <\/p><p>Ora che ho 50 anni, sto iniziando a comprendere qualcosa di profondamente umano:<strong> il potere del cibo, pur essendo essenziale, non sempre \u00e8 sufficiente da solo.<\/strong> L&#8217;invecchiamento, lo stress, l&#8217;esposizione ambientale e gli stili di vita moderni aumentano il nostro fabbisogno nutrizionale, che spesso va oltre ci\u00f2 che possiamo mangiare in un solo giorno.<\/p><p>Prendiamo ad esempio me, se considero che dovrei consumare 1 grammo di proteine \u200b\u200bper ogni chilo di peso, dovrei mangiare 18 uova o 1.200 &#8211; 2.400 grammi (7 &#8211; 8 tazze) di legumi al giorno&#8230;<\/p>\t\t\t\t\t\t\t\t<\/div>\n\t\t\t\t<\/div>\n\t\t\t\t<div class=\"elementor-element elementor-element-6e771c7 elementor-widget__width-inherit elementor-widget elementor-widget-image\" data-id=\"6e771c7\" data-element_type=\"widget\" data-e-type=\"widget\" data-widget_type=\"image.default\">\n\t\t\t\t<div class=\"elementor-widget-container\">\n\t\t\t\t\t\t\t\t\t\t\t\t\t\t\t<img decoding=\"async\" width=\"900\" height=\"600\" src=\"https:\/\/tribusana.com\/wp-content\/uploads\/2026\/01\/110g-Protein-Daily-Intake-Eggs-Beans.jpg-1024x683.jpeg\" class=\"attachment-large size-large wp-image-4030\" alt=\"eggs and proteins\" srcset=\"https:\/\/tribusana.com\/wp-content\/uploads\/2026\/01\/110g-Protein-Daily-Intake-Eggs-Beans.jpg-1024x683.jpeg 1024w, https:\/\/tribusana.com\/wp-content\/uploads\/2026\/01\/110g-Protein-Daily-Intake-Eggs-Beans.jpg-300x200.jpeg 300w, https:\/\/tribusana.com\/wp-content\/uploads\/2026\/01\/110g-Protein-Daily-Intake-Eggs-Beans.jpg-768x512.jpeg 768w, https:\/\/tribusana.com\/wp-content\/uploads\/2026\/01\/110g-Protein-Daily-Intake-Eggs-Beans.jpg-600x400.jpeg 600w, https:\/\/tribusana.com\/wp-content\/uploads\/2026\/01\/110g-Protein-Daily-Intake-Eggs-Beans.jpg.jpeg 1536w\" sizes=\"(max-width: 900px) 100vw, 900px\" \/>\t\t\t\t\t\t\t\t\t\t\t\t\t\t\t<\/div>\n\t\t\t\t<\/div>\n\t\t\t\t<div class=\"elementor-element elementor-element-c450f3b elementor-widget elementor-widget-text-editor\" data-id=\"c450f3b\" data-element_type=\"widget\" data-e-type=\"widget\" data-widget_type=\"text-editor.default\">\n\t\t\t\t<div class=\"elementor-widget-container\">\n\t\t\t\t\t\t\t\t\t<p>Il che non \u00e8 proprio realistico!!!<\/p><p>Ecco perch\u00e9 oggi Tribusana abbraccia una visione pi\u00f9 completa del benessere: una visione che considera il cibo come fondamento e utilizza integratori di alta qualit\u00e0, scientificamente provati, come rinforzo intelligente per soddisfare il nostro fabbisogno giornaliero. Non \u00e8 una scorciatoia n\u00e9 un sostituto di una dieta equilibrata e varia. <\/p><p>A mio avviso, la longevit\u00e0 non dipende da un prodotto o da un&#8217;abitudine. Riguarda il modo in cui mangiamo, il modo in cui viviamo e come supportiamo il nostro corpo nel tempo in modo da poter\u2026 <\/p><p><strong>Aggiungiamo una migliore qualit\u00e0 di vita ai nostri anni e pi\u00f9 anni di salute alla nostra vita<\/strong>, come ha affermato intelligentemente Dan Buettner, esperto di longevit\u00e0 e fondatore del concetto Blue Zones.<\/p><p>Poich\u00e9 sono fermamente convinta che la crescita sia migliore se condivisa, volevo che imparassimo insieme come invecchiare!<\/p><p>Ed \u00e8 per questo che collaboro con orgoglio con 4 Life per far luce su un mondo prima sconosciuto ma che oggi sono disposto ad abbracciare con tutto il cuore:<\/p>\t\t\t\t\t\t\t\t<\/div>\n\t\t\t\t<\/div>\n\t\t\t\t<\/div>\n\t\t\t\t\t<\/div>\n\t\t\t\t<\/div>\n\t\t<div class=\"elementor-element elementor-element-e381e9f e-flex e-con-boxed e-con e-parent\" data-id=\"e381e9f\" data-element_type=\"container\" data-e-type=\"container\">\n\t\t\t\t\t<div class=\"e-con-inner\">\n\t\t<div class=\"elementor-element elementor-element-a36a2d3 e-con-full e-flex e-con e-child\" data-id=\"a36a2d3\" data-element_type=\"container\" data-e-type=\"container\">\n\t\t\t\t<div class=\"elementor-element elementor-element-03a2a81 elementor-widget__width-initial elementor-widget elementor-widget-image\" data-id=\"03a2a81\" data-element_type=\"widget\" data-e-type=\"widget\" data-widget_type=\"image.default\">\n\t\t\t\t<div class=\"elementor-widget-container\">\n\t\t\t\t\t\t\t\t\t\t\t\t\t\t\t<img decoding=\"async\" width=\"768\" height=\"512\" src=\"https:\/\/tribusana.com\/wp-content\/uploads\/2026\/01\/Tribusana-4Life-Partnership.jpg-768x512.jpeg\" class=\"attachment-medium_large size-medium_large wp-image-4032\" alt=\"4life\" srcset=\"https:\/\/tribusana.com\/wp-content\/uploads\/2026\/01\/Tribusana-4Life-Partnership.jpg-768x512.jpeg 768w, https:\/\/tribusana.com\/wp-content\/uploads\/2026\/01\/Tribusana-4Life-Partnership.jpg-300x200.jpeg 300w, https:\/\/tribusana.com\/wp-content\/uploads\/2026\/01\/Tribusana-4Life-Partnership.jpg-1024x683.jpeg 1024w, https:\/\/tribusana.com\/wp-content\/uploads\/2026\/01\/Tribusana-4Life-Partnership.jpg-600x400.jpeg 600w, https:\/\/tribusana.com\/wp-content\/uploads\/2026\/01\/Tribusana-4Life-Partnership.jpg.jpeg 1536w\" sizes=\"(max-width: 768px) 100vw, 768px\" \/>\t\t\t\t\t\t\t\t\t\t\t\t\t\t\t<\/div>\n\t\t\t\t<\/div>\n\t\t\t\t<\/div>\n\t\t<div class=\"elementor-element elementor-element-8c2b6fc e-con-full e-flex e-con e-child\" data-id=\"8c2b6fc\" data-element_type=\"container\" data-e-type=\"container\">\n\t\t\t\t<div class=\"elementor-element elementor-element-dbbbfe5 elementor-widget__width-initial elementor-widget-tablet__width-initial elementor-widget elementor-widget-text-editor\" data-id=\"dbbbfe5\" data-element_type=\"widget\" data-e-type=\"widget\" data-widget_type=\"text-editor.default\">\n\t\t\t\t<div class=\"elementor-widget-container\">\n\t\t\t\t\t\t\t\t\t<p>Per maggiori informazioni, puoi o scansionare il codice QR o cliccare sul seguente link<\/p>\t\t\t\t\t\t\t\t<\/div>\n\t\t\t\t<\/div>\n\t\t\t\t<div class=\"elementor-element elementor-element-58f0a2d elementor-widget-tablet__width-initial elementor-widget elementor-widget-image\" data-id=\"58f0a2d\" data-element_type=\"widget\" data-e-type=\"widget\" data-widget_type=\"image.default\">\n\t\t\t\t<div class=\"elementor-widget-container\">\n\t\t\t\t\t\t\t\t\t\t\t\t\t\t\t<img loading=\"lazy\" decoding=\"async\" width=\"217\" height=\"209\" src=\"https:\/\/tribusana.com\/wp-content\/uploads\/2026\/01\/qr4life.png\" class=\"attachment-large size-large wp-image-4005\" alt=\"qr4life\" \/>\t\t\t\t\t\t\t\t\t\t\t\t\t\t\t<\/div>\n\t\t\t\t<\/div>\n\t\t\t\t<div class=\"elementor-element elementor-element-e7265fe elementor-widget__width-initial elementor-widget-tablet__width-initial elementor-widget elementor-widget-text-editor\" data-id=\"e7265fe\" data-element_type=\"widget\" data-e-type=\"widget\" data-widget_type=\"text-editor.default\">\n\t\t\t\t<div class=\"elementor-widget-container\">\n\t\t\t\t\t\t\t\t\t<p><a href=\"https:\/\/italy.4life.com\/12822746\/shop\" target=\"_blank\" rel=\"noopener\">https:\/\/italy.4life.com\/12822746\/shop<\/a><\/p>\t\t\t\t\t\t\t\t<\/div>\n\t\t\t\t<\/div>\n\t\t\t\t<\/div>\n\t\t\t\t\t<\/div>\n\t\t\t\t<\/div>\n\t\t\t\t<\/div>\n\t\t","protected":false},"excerpt":{"rendered":"<p>Il mio viaggio: dal cibo vero come base ai rinforzi scientificamente provati per la longevit\u00e0. Da anni Tribusana sostiene un principio chiaro: il cibo genuino \u00e8 importante. Come chef fondatore, ho sempre creduto che gli integratori non debbano mai sostituire il consumo di cibi veri, ricchi di nutrienti e fibre. Prendiamo il consumo di veri &#8230; <a title=\"Equilibrio\" class=\"read-more\" href=\"https:\/\/tribusana.com\/it\/equilibrio\/\" aria-label=\"Per saperne di pi\u00f9 su Equilibrio\">Leggi tutto<\/a><\/p>\n","protected":false},"author":7,"featured_media":0,"parent":0,"menu_order":0,"comment_status":"closed","ping_status":"closed","template":"elementor_header_footer","meta":{"_joinchat":[],"footnotes":""},"class_list":["post-4006","page","type-page","status-publish"],"yoast_head":"<!-- This site is optimized with the Yoast SEO plugin v26.8 - https:\/\/yoast.com\/product\/yoast-seo-wordpress\/ -->\n<title>Equilibrio - Tribusana<\/title>\n<meta name=\"robots\" content=\"index, follow, max-snippet:-1, max-image-preview:large, max-video-preview:-1\" \/>\n<link rel=\"canonical\" href=\"https:\/\/tribusana.com\/it\/equilibrio\/\" \/>\n<meta property=\"og:locale\" content=\"it_IT\" \/>\n<meta property=\"og:type\" content=\"article\" \/>\n<meta property=\"og:title\" content=\"Equilibrio - Tribusana\" \/>\n<meta property=\"og:description\" content=\"Il mio viaggio: dal cibo vero come base ai rinforzi scientificamente provati per la longevit\u00e0. Da anni Tribusana sostiene un principio chiaro: il cibo genuino \u00e8 importante. Come chef fondatore, ho sempre creduto che gli integratori non debbano mai sostituire il consumo di cibi veri, ricchi di nutrienti e fibre. Prendiamo il consumo di veri ... Leggi tutto\" \/>\n<meta property=\"og:url\" content=\"https:\/\/tribusana.com\/it\/equilibrio\/\" \/>\n<meta property=\"og:site_name\" content=\"Tribusana\" \/>\n<meta property=\"article:publisher\" content=\"https:\/\/www.facebook.com\/tribusanarevolution\/\" \/>\n<meta property=\"article:modified_time\" content=\"2026-01-23T09:05:03+00:00\" \/>\n<meta property=\"og:image\" content=\"https:\/\/tribusana.com\/wp-content\/uploads\/2026\/01\/Broccoli-vs-Supplement.jpg.jpeg\" \/>\n\t<meta property=\"og:image:width\" content=\"1536\" \/>\n\t<meta property=\"og:image:height\" content=\"1024\" \/>\n\t<meta property=\"og:image:type\" content=\"image\/jpeg\" \/>\n<meta name=\"twitter:card\" content=\"summary_large_image\" \/>\n<meta name=\"twitter:label1\" content=\"Tempo di lettura stimato\" \/>\n\t<meta name=\"twitter:data1\" content=\"2 minuti\" \/>\n<script type=\"application\/ld+json\" class=\"yoast-schema-graph\">{\"@context\":\"https:\/\/schema.org\",\"@graph\":[{\"@type\":\"WebPage\",\"@id\":\"https:\/\/tribusana.com\/it\/equilibrio\/\",\"url\":\"https:\/\/tribusana.com\/it\/equilibrio\/\",\"name\":\"Equilibrio - Tribusana\",\"isPartOf\":{\"@id\":\"https:\/\/tribusana.com\/it\/#website\"},\"primaryImageOfPage\":{\"@id\":\"https:\/\/tribusana.com\/it\/equilibrio\/#primaryimage\"},\"image\":{\"@id\":\"https:\/\/tribusana.com\/it\/equilibrio\/#primaryimage\"},\"thumbnailUrl\":\"https:\/\/tribusana.com\/wp-content\/uploads\/2026\/01\/Broccoli-vs-Supplement.jpg-1024x683.jpeg\",\"datePublished\":\"2026-01-22T18:00:09+00:00\",\"dateModified\":\"2026-01-23T09:05:03+00:00\",\"breadcrumb\":{\"@id\":\"https:\/\/tribusana.com\/it\/equilibrio\/#breadcrumb\"},\"inLanguage\":\"it-IT\",\"potentialAction\":[{\"@type\":\"ReadAction\",\"target\":[\"https:\/\/tribusana.com\/it\/equilibrio\/\"]}]},{\"@type\":\"ImageObject\",\"inLanguage\":\"it-IT\",\"@id\":\"https:\/\/tribusana.com\/it\/equilibrio\/#primaryimage\",\"url\":\"https:\/\/tribusana.com\/wp-content\/uploads\/2026\/01\/Broccoli-vs-Supplement.jpg-1024x683.jpeg\",\"contentUrl\":\"https:\/\/tribusana.com\/wp-content\/uploads\/2026\/01\/Broccoli-vs-Supplement.jpg-1024x683.jpeg\"},{\"@type\":\"BreadcrumbList\",\"@id\":\"https:\/\/tribusana.com\/it\/equilibrio\/#breadcrumb\",\"itemListElement\":[{\"@type\":\"ListItem\",\"position\":1,\"name\":\"Home\",\"item\":\"https:\/\/tribusana.com\/it\/\"},{\"@type\":\"ListItem\",\"position\":2,\"name\":\"Equilibrio\"}]},{\"@type\":\"WebSite\",\"@id\":\"https:\/\/tribusana.com\/it\/#website\",\"url\":\"https:\/\/tribusana.com\/it\/\",\"name\":\"Tribusana\",\"description\":\"Building Mindful Connections Through Real Food\",\"potentialAction\":[{\"@type\":\"SearchAction\",\"target\":{\"@type\":\"EntryPoint\",\"urlTemplate\":\"https:\/\/tribusana.com\/it\/?s={search_term_string}\"},\"query-input\":{\"@type\":\"PropertyValueSpecification\",\"valueRequired\":true,\"valueName\":\"search_term_string\"}}],\"inLanguage\":\"it-IT\"}]}<\/script>\n<!-- \/ Yoast SEO plugin. -->","yoast_head_json":{"title":"Equilibrio - Tribusana","robots":{"index":"index","follow":"follow","max-snippet":"max-snippet:-1","max-image-preview":"max-image-preview:large","max-video-preview":"max-video-preview:-1"},"canonical":"https:\/\/tribusana.com\/it\/equilibrio\/","og_locale":"it_IT","og_type":"article","og_title":"Equilibrio - Tribusana","og_description":"Il mio viaggio: dal cibo vero come base ai rinforzi scientificamente provati per la longevit\u00e0. Da anni Tribusana sostiene un principio chiaro: il cibo genuino \u00e8 importante. Come chef fondatore, ho sempre creduto che gli integratori non debbano mai sostituire il consumo di cibi veri, ricchi di nutrienti e fibre. Prendiamo il consumo di veri ... Leggi tutto","og_url":"https:\/\/tribusana.com\/it\/equilibrio\/","og_site_name":"Tribusana","article_publisher":"https:\/\/www.facebook.com\/tribusanarevolution\/","article_modified_time":"2026-01-23T09:05:03+00:00","og_image":[{"width":1536,"height":1024,"url":"https:\/\/tribusana.com\/wp-content\/uploads\/2026\/01\/Broccoli-vs-Supplement.jpg.jpeg","type":"image\/jpeg"}],"twitter_card":"summary_large_image","twitter_misc":{"Tempo di lettura stimato":"2 minuti"},"schema":{"@context":"https:\/\/schema.org","@graph":[{"@type":"WebPage","@id":"https:\/\/tribusana.com\/it\/equilibrio\/","url":"https:\/\/tribusana.com\/it\/equilibrio\/","name":"Equilibrio - Tribusana","isPartOf":{"@id":"https:\/\/tribusana.com\/it\/#website"},"primaryImageOfPage":{"@id":"https:\/\/tribusana.com\/it\/equilibrio\/#primaryimage"},"image":{"@id":"https:\/\/tribusana.com\/it\/equilibrio\/#primaryimage"},"thumbnailUrl":"https:\/\/tribusana.com\/wp-content\/uploads\/2026\/01\/Broccoli-vs-Supplement.jpg-1024x683.jpeg","datePublished":"2026-01-22T18:00:09+00:00","dateModified":"2026-01-23T09:05:03+00:00","breadcrumb":{"@id":"https:\/\/tribusana.com\/it\/equilibrio\/#breadcrumb"},"inLanguage":"it-IT","potentialAction":[{"@type":"ReadAction","target":["https:\/\/tribusana.com\/it\/equilibrio\/"]}]},{"@type":"ImageObject","inLanguage":"it-IT","@id":"https:\/\/tribusana.com\/it\/equilibrio\/#primaryimage","url":"https:\/\/tribusana.com\/wp-content\/uploads\/2026\/01\/Broccoli-vs-Supplement.jpg-1024x683.jpeg","contentUrl":"https:\/\/tribusana.com\/wp-content\/uploads\/2026\/01\/Broccoli-vs-Supplement.jpg-1024x683.jpeg"},{"@type":"BreadcrumbList","@id":"https:\/\/tribusana.com\/it\/equilibrio\/#breadcrumb","itemListElement":[{"@type":"ListItem","position":1,"name":"Home","item":"https:\/\/tribusana.com\/it\/"},{"@type":"ListItem","position":2,"name":"Equilibrio"}]},{"@type":"WebSite","@id":"https:\/\/tribusana.com\/it\/#website","url":"https:\/\/tribusana.com\/it\/","name":"Tribusana","description":"Building Mindful Connections Through Real Food","potentialAction":[{"@type":"SearchAction","target":{"@type":"EntryPoint","urlTemplate":"https:\/\/tribusana.com\/it\/?s={search_term_string}"},"query-input":{"@type":"PropertyValueSpecification","valueRequired":true,"valueName":"search_term_string"}}],"inLanguage":"it-IT"}]}},"_links":{"self":[{"href":"https:\/\/tribusana.com\/it\/wp-json\/wp\/v2\/pages\/4006","targetHints":{"allow":["GET"]}}],"collection":[{"href":"https:\/\/tribusana.com\/it\/wp-json\/wp\/v2\/pages"}],"about":[{"href":"https:\/\/tribusana.com\/it\/wp-json\/wp\/v2\/types\/page"}],"author":[{"embeddable":true,"href":"https:\/\/tribusana.com\/it\/wp-json\/wp\/v2\/users\/7"}],"replies":[{"embeddable":true,"href":"https:\/\/tribusana.com\/it\/wp-json\/wp\/v2\/comments?post=4006"}],"version-history":[{"count":9,"href":"https:\/\/tribusana.com\/it\/wp-json\/wp\/v2\/pages\/4006\/revisions"}],"predecessor-version":[{"id":4045,"href":"https:\/\/tribusana.com\/it\/wp-json\/wp\/v2\/pages\/4006\/revisions\/4045"}],"wp:attachment":[{"href":"https:\/\/tribusana.com\/it\/wp-json\/wp\/v2\/media?parent=4006"}],"curies":[{"name":"wp","href":"https:\/\/api.w.org\/{rel}","templated":true}]}}