{"id":3537,"date":"2025-10-11T10:53:30","date_gmt":"2025-10-11T08:53:30","guid":{"rendered":"https:\/\/tribusana.com\/?page_id=3537"},"modified":"2026-04-22T09:42:30","modified_gmt":"2026-04-22T07:42:30","slug":"home-2","status":"publish","type":"page","link":"https:\/\/tribusana.com\/it\/home-2\/","title":{"rendered":"Inizio"},"content":{"rendered":"<h2>Dal Piatto al Pianeta: Coltivare uno stile di vita all&#8217;insegna del benessere e della sostenibilit\u00e0<\/h2>\n<p>Diamo forza alle persone e alle loro famiglie con strategie, consigli e ricette che trasformeranno le loro cucine nel cuore pulsante della casa.<\/p>\n<h2>Nostra missione<\/h2>\n<p>In Tribusana <b>promuoviamo il cambiamento a partire dall\u2019interno delle nostre case verso l\u2019esterno<\/b>, perch\u00e9 crediamo che la vera sostenibilit\u00e0 e il benessere inizino trasformando le nostre cucine nel cuore pulsante delle nostre famiglie.<b> Ispiriamo le persone a comprendere che le scelte che facciamo ogni giorno iniziano dalla nostra tavola<\/b>, e che queste possono avere un impatto duraturo sulla nostra salute a lungo termine e su quella del pianeta.<\/p>\n<p>Aiutiamo organizzazioni, scuole e famiglie a riconoscere i 5 Dolori che, silenziosamente, indeboliscono il benessere e la sostenibilit\u00e0, portando consapevolezza e azione attraverso le nostre strategie, ricette e consigli che permettono a tutti di abbracciare i 5 Pilastri del Cambiamento. In questo modo accompagniamo dai pi\u00f9 piccoli ai pi\u00f9 grandi nel prendere coscienza e nel riallineare le proprie priorit\u00e0 verso uno stile di vita pi\u00f9 consapevole e resiliente. <\/p>\n<p>La sostenibilit\u00e0 non \u00e8 solo un obiettivo aziendale o scolastico; \u00e8 una pratica umana quotidiana.<br \/>\u00c8 quel \u201cpiccolo granello di sabbia\u201d che, collettivamente, pu\u00f2 fare una grande differenza.  <\/p>\n<p><b>Quando i dipendenti o gli studenti portano abitudini consapevoli nelle loro case, amplificano la missione della loro azienda o scuola e contribuiscono a costruire un pianeta pi\u00f9 sano e sostenibile per tutti.<\/b><\/p>\n<p>\t\t\t\t\t\t\t\t\t\t\t\t\t\t\t<img fetchpriority=\"high\" decoding=\"async\" width=\"1131\" height=\"1600\" src=\"https:\/\/tribusana.com\/wp-content\/uploads\/2024\/09\/WhatsApp-Image-2024-09-20-at-14.09.54-2-2.jpeg\" alt=\"I 5 dolori: Dipendenze, confusione, vittime, priorit\u00e0 sbagliate, normalizzazione delle cattive abitudini\" srcset=\"https:\/\/tribusana.com\/wp-content\/uploads\/2024\/09\/WhatsApp-Image-2024-09-20-at-14.09.54-2-2.jpeg 1131w, https:\/\/tribusana.com\/wp-content\/uploads\/2024\/09\/WhatsApp-Image-2024-09-20-at-17.14.18-1-212x300.jpeg 212w, https:\/\/tribusana.com\/wp-content\/uploads\/2024\/09\/WhatsApp-Image-2024-09-20-at-17.14.18-1-724x1024.jpeg 724w, https:\/\/tribusana.com\/wp-content\/uploads\/2024\/09\/WhatsApp-Image-2024-09-20-at-17.14.18-1-768x1086.jpeg 768w, https:\/\/tribusana.com\/wp-content\/uploads\/2024\/09\/WhatsApp-Image-2024-09-20-at-17.14.18-1-1086x1536.jpeg 1086w, https:\/\/tribusana.com\/wp-content\/uploads\/2024\/09\/WhatsApp-Image-2024-09-20-at-17.14.18-1-600x849.jpeg 600w\" sizes=\"(max-width: 1131px) 100vw, 1131px\"><br \/>\n\t\t\t\t\t\t\t\t\t\t\t\t\t\t\t<img decoding=\"async\" width=\"1131\" height=\"1600\" src=\"https:\/\/tribusana.com\/wp-content\/uploads\/2024\/09\/WhatsApp-Image-2024-09-20-at-14.09.54.jpeg\" alt=\"I 5 pilastri del cambiamento: essere compassionevoli, essere creativi, essere curiosi, essere critici e costruire una comunit\u00e0.\" srcset=\"https:\/\/tribusana.com\/wp-content\/uploads\/2024\/09\/WhatsApp-Image-2024-09-20-at-14.09.54.jpeg 1131w, https:\/\/tribusana.com\/wp-content\/uploads\/2024\/09\/WhatsApp-Image-2024-09-20-at-17.14.18-212x300.jpeg 212w, https:\/\/tribusana.com\/wp-content\/uploads\/2024\/09\/WhatsApp-Image-2024-09-20-at-17.14.18-724x1024.jpeg 724w, https:\/\/tribusana.com\/wp-content\/uploads\/2024\/09\/WhatsApp-Image-2024-09-20-at-17.14.18-768x1086.jpeg 768w, https:\/\/tribusana.com\/wp-content\/uploads\/2024\/09\/WhatsApp-Image-2024-09-20-at-17.14.18-1086x1536.jpeg 1086w, https:\/\/tribusana.com\/wp-content\/uploads\/2024\/09\/WhatsApp-Image-2024-09-20-at-17.14.18-600x849.jpeg 600w\" sizes=\"(max-width: 1131px) 100vw, 1131px\">\t\t\t\t\t\t\t\t\t\t\t\t\t\t\t<\/p>\n<p>Attraverso il nostro workshop &#8220;Dolce Risveglio&#8221; cerchiamo di ricordare alle persone che mangiare pi\u00f9 sano in casa e intenzionalmente anche fuori casa non significa necessariamente rinunciare a ci\u00f2 che si ama.<b><\/b><\/p>\n<p>\t\t\t\t\t\t\t\t\t\t\t\t\t\t\t<img decoding=\"async\" width=\"1024\" height=\"576\" src=\"https:\/\/tribusana.com\/wp-content\/uploads\/2024\/09\/WhatsApp-Image-2024-09-19-at-17.46.49-1-1024x576.jpeg\" alt=\"Cosa intendiamo per dolce risveglio? Non \u00e8 costoso, non \u00e8 noioso, non \u00e8 insipido, non \u00e8 esigente, non \u00e8 una dieta ma uno stile di vita.\" srcset=\"https:\/\/tribusana.com\/wp-content\/uploads\/2024\/09\/WhatsApp-Image-2024-09-19-at-17.46.49-1-1024x576.jpeg 1024w, https:\/\/tribusana.com\/wp-content\/uploads\/2024\/09\/WhatsApp-Image-2024-09-20-at-17.18.44-300x169.jpeg 300w, https:\/\/tribusana.com\/wp-content\/uploads\/2024\/09\/WhatsApp-Image-2024-09-20-at-17.18.44-768x432.jpeg 768w, https:\/\/tribusana.com\/wp-content\/uploads\/2024\/09\/WhatsApp-Image-2024-09-20-at-17.18.44-1536x864.jpeg 1536w, https:\/\/tribusana.com\/wp-content\/uploads\/2024\/09\/WhatsApp-Image-2024-09-20-at-17.18.44-600x338.jpeg 600w, https:\/\/tribusana.com\/wp-content\/uploads\/2024\/09\/WhatsApp-Image-2024-09-20-at-17.18.44.jpeg 1600w\" sizes=\"(max-width: 1024px) 100vw, 1024px\">\t\t\t\t\t\t\t\t\t\t\t\t\t\t\t<\/p>\n<p>Siamo qui per ispirarvi a comprendere come il nostro percorso di vita possa riportare colore, creativit\u00e0 e connessione nelle nostre cucine. Si tratta di scegliere ingredienti che nutrono sia il nostro corpo che il pianeta allo stesso tempo, e di trasformare ogni pasto in un atto di cura, gioia e consapevolezza. Vogliamo ricordarvi che la vera dolcezza non deriva dallo zucchero, ma piuttosto dalla consapevolezza di quanto possano essere buoni il cibo genuino e una vita consapevole.  <b><\/b><\/p>\n<h2>Incontra Florencia<\/h2>\n<p>\t\t\t\t\t\t\t\t\t\t\t\t\t\t\t<img loading=\"lazy\" decoding=\"async\" width=\"976\" height=\"900\" src=\"https:\/\/tribusana.com\/wp-content\/uploads\/2024\/03\/florencia-two-boys.jpeg\" alt=\"Florencia con i suoi due figli\"><br \/>\n\t\t\t\t\t\t\t\t\t\t\t\t\t\t\t<img loading=\"lazy\" decoding=\"async\" width=\"1186\" height=\"900\" src=\"https:\/\/tribusana.com\/wp-content\/uploads\/2024\/03\/florencia-broccoli-cropped.jpeg\" alt=\"Florencia che tiene i broccoli\">\t\t\t\t\t\t\t\t\t\t\t\t\t\t\t<\/p>\n<p>Jambo, mia trib\u00f9!<\/p>\n<p>Voglio condividere con te la nostra storia perch\u00e9 vogliamo che tu diventi appassionato e sicuro nella tua cucina come lo siamo noi quando si tratta di preparare pasti semplici, sani e deliziosi insieme come famiglia.<\/p>\n<p>Sebbene io abbia studiato per diventare Chef Professionista nel 2018, ti parlo come madre di due piccoli Chef in crescita, che sono diventati la mia pi\u00f9 grande fonte di ispirazione.<\/p>\n<p><b>Con grande entusiasmo ti do il benvenuto nel mondo dell\u2019apprendimento sostenibile e pieno di sapore!<\/b><\/p>\n<p>Amo portare una prospettiva fresca in cucina e trasformare i pasti di ogni giorno in un viaggio di scoperta, connessione e rispetto per l\u2019ambiente.<\/p>\n<p>Come chef con molti anni di esperienza, sono specializzata nell\u2019aiutare le famiglie ad adottare abitudini alimentari sane, a sviluppare un rapporto consapevole con il cibo e a fare scelte sostenibili che favoriscano sia la salute che il pianeta.<\/p>\n<p>Con la passione di rendere la cucina un luogo di gioia e creativit\u00e0, anzich\u00e9 un compito monotono, offro corsi di cucina, laboratori educativi e conferenze che ispirano adulti e bambini a mangiare veri arcobaleni, ridurre gli sprechi alimentari e contribuire all\u2019azione per il clima, un boccone alla volta.<\/p>\n<p><strong>Per famiglie e scuole<\/strong> \u2013 Contattami e scopri come i miei corsi di cucina e il laboratorio \u201cMangiare Veri Arcobaleni\u201d possono portare allegria in cucina e ispirare scelte pi\u00f9 sostenibili.<\/p>\n<p><strong>Per team e aziende<\/strong> \u2013 Invitami al tuo evento aziendale: ti mostrer\u00f2 come la cucina consapevole pu\u00f2 migliorare il benessere, rafforzare il lavoro di squadra e sostenere un futuro pi\u00f9 sostenibile.<\/p>\n<p>\t\t\t\t\t<a href=\"https:\/\/tribusana.com\/it\/prenota-una-chiamata\/\"><br \/>\n Prenota una call<br \/>\n\t\t\t\t\t<\/a><\/p>\n<h2>I nostri clienti<\/h2>\n<p>Ecco cosa dicono i nostri clienti dopo aver partecipato a uno dei nostri workshop, eventi di presentazione o corsi di cucina interattivi:<\/p>\n<p> Grazie per aver reso la nostra famiglia pi\u00f9 consapevole dell&#8217;importanza di mangiare i colori dell&#8217;arcobaleno. L&#8217;altro giorno, mio figlio mi ha chiesto se poteva mangiare pi\u00f9 spinaci per essere veloce e forte prima della sua prima gara di BMX. Si vede che ha ben presenti i benefici di mangiare le verdure.<br \/>\nOrsi, Mutxamel, Spagna<br \/>Florencia mi ha mostrato che esiste un modo semplice per vivere in modo pi\u00f9 sano e pieno di colore, in armonia con l\u2019ambiente e rispettando la stagionalit\u00e0. Anche per professionisti di lunga esperienza come me! \u00c8 stato un bellissimo percorso.<br \/>\nLuisa, Bruxelles, Belgio<br \/>\u201cCome padre single, non ho molto tempo per cucinare o per imparare tante nuove ricette sane. La tua ricetta della granola mi ha davvero salvato la vita, perch\u00e9 la preparo una volta a settimana e cos\u00ec ho sempre un\u2019opzione sana per la colazione, il dessert o uno spuntino. Ho anche imparato a trasformarla in biscotti per i bambini.\u201d<br \/>\nAntonio, Alicante, Spagna<br \/>Dovresti proprio provare questa ricetta, \u00e8 fantastica. \u00c8 semplice, sana e davvero deliziosa. Voglio solo ringraziare Tribusana per l\u2019ispirazione.<br \/>\n Giona (14 anni), Roma, Italia<br \/>\n\t\t\t\t\t\t\t\t\t\t\t\t\t\t\t<img loading=\"lazy\" decoding=\"async\" width=\"1414\" height=\"2000\" src=\"https:\/\/tribusana.com\/wp-content\/uploads\/2024\/04\/The_3_Must_Have_Noble_Recipes_ENG-2024-3.png\" alt=\"\" srcset=\"https:\/\/tribusana.com\/wp-content\/uploads\/2024\/04\/The_3_Must_Have_Noble_Recipes_ENG-2024-3.png 1414w, https:\/\/tribusana.com\/wp-content\/uploads\/2024\/04\/The_3_Must_Have_Noble_Recipes_ENG-2024-3-212x300.png 212w, https:\/\/tribusana.com\/wp-content\/uploads\/2024\/04\/The_3_Must_Have_Noble_Recipes_ENG-2024-3-724x1024.png 724w, https:\/\/tribusana.com\/wp-content\/uploads\/2024\/04\/The_3_Must_Have_Noble_Recipes_ENG-2024-3-768x1086.png 768w, https:\/\/tribusana.com\/wp-content\/uploads\/2024\/04\/The_3_Must_Have_Noble_Recipes_ENG-2024-3-1086x1536.png 1086w, https:\/\/tribusana.com\/wp-content\/uploads\/2024\/04\/The_3_Must_Have_Noble_Recipes_ENG-2024-3-600x849.png 600w\" sizes=\"(max-width: 1414px) 100vw, 1414px\">\t\t\t\t\t\t\t\t\t\t\t\t\t\t\t<\/p>\n<h2>Unisciti alla Nostra Trib\u00f9<\/h2>\n<p>Iscriviti alla nostra newsletter e ricevi una copia gratuita dell&#8217;ebook con le 3 ricette essenziali di Noble.<\/p>\n                <div class=\"ml-embedded\" data-form=\"JB4QoL\"><\/div>\n            \n","protected":false},"excerpt":{"rendered":"<p>Dal Piatto al Pianeta: Coltivare uno stile di vita all&#8217;insegna del benessere e della sostenibilit\u00e0 Diamo forza alle persone e alle loro famiglie con strategie, consigli e ricette che trasformeranno le loro cucine nel cuore pulsante della casa. Nostra missione In Tribusana promuoviamo il cambiamento a partire dall\u2019interno delle nostre case verso l\u2019esterno, perch\u00e9 crediamo &#8230; <a title=\"Inizio\" class=\"read-more\" href=\"https:\/\/tribusana.com\/it\/home-2\/\" aria-label=\"Per saperne di pi\u00f9 su Inizio\">Leggi tutto<\/a><\/p>\n","protected":false},"author":2,"featured_media":0,"parent":0,"menu_order":0,"comment_status":"closed","ping_status":"closed","template":"","meta":{"_joinchat":[],"footnotes":""},"class_list":["post-3537","page","type-page","status-publish"],"yoast_head":"<!-- This site is optimized with the Yoast SEO plugin v27.4 - https:\/\/yoast.com\/product\/yoast-seo-wordpress\/ -->\n<title>Inizio - Tribusana<\/title>\n<meta name=\"description\" content=\"Unisciti alla cucina di Tribusana, pensata per tutta la famiglia: cucina sana per famiglie, ricette colorate, idee pratiche per i pasti e tanta ispirazione genuina per prenderti cura delle persone che ami.\" \/>\n<meta name=\"robots\" content=\"index, follow, max-snippet:-1, max-image-preview:large, max-video-preview:-1\" \/>\n<link rel=\"canonical\" href=\"https:\/\/tribusana.com\/it\/home-2\/\" \/>\n<meta property=\"og:locale\" content=\"it_IT\" \/>\n<meta property=\"og:type\" content=\"article\" \/>\n<meta property=\"og:title\" content=\"Inizio - Tribusana\" \/>\n<meta property=\"og:description\" content=\"Unisciti alla cucina di Tribusana, pensata per tutta la famiglia: cucina sana per famiglie, ricette colorate, idee pratiche per i pasti e tanta ispirazione genuina per prenderti cura delle persone che ami.\" \/>\n<meta property=\"og:url\" content=\"https:\/\/tribusana.com\/it\/home-2\/\" \/>\n<meta property=\"og:site_name\" content=\"Tribusana\" \/>\n<meta property=\"article:publisher\" content=\"https:\/\/www.facebook.com\/tribusanarevolution\/\" \/>\n<meta property=\"article:modified_time\" content=\"2026-04-22T07:42:30+00:00\" \/>\n<meta property=\"og:image\" content=\"https:\/\/tribusana.com\/wp-content\/uploads\/2024\/03\/cropped-WhatsApp-Image-2024-03-05-at-14.59.54.jpeg\" \/>\n\t<meta property=\"og:image:width\" content=\"512\" \/>\n\t<meta property=\"og:image:height\" content=\"512\" \/>\n\t<meta property=\"og:image:type\" content=\"image\/jpeg\" \/>\n<meta name=\"twitter:card\" content=\"summary_large_image\" \/>\n<meta name=\"twitter:label1\" content=\"Tempo di lettura stimato\" \/>\n\t<meta name=\"twitter:data1\" content=\"6 minuti\" \/>\n<script type=\"application\/ld+json\" class=\"yoast-schema-graph\">{\"@context\":\"https:\\\/\\\/schema.org\",\"@graph\":[{\"@type\":\"WebPage\",\"@id\":\"https:\\\/\\\/tribusana.com\\\/it\\\/home-2\\\/\",\"url\":\"https:\\\/\\\/tribusana.com\\\/it\\\/home-2\\\/\",\"name\":\"Inizio - Tribusana\",\"isPartOf\":{\"@id\":\"https:\\\/\\\/tribusana.com\\\/it\\\/#website\"},\"primaryImageOfPage\":{\"@id\":\"https:\\\/\\\/tribusana.com\\\/it\\\/home-2\\\/#primaryimage\"},\"image\":{\"@id\":\"https:\\\/\\\/tribusana.com\\\/it\\\/home-2\\\/#primaryimage\"},\"thumbnailUrl\":\"https:\\\/\\\/tribusana.com\\\/wp-content\\\/uploads\\\/2024\\\/09\\\/WhatsApp-Image-2024-09-20-at-14.09.54-2-2.jpeg\",\"datePublished\":\"2025-10-11T08:53:30+00:00\",\"dateModified\":\"2026-04-22T07:42:30+00:00\",\"description\":\"Unisciti alla cucina di Tribusana, pensata per tutta la famiglia: cucina sana per famiglie, ricette colorate, idee pratiche per i pasti e tanta ispirazione genuina per prenderti cura delle persone che ami.\",\"breadcrumb\":{\"@id\":\"https:\\\/\\\/tribusana.com\\\/it\\\/home-2\\\/#breadcrumb\"},\"inLanguage\":\"it-IT\",\"potentialAction\":[{\"@type\":\"ReadAction\",\"target\":[\"https:\\\/\\\/tribusana.com\\\/it\\\/home-2\\\/\"]}]},{\"@type\":\"ImageObject\",\"inLanguage\":\"it-IT\",\"@id\":\"https:\\\/\\\/tribusana.com\\\/it\\\/home-2\\\/#primaryimage\",\"url\":\"https:\\\/\\\/tribusana.com\\\/wp-content\\\/uploads\\\/2024\\\/09\\\/WhatsApp-Image-2024-09-20-at-14.09.54-2-2.jpeg\",\"contentUrl\":\"https:\\\/\\\/tribusana.com\\\/wp-content\\\/uploads\\\/2024\\\/09\\\/WhatsApp-Image-2024-09-20-at-14.09.54-2-2.jpeg\"},{\"@type\":\"BreadcrumbList\",\"@id\":\"https:\\\/\\\/tribusana.com\\\/it\\\/home-2\\\/#breadcrumb\",\"itemListElement\":[{\"@type\":\"ListItem\",\"position\":1,\"name\":\"Home\",\"item\":\"https:\\\/\\\/tribusana.com\\\/it\\\/\"},{\"@type\":\"ListItem\",\"position\":2,\"name\":\"Inizio\"}]},{\"@type\":\"WebSite\",\"@id\":\"https:\\\/\\\/tribusana.com\\\/it\\\/#website\",\"url\":\"https:\\\/\\\/tribusana.com\\\/it\\\/\",\"name\":\"Tribusana\",\"description\":\"Building Mindful Connections Through Real Food\",\"potentialAction\":[{\"@type\":\"SearchAction\",\"target\":{\"@type\":\"EntryPoint\",\"urlTemplate\":\"https:\\\/\\\/tribusana.com\\\/it\\\/?s={search_term_string}\"},\"query-input\":{\"@type\":\"PropertyValueSpecification\",\"valueRequired\":true,\"valueName\":\"search_term_string\"}}],\"inLanguage\":\"it-IT\"}]}<\/script>\n<!-- \/ Yoast SEO plugin. -->","yoast_head_json":{"title":"Inizio - Tribusana","description":"Unisciti alla cucina di Tribusana, pensata per tutta la famiglia: cucina sana per famiglie, ricette colorate, idee pratiche per i pasti e tanta ispirazione genuina per prenderti cura delle persone che ami.","robots":{"index":"index","follow":"follow","max-snippet":"max-snippet:-1","max-image-preview":"max-image-preview:large","max-video-preview":"max-video-preview:-1"},"canonical":"https:\/\/tribusana.com\/it\/home-2\/","og_locale":"it_IT","og_type":"article","og_title":"Inizio - Tribusana","og_description":"Unisciti alla cucina di Tribusana, pensata per tutta la famiglia: cucina sana per famiglie, ricette colorate, idee pratiche per i pasti e tanta ispirazione genuina per prenderti cura delle persone che ami.","og_url":"https:\/\/tribusana.com\/it\/home-2\/","og_site_name":"Tribusana","article_publisher":"https:\/\/www.facebook.com\/tribusanarevolution\/","article_modified_time":"2026-04-22T07:42:30+00:00","og_image":[{"width":512,"height":512,"url":"https:\/\/tribusana.com\/wp-content\/uploads\/2024\/03\/cropped-WhatsApp-Image-2024-03-05-at-14.59.54.jpeg","type":"image\/jpeg"}],"twitter_card":"summary_large_image","twitter_misc":{"Tempo di lettura stimato":"6 minuti"},"schema":{"@context":"https:\/\/schema.org","@graph":[{"@type":"WebPage","@id":"https:\/\/tribusana.com\/it\/home-2\/","url":"https:\/\/tribusana.com\/it\/home-2\/","name":"Inizio - Tribusana","isPartOf":{"@id":"https:\/\/tribusana.com\/it\/#website"},"primaryImageOfPage":{"@id":"https:\/\/tribusana.com\/it\/home-2\/#primaryimage"},"image":{"@id":"https:\/\/tribusana.com\/it\/home-2\/#primaryimage"},"thumbnailUrl":"https:\/\/tribusana.com\/wp-content\/uploads\/2024\/09\/WhatsApp-Image-2024-09-20-at-14.09.54-2-2.jpeg","datePublished":"2025-10-11T08:53:30+00:00","dateModified":"2026-04-22T07:42:30+00:00","description":"Unisciti alla cucina di Tribusana, pensata per tutta la famiglia: cucina sana per famiglie, ricette colorate, idee pratiche per i pasti e tanta ispirazione genuina per prenderti cura delle persone che ami.","breadcrumb":{"@id":"https:\/\/tribusana.com\/it\/home-2\/#breadcrumb"},"inLanguage":"it-IT","potentialAction":[{"@type":"ReadAction","target":["https:\/\/tribusana.com\/it\/home-2\/"]}]},{"@type":"ImageObject","inLanguage":"it-IT","@id":"https:\/\/tribusana.com\/it\/home-2\/#primaryimage","url":"https:\/\/tribusana.com\/wp-content\/uploads\/2024\/09\/WhatsApp-Image-2024-09-20-at-14.09.54-2-2.jpeg","contentUrl":"https:\/\/tribusana.com\/wp-content\/uploads\/2024\/09\/WhatsApp-Image-2024-09-20-at-14.09.54-2-2.jpeg"},{"@type":"BreadcrumbList","@id":"https:\/\/tribusana.com\/it\/home-2\/#breadcrumb","itemListElement":[{"@type":"ListItem","position":1,"name":"Home","item":"https:\/\/tribusana.com\/it\/"},{"@type":"ListItem","position":2,"name":"Inizio"}]},{"@type":"WebSite","@id":"https:\/\/tribusana.com\/it\/#website","url":"https:\/\/tribusana.com\/it\/","name":"Tribusana","description":"Building Mindful Connections Through Real Food","potentialAction":[{"@type":"SearchAction","target":{"@type":"EntryPoint","urlTemplate":"https:\/\/tribusana.com\/it\/?s={search_term_string}"},"query-input":{"@type":"PropertyValueSpecification","valueRequired":true,"valueName":"search_term_string"}}],"inLanguage":"it-IT"}]}},"_links":{"self":[{"href":"https:\/\/tribusana.com\/it\/wp-json\/wp\/v2\/pages\/3537","targetHints":{"allow":["GET"]}}],"collection":[{"href":"https:\/\/tribusana.com\/it\/wp-json\/wp\/v2\/pages"}],"about":[{"href":"https:\/\/tribusana.com\/it\/wp-json\/wp\/v2\/types\/page"}],"author":[{"embeddable":true,"href":"https:\/\/tribusana.com\/it\/wp-json\/wp\/v2\/users\/2"}],"replies":[{"embeddable":true,"href":"https:\/\/tribusana.com\/it\/wp-json\/wp\/v2\/comments?post=3537"}],"version-history":[{"count":55,"href":"https:\/\/tribusana.com\/it\/wp-json\/wp\/v2\/pages\/3537\/revisions"}],"predecessor-version":[{"id":5830,"href":"https:\/\/tribusana.com\/it\/wp-json\/wp\/v2\/pages\/3537\/revisions\/5830"}],"wp:attachment":[{"href":"https:\/\/tribusana.com\/it\/wp-json\/wp\/v2\/media?parent=3537"}],"curies":[{"name":"wp","href":"https:\/\/api.w.org\/{rel}","templated":true}]}}