{"id":2668,"date":"2024-02-15T11:03:39","date_gmt":"2024-02-15T11:03:39","guid":{"rendered":"https:\/\/tribusana.com\/informativa-sulla-privacy\/"},"modified":"2024-09-21T11:13:38","modified_gmt":"2024-09-21T11:13:38","slug":"informativa-sulla-privacy","status":"publish","type":"page","link":"https:\/\/tribusana.com\/it\/informativa-sulla-privacy\/","title":{"rendered":"Informativa sulla privacy"},"content":{"rendered":"\t\t<div data-elementor-type=\"wp-page\" data-elementor-id=\"2668\" class=\"elementor elementor-2668 elementor-126\" data-elementor-post-type=\"page\">\n\t\t\t\t<div class=\"elementor-element elementor-element-5e0ed24 e-flex e-con-boxed e-con e-parent\" data-id=\"5e0ed24\" data-element_type=\"container\" data-e-type=\"container\">\n\t\t\t\t\t<div class=\"e-con-inner\">\n\t\t\t\t<div class=\"elementor-element elementor-element-2f1c3c6 elementor-widget elementor-widget-heading\" data-id=\"2f1c3c6\" data-element_type=\"widget\" data-e-type=\"widget\" data-widget_type=\"heading.default\">\n\t\t\t\t<div class=\"elementor-widget-container\">\n\t\t\t\t\t<h2 class=\"elementor-heading-title elementor-size-default\">Informativa sulla privacy<\/h2>\t\t\t\t<\/div>\n\t\t\t\t<\/div>\n\t\t\t\t<div class=\"elementor-element elementor-element-ebece65 elementor-widget elementor-widget-text-editor\" data-id=\"ebece65\" data-element_type=\"widget\" data-e-type=\"widget\" data-widget_type=\"text-editor.default\">\n\t\t\t\t<div class=\"elementor-widget-container\">\n\t\t\t\t\t\t\t\t\t<p><strong>INTRODUZIONE<\/strong><\/p>\n<p>La vostra privacy \u00e8 importante per noi, quindi in questo documento spieghiamo quali dati raccogliamo dagli utenti, come li utilizziamo e per quali scopi, tra le altre indicazioni. I maggiori di 14 anni possono registrarsi come utenti senza il previo consenso dei genitori, dei tutori o dei rappresentanti legali. Nel caso di minori di et\u00e0 inferiore ai 14 anni o identificati come &#8220;legalmente incapaci&#8221;, avremo sempre bisogno del consenso dei genitori, del tutore o del rappresentante legale.<\/p>\n<p>Per quanto riguarda le vostre informazioni, non vi chiederemo mai pi\u00f9 informazioni di quelle effettivamente necessarie per i servizi richiesti; non le condivideremo mai con terzi, se non per obbligo di legge o previa vostra autorizzazione; e non utilizzeremo mai i vostri dati per altri scopi non precedentemente indicati.<\/p>\n<p>In qualit\u00e0 di utente, dovresti leggere attentamente la presente informativa sulla privacy con regolarit\u00e0 e ogni volta che inserisci i tuoi dati personali, poich\u00e9 questo documento pu\u00f2 essere modificato in quanto il fornitore pu\u00f2 modificare qualsiasi tipo di informazione che possa apparire sul web per conformarsi alle normative o aggiornare l&#8217;informativa, senza che vi sia l&#8217;obbligo di notificare o informare preventivamente gli utenti di tali obblighi, essendo sufficiente la pubblicazione sul sito web del fornitore.<\/p>\n<p><strong>RESPONSABILE DEL TRATTAMENTO<\/strong><\/p>\n<p>Zulberti in qualit\u00e0 di responsabile del Sito, in conformit\u00e0 con quanto previsto dal Regolamento (UE) 2016\/679 del 27 aprile 2016 (RGPD), dalla Legge Organica 3\/2018 del 5 dicembre (LOPDGDD) e dalle altre norme giuridiche vigenti in materia di protezione dei dati personali, nonch\u00e9 dalla Legge 34\/2002, dell&#8217;11 luglio, sui Servizi della Societ\u00e0 dell&#8217;Informazione e del Commercio Elettronico (LSSICE), informa di aver implementato le necessarie misure di sicurezza, di natura tecnica e organizzativa, per garantire e proteggere la riservatezza, l&#8217;integrit\u00e0 e la disponibilit\u00e0 dei dati inseriti.<br \/>\u2013 attraverso il modulo di contatto: nome, email.<br \/>\u2013 attraverso il modulo di registrazione: nome, email, telefono, indirizzo completo.<br \/>\u2013 utilizzando il modulo di iscrizione alla newsletter: nome, email.<br \/>\u2013 iscrivendosi al forum e\/o ai commenti: nome, email.<br \/>\u2013 utilizzando il modulo di raccolta dati per l&#8217;ecommerce: nome, indirizzo, email, telefono, dati bancari o informazioni su una carta di credito o debito.<br \/>Le categorie di dati particolarmente protette non vengono trattate<\/p>\n<p><strong>SCOPO DEL TRATTAMENTO<\/strong><\/p>\n<p>I tuoi dati personali saranno utilizzati solo per i seguenti scopi, dando il consenso per ciascuno degli scopi nella corrispondente sezione del sito web:<br \/>\u2013 modulo di contatto: per rispondere a richieste e\/o fornire le informazioni richieste dall&#8217;Utente;<br \/>\u2013 modulo di registrazione: per la creazione di un account utente e per accedere alle funzionalit\u00e0 del sito;<br \/>\u2013 modulo di iscrizione alla newsletter: per inviare comunicazioni pubblicitarie commerciali via email, SMS, comunit\u00e0 sociali o qualsiasi altro mezzo elettronico o fisico, se l&#8217;Utente ha espressamente acconsentito a ci\u00f2;<\/p>\n<p>\u2013 iscrizione al forum e\/o commenti nello stesso: quando l&#8217;utente si \u00e8 registrato nel forum, potr\u00e0 commentare al suo interno, sia per porre domande che per rispondere a domande;<br \/>\u2013 Se contratti il servizio\/acquisti il prodotto attraverso il nostro sito doctoragua.es, ti chiederemo di fornirci informazioni su di te, inclusi nome, informazioni di contatto e informazioni su una carta di credito o debito.<br \/>Altri scopi:<br \/>\u2013 Eseguire le procedure commerciali, amministrative, fiscali e contabili necessarie secondo la legislazione vigente;<br \/>\u2013 Conoscere la tua opinione e migliorare i servizi offerti dal sito;<br \/>\u2013 Eseguire analisi dei profili e della usabilit\u00e0 del sito, tramite cookie (menzionati nella politica sui cookie);<br \/>\u2013 Reti sociali: l&#8217;uso delle reti sociali \u00e8 specificato nella sezione corrispondente.<br \/>Puoi revocare il tuo consenso in qualsiasi momento inviando una lettera con l&#8217;oggetto \u201cDisiscrizione\u201d all&#8217;email indicata. Secondo la LSSICE, Florencia Zulberti. non effettua pratiche di SPAM, pertanto non invia e-mail commerciali che non siano state preventivamente richieste o autorizzate dall&#8217;Utente. Di conseguenza, in tutte le comunicazioni che ricever\u00e0 dal fornitore, l&#8217;utente ha la possibilit\u00e0 di revocare il proprio consenso espresso a ricevere le nostre comunicazioni.<br \/>Non tratteremo i tuoi dati personali per alcun altro scopo oltre a quelli descritti, tranne in caso di obbligo legale o richiesta giudiziaria.<br \/>Non sar\u00e0 oggetto di decisioni basate su trattamenti automatizzati che producono effetti sui tuoi dati.<\/p>\n<p><strong>LEGITTIMAZIONE DEL TRATTAMENTO<\/strong><\/p>\n<p>La base giuridica per il trattamento dei dati \u00e8 il vostro consenso concesso al momento del conferimento dei dati nel modulo corrispondente per l&#8217;esecuzione delle finalit\u00e0, al momento della marcatura della casella di controllo.<br \/>L&#8217;offerta prospettica o commerciale di prodotti e servizi si basa sul consenso richiesto, senza che in nessun caso la revoca di tale consenso possa condizionare l&#8217;esecuzione del contratto di abbonamento.<br \/>Il mancato conferimento dei dati personali richiesti o la mancata accettazione della presente informativa sulla privacy comporta l&#8217;impossibilit\u00e0 di raggiungere le finalit\u00e0 sopra descritte.<br \/>Nei casi in cui esista un precedente rapporto contrattuale tra le parti, la legittimazione per lo sviluppo degli obblighi amministrativi, fiscali e contabili necessari ai sensi della normativa vigente sar\u00e0 la precedente esistenza del rapporto commerciale instaurato tra le parti.<\/p>\n<p><strong>PERIODO DI CONSERVAZIONE DEI DATI:<\/strong><\/p>\n<p>I vostri dati saranno conservati per tutta la durata del rapporto commerciale con noi o se eserciterete il vostro diritto di cancellazione, opposizione o revoca del consenso. Anche se avete esercitato correttamente i vostri diritti, dobbiamo conservare i vostri dati debitamente bloccati per la durata dei periodi legalmente previsti dalle disposizioni applicabili.<\/p>\n<p><strong>DESTINATARI DI INCARICHI O TRASFERIMENTI:<\/strong><\/p>\n<p>Florencia Zulberti non effettua alcun trasferimento o comunicazione di dati n\u00e9 all&#8217;interno n\u00e9 all&#8217;esterno dell&#8217;UE. Il provider fornir\u00e0 le informazioni solo alle forze di sicurezza e agli organismi su ordine giudiziario o per obbligo di una norma giuridica, senza che ci\u00f2 pregiudichi la possibilit\u00e0 di bloccare o cancellare l&#8217;account dell&#8217;utente qualora vi siano indizi di commissione di un reato da parte dell&#8217;utente. Le informazioni fornite saranno solo quelle disponibili al fornitore in quel momento.<br \/>Le informazioni che ci fornisci sia attraverso questo sito web saranno ospitate sui server di Florencia Zulberti, contrattati con la societ\u00e0 Mugikor App, che fornisce il servizio di hosting web. Il trattamento dei dati dell&#8217;entit\u00e0 \u00e8 regolato mediante un contratto per il responsabile del trattamento tra il fornitore e questa azienda. <\/p>\n<p><strong>DIRITTI DELLE PERSONE INTERESSATE:<\/strong><\/p>\n<p>In qualit\u00e0 di utente interessato, \u00e8 possibile richiedere l&#8217;esercizio dei seguenti diritti a Florencia Zulberti inviando una lettera all&#8217;indirizzo postale dell&#8217;intestazione o inviando una e-mail a info@tribusana.com, indicando come Oggetto: &#8220;PROTEZIONE DEI DATI: DIRITTI DELL&#8217;INTERESSATO&#8221;, e allegando una fotocopia del proprio documento d&#8217;identit\u00e0 o qualsiasi altro mezzo analogo, come indicato dalla legge.<br \/>Diritti:<br \/>Diritto di accesso: consente all&#8217;interessato di conoscere e ottenere informazioni sui propri dati personali soggetti a trattamento.<br \/>Diritto di rettifica o cancellazione: consente di correggere gli errori e modificare i dati che risultano inesatti o incompleti.<br \/>Diritto di cancellazione: consente di cancellare i dati inadeguati o eccessivi.<\/p>\n<p>Diritto di opposizione: diritto dell&#8217;interessato a non effettuare il trattamento dei propri dati personali o a bloccarlo.<br \/>Limitazione del trattamento: comporta la marcatura dei dati personali conservati, al fine di limitarne il trattamento futuro, per l&#8217;esercizio o la difesa dei diritti.<br \/>Portabilit\u00e0 dei dati: facilitazione dei dati oggetto di trattamento all&#8217;interessato, in modo che possa trasmetterli ad un altro incaricato, senza impedimenti.<br \/>Diritto di non essere sottoposto a decisioni individuali automatizzate (compresa la profilazione): diritto di non essere sottoposto a una decisione basata su un trattamento automatizzato che produca effetti o incida significativamente.<br \/>L&#8217;utente ha il diritto di revocare il consenso prestato in qualsiasi momento. La revoca del consenso non pregiudica la legalit\u00e0 del trattamento effettuato prima della revoca. Avete anche il diritto di presentare un reclamo all&#8217;autorit\u00e0 di controllo se ritenete che i vostri diritti siano stati violati in relazione alla protezione dei vostri dati (www.aepd.es).<\/p>\n<p><strong>INFORMAZIONI AGGIUNTIVE:<\/strong><\/p>\n<p><strong>MISURE DI SICUREZZA:<\/strong><\/p>\n<p>I dati forniti saranno trattati in modo confidenziale. Il fornitore ha adottato tutte le misure tecniche e organizzative e tutti i livelli di protezione necessari per garantire la sicurezza nel trattamento dei dati ed evitarne l&#8217;alterazione, la perdita, il furto, il trattamento o l&#8217;accesso non autorizzato, in base allo stato della tecnologia e alla natura dei dati memorizzati. Allo stesso modo, si garantisce che il trattamento e la registrazione in archivi, programmi, sistemi o apparecchiature, locali e centri siano conformi ai requisiti e alle condizioni di integrit\u00e0 e sicurezza stabiliti dalla normativa vigente.<\/p>\n<p><strong>LINGUA<\/strong><\/p>\n<p>La lingua applicabile alla presente informativa sulla privacy \u00e8 lo spagnolo. Pertanto, in caso di contraddizioni nelle versioni fornite in altre lingue, prevarr\u00e0 la versione spagnola.<\/p>\n<p><strong>ANALISI DEL PROFILO<\/strong><\/p>\n<p>L&#8217;utente che accede a questo sito web acconsente esplicitamente all&#8217;utilizzo di queste informazioni generiche per la profilazione, la segmentazione e la categorizzazione dei dati per le finalit\u00e0 descritte nella sezione precedente.<\/p>\n<p><strong>SOCIAL MEDIA<\/strong><\/p>\n<p>Vi informiamo che Florencia Zulberti potrebbe essere presente sui social network. Il trattamento dei dati che viene effettuato dalle persone che diventano follower nei social network (e\/o effettuano qualsiasi azione di collegamento o connessione attraverso i social network) delle pagine ufficiali di Florencia Zulberti sar\u00e0 regolato da questa sezione, cos\u00ec come per quelle condizioni di utilizzo, politiche sulla privacy e regolamenti di accesso che appartengono al social network appropriato in ogni caso e precedentemente accettati dall&#8217;utente.<br \/>Florencia Zulberti tratter\u00e0 i Suoi dati ai fini della corretta gestione della Sua presenza sul social network, della segnalazione di attivit\u00e0, prodotti o servizi del provider, nonch\u00e9 per ogni altra finalit\u00e0 che la normativa sui Social Network consente.<br \/>\u00c8 vietata la pubblicazione di contenuti:<br \/>\u2013 che siano presuntamente illegali secondo le normative nazionali, comunitarie o internazionali o che svolgano attivit\u00e0 presuntamente illegali o contravvengano ai principi di buona fede.<br \/>\u2013 che violino i diritti fondamentali delle persone, manchino di cortesia nella rete, infastidiscano o possano generare opinioni negative nei nostri utenti o in terzi e, in generale, qualunque contenuto che considerino inappropriato.<br \/>\u2013 E in generale che contravvengano ai principi di legalit\u00e0, onest\u00e0, responsabilit\u00e0, protezione della dignit\u00e0 umana, protezione dei minori, protezione dell&#8217;ordine pubblico, protezione della privacy, tutela dei consumatori e diritti di propriet\u00e0 intellettuale e industriale. Inoltre, Florencia Zulberti si riserva il diritto di rimuovere, senza preavviso, dal sito web o dalla rete sociale aziendale, quei contenuti che sono considerati inappropriati. In ogni caso, se invii informazioni personali tramite le reti sociali, sarai esente da responsabilit\u00e0 riguardo alle misure di sicurezza applicabili a questa piattaforma e l&#8217;utente, se desidera conoscerle, dovrebbe consultare le condizioni particolari corrispondenti della rete in questione.<\/p>\n<p><strong>ISCRIZIONE AL BLOG<\/strong><\/p>\n<p>Nel caso in cui l&#8217;utente si iscriva al blog, lo informiamo che i dati forniti saranno trattati per gestire la sua iscrizione al blocco informativo con un avviso di aggiornamento e che saranno conservati fino a quando ci sar\u00e0 un interesse reciproco a mantenere la fine del trattamento. Quando non sono pi\u00f9 necessari per questo scopo, saranno cancellati con misure di sicurezza adeguate a garantire la sicurezza dei dati o la loro totale distruzione. I dati non saranno comunicati a terzi, salvo obblighi di legge.<\/p>\n<p><strong>PARTECIPAZIONE AI FORUM<\/strong><\/p>\n<p>Nel caso in cui l&#8217;utente voglia partecipare ai forum web, lo informiamo che i dati forniti saranno trattati per regolare la partecipazione al forum. Qualsiasi registrazione o trasmissione di dati personali che l&#8217;utente di questo forum facilita implica la conoscenza e l&#8217;accettazione inequivocabile dell&#8217;Avviso legale e dell&#8217;Informativa sulla privacy riportati sul sito web. I dati saranno conservati per tutto il tempo in cui sussiste l&#8217;interesse reciproco a mantenere la fine del trattamento e, quando non saranno pi\u00f9 necessari per tale scopo, saranno cancellati con misure di sicurezza adeguate a garantire la sicurezza dei dati (ove opportuno) o la distruzione totale degli stessi. I messaggi saranno mostrati pubblicamente agli utenti del forum online.<\/p>\n<p>Florencia Zulberti non \u00e8 responsabile dei contenuti inseriti nel forum da qualsiasi utente registrato. Il contenuto pubblicato esprime solo il punto di vista del suo autore. L&#8217;autore del commento si impegna a non utilizzare questo blog per pubblicare o linkare contenuti diffamatori, abusivi, di odio, minacciosi, offensivi, di spam o simili, contenuti per adulti o che violino il copyright o la legge e l&#8217;ordine pubblico in generale. Se i commenti caricati, a giudizio dei moderatori, dovessero risultare lesivi e\/o violare i diritti di terzi o la legge, potranno essere cancellati senza alcuna spiegazione.<\/p>\n<p><strong>PUBBLICAZIONE DELLA VOSTRA TESTIMONIANZA<\/strong><\/p>\n<p>Nel caso in cui l&#8217;utente voglia pubblicare la propria opinione sul web, lo informiamo che i dati forniti saranno trattati per soddisfare i suggerimenti, le esperienze o le opinioni proposte in merito ai prodotti e\/o ai servizi da pubblicare sulla pagina web e poter cos\u00ec essere di aiuto ad altri utenti. I dati saranno conservati per tutto il tempo in cui vi \u00e8 un interesse reciproco a mantenere la fine del trattamento e, quando non saranno pi\u00f9 necessari per questo scopo, saranno cancellati con misure di sicurezza adeguate a garantire la sicurezza dei dati o la loro totale distruzione. I testimoni saranno pubblicati sul nostro sito web. L&#8217;unico dato personale che verr\u00e0 pubblicato sulla testimone sar\u00e0 il suo nome.<\/p>\n<p><strong>MODIFICHE ALLA PRESENTE INFORMATIVA SULLA PRIVACY<\/strong><\/p>\n<p>Florencia Zulberti si riserva il diritto di modificare questa politica per adattarla a nuove leggi o giurisprudenze.<\/p>\n<p><strong>REVOCABILIT\u00c0<\/strong><\/p>\n<p>Il consenso prestato, sia per il trattamento che per il trasferimento dei dati degli interessati, \u00e8 revocabile in qualsiasi momento comunicandolo a Florencia Zulberti nei termini stabiliti nella presente Informativa per l&#8217;esercizio dei diritti. Tale revoca non sar\u00e0 in alcun caso retroattiva.<\/p>\n<p><strong>LEGISLAZIONE<\/strong><\/p>\n<p>In generale, i rapporti tra Florencia Zulberti e gli Utenti dei suoi servizi telematici, presenti su questo sito web, sono soggetti alla legislazione e alla giurisdizione spagnola alla quale le parti si sottomettono espressamente, essendo competenti a risolvere tutti i conflitti derivati o correlati con il suo utilizzo le Corti e i Tribunali di Alicante.<\/p>\n\t\t\t\t\t\t\t\t<\/div>\n\t\t\t\t<\/div>\n\t\t\t\t\t<\/div>\n\t\t\t\t<\/div>\n\t\t\t\t<\/div>\n\t\t","protected":false},"excerpt":{"rendered":"<p>Informativa sulla privacy INTRODUZIONE La vostra privacy \u00e8 importante per noi, quindi in questo documento spieghiamo quali dati raccogliamo dagli utenti, come li utilizziamo e per quali scopi, tra le altre indicazioni. I maggiori di 14 anni possono registrarsi come utenti senza il previo consenso dei genitori, dei tutori o dei rappresentanti legali. Nel caso &#8230; <a title=\"Informativa sulla privacy\" class=\"read-more\" href=\"https:\/\/tribusana.com\/it\/informativa-sulla-privacy\/\" aria-label=\"Per saperne di pi\u00f9 su Informativa sulla privacy\">Leggi tutto<\/a><\/p>\n","protected":false},"author":1,"featured_media":0,"parent":0,"menu_order":0,"comment_status":"closed","ping_status":"closed","template":"","meta":{"_joinchat":[],"footnotes":""},"class_list":["post-2668","page","type-page","status-publish"],"yoast_head":"<!-- This site is optimized with the Yoast SEO plugin v26.8 - https:\/\/yoast.com\/product\/yoast-seo-wordpress\/ -->\n<title>Informativa sulla privacy - Tribusana<\/title>\n<meta name=\"description\" content=\"Informativa sulla privacy per il sito web Tribusana\" \/>\n<meta name=\"robots\" content=\"index, follow, max-snippet:-1, max-image-preview:large, max-video-preview:-1\" \/>\n<link rel=\"canonical\" href=\"https:\/\/tribusana.com\/it\/informativa-sulla-privacy\/\" \/>\n<meta property=\"og:locale\" content=\"it_IT\" \/>\n<meta property=\"og:type\" content=\"article\" \/>\n<meta property=\"og:title\" content=\"Informativa sulla privacy - Tribusana\" \/>\n<meta property=\"og:description\" content=\"Informativa sulla privacy per il sito web Tribusana\" \/>\n<meta property=\"og:url\" content=\"https:\/\/tribusana.com\/it\/informativa-sulla-privacy\/\" \/>\n<meta property=\"og:site_name\" content=\"Tribusana\" \/>\n<meta property=\"article:publisher\" content=\"https:\/\/www.facebook.com\/tribusanarevolution\/\" \/>\n<meta property=\"article:modified_time\" content=\"2024-09-21T11:13:38+00:00\" \/>\n<meta name=\"twitter:card\" content=\"summary_large_image\" \/>\n<meta name=\"twitter:label1\" content=\"Tempo di lettura stimato\" \/>\n\t<meta name=\"twitter:data1\" content=\"11 minuti\" \/>\n<script type=\"application\/ld+json\" class=\"yoast-schema-graph\">{\"@context\":\"https:\/\/schema.org\",\"@graph\":[{\"@type\":\"WebPage\",\"@id\":\"https:\/\/tribusana.com\/it\/informativa-sulla-privacy\/\",\"url\":\"https:\/\/tribusana.com\/it\/informativa-sulla-privacy\/\",\"name\":\"Informativa sulla privacy - Tribusana\",\"isPartOf\":{\"@id\":\"https:\/\/tribusana.com\/it\/#website\"},\"datePublished\":\"2024-02-15T11:03:39+00:00\",\"dateModified\":\"2024-09-21T11:13:38+00:00\",\"description\":\"Informativa sulla privacy per il sito web Tribusana\",\"breadcrumb\":{\"@id\":\"https:\/\/tribusana.com\/it\/informativa-sulla-privacy\/#breadcrumb\"},\"inLanguage\":\"it-IT\",\"potentialAction\":[{\"@type\":\"ReadAction\",\"target\":[\"https:\/\/tribusana.com\/it\/informativa-sulla-privacy\/\"]}]},{\"@type\":\"BreadcrumbList\",\"@id\":\"https:\/\/tribusana.com\/it\/informativa-sulla-privacy\/#breadcrumb\",\"itemListElement\":[{\"@type\":\"ListItem\",\"position\":1,\"name\":\"Home\",\"item\":\"https:\/\/tribusana.com\/it\/\"},{\"@type\":\"ListItem\",\"position\":2,\"name\":\"Informativa sulla privacy\"}]},{\"@type\":\"WebSite\",\"@id\":\"https:\/\/tribusana.com\/it\/#website\",\"url\":\"https:\/\/tribusana.com\/it\/\",\"name\":\"Tribusana\",\"description\":\"Building Mindful Connections Through Real Food\",\"potentialAction\":[{\"@type\":\"SearchAction\",\"target\":{\"@type\":\"EntryPoint\",\"urlTemplate\":\"https:\/\/tribusana.com\/it\/?s={search_term_string}\"},\"query-input\":{\"@type\":\"PropertyValueSpecification\",\"valueRequired\":true,\"valueName\":\"search_term_string\"}}],\"inLanguage\":\"it-IT\"}]}<\/script>\n<!-- \/ Yoast SEO plugin. -->","yoast_head_json":{"title":"Informativa sulla privacy - Tribusana","description":"Informativa sulla privacy per il sito web Tribusana","robots":{"index":"index","follow":"follow","max-snippet":"max-snippet:-1","max-image-preview":"max-image-preview:large","max-video-preview":"max-video-preview:-1"},"canonical":"https:\/\/tribusana.com\/it\/informativa-sulla-privacy\/","og_locale":"it_IT","og_type":"article","og_title":"Informativa sulla privacy - Tribusana","og_description":"Informativa sulla privacy per il sito web Tribusana","og_url":"https:\/\/tribusana.com\/it\/informativa-sulla-privacy\/","og_site_name":"Tribusana","article_publisher":"https:\/\/www.facebook.com\/tribusanarevolution\/","article_modified_time":"2024-09-21T11:13:38+00:00","twitter_card":"summary_large_image","twitter_misc":{"Tempo di lettura stimato":"11 minuti"},"schema":{"@context":"https:\/\/schema.org","@graph":[{"@type":"WebPage","@id":"https:\/\/tribusana.com\/it\/informativa-sulla-privacy\/","url":"https:\/\/tribusana.com\/it\/informativa-sulla-privacy\/","name":"Informativa sulla privacy - Tribusana","isPartOf":{"@id":"https:\/\/tribusana.com\/it\/#website"},"datePublished":"2024-02-15T11:03:39+00:00","dateModified":"2024-09-21T11:13:38+00:00","description":"Informativa sulla privacy per il sito web Tribusana","breadcrumb":{"@id":"https:\/\/tribusana.com\/it\/informativa-sulla-privacy\/#breadcrumb"},"inLanguage":"it-IT","potentialAction":[{"@type":"ReadAction","target":["https:\/\/tribusana.com\/it\/informativa-sulla-privacy\/"]}]},{"@type":"BreadcrumbList","@id":"https:\/\/tribusana.com\/it\/informativa-sulla-privacy\/#breadcrumb","itemListElement":[{"@type":"ListItem","position":1,"name":"Home","item":"https:\/\/tribusana.com\/it\/"},{"@type":"ListItem","position":2,"name":"Informativa sulla privacy"}]},{"@type":"WebSite","@id":"https:\/\/tribusana.com\/it\/#website","url":"https:\/\/tribusana.com\/it\/","name":"Tribusana","description":"Building Mindful Connections Through Real Food","potentialAction":[{"@type":"SearchAction","target":{"@type":"EntryPoint","urlTemplate":"https:\/\/tribusana.com\/it\/?s={search_term_string}"},"query-input":{"@type":"PropertyValueSpecification","valueRequired":true,"valueName":"search_term_string"}}],"inLanguage":"it-IT"}]}},"_links":{"self":[{"href":"https:\/\/tribusana.com\/it\/wp-json\/wp\/v2\/pages\/2668","targetHints":{"allow":["GET"]}}],"collection":[{"href":"https:\/\/tribusana.com\/it\/wp-json\/wp\/v2\/pages"}],"about":[{"href":"https:\/\/tribusana.com\/it\/wp-json\/wp\/v2\/types\/page"}],"author":[{"embeddable":true,"href":"https:\/\/tribusana.com\/it\/wp-json\/wp\/v2\/users\/1"}],"replies":[{"embeddable":true,"href":"https:\/\/tribusana.com\/it\/wp-json\/wp\/v2\/comments?post=2668"}],"version-history":[{"count":1,"href":"https:\/\/tribusana.com\/it\/wp-json\/wp\/v2\/pages\/2668\/revisions"}],"predecessor-version":[{"id":2669,"href":"https:\/\/tribusana.com\/it\/wp-json\/wp\/v2\/pages\/2668\/revisions\/2669"}],"wp:attachment":[{"href":"https:\/\/tribusana.com\/it\/wp-json\/wp\/v2\/media?parent=2668"}],"curies":[{"name":"wp","href":"https:\/\/api.w.org\/{rel}","templated":true}]}}