{"id":4012,"date":"2026-01-22T20:00:09","date_gmt":"2026-01-22T18:00:09","guid":{"rendered":"https:\/\/tribusana.com\/equilibrio\/"},"modified":"2026-01-23T13:38:44","modified_gmt":"2026-01-23T11:38:44","slug":"equilibrio","status":"publish","type":"page","link":"https:\/\/tribusana.com\/es\/equilibrio\/","title":{"rendered":"Equilibrio"},"content":{"rendered":"\t\t<div data-elementor-type=\"wp-page\" data-elementor-id=\"4012\" class=\"elementor elementor-4012 elementor-3988\" data-elementor-post-type=\"page\">\n\t\t\t\t<div class=\"elementor-element elementor-element-0eb0411 e-flex e-con-boxed e-con e-parent\" data-id=\"0eb0411\" data-element_type=\"container\" data-e-type=\"container\">\n\t\t\t\t\t<div class=\"e-con-inner\">\n\t\t\t\t<div class=\"elementor-element elementor-element-9d6a0c8 elementor-widget elementor-widget-heading\" data-id=\"9d6a0c8\" data-element_type=\"widget\" data-e-type=\"widget\" data-widget_type=\"heading.default\">\n\t\t\t\t<div class=\"elementor-widget-container\">\n\t\t\t\t\t<h3 class=\"elementor-heading-title elementor-size-default\">Mi camino: desde la comida real como base hasta los refuerzos respaldados por la ciencia para la longevidad.\n<\/h3>\t\t\t\t<\/div>\n\t\t\t\t<\/div>\n\t\t\t\t<div class=\"elementor-element elementor-element-e7b7502 elementor-widget elementor-widget-text-editor\" data-id=\"e7b7502\" data-element_type=\"widget\" data-e-type=\"widget\" data-widget_type=\"text-editor.default\">\n\t\t\t\t<div class=\"elementor-widget-container\">\n\t\t\t\t\t\t\t\t\t<p>Durante a\u00f1os, Tribusana ha defendido un principio claro: la comida real importa.<\/p><p>Como chef fundador, siempre he cre\u00eddo que los suplementos nunca deben reemplazar el consumo de alimentos reales, ricos en nutrientes y fibra. Por ejemplo, si comparamos el consumo de br\u00f3coli real con una versi\u00f3n en suplemento\u2026<\/p>\t\t\t\t\t\t\t\t<\/div>\n\t\t\t\t<\/div>\n\t\t\t\t\t<\/div>\n\t\t\t\t<\/div>\n\t\t<div class=\"elementor-element elementor-element-6674b99 e-flex e-con-boxed e-con e-parent\" data-id=\"6674b99\" data-element_type=\"container\" data-e-type=\"container\">\n\t\t\t\t\t<div class=\"e-con-inner\">\n\t\t\t\t<div class=\"elementor-element elementor-element-7b00441 elementor-widget__width-inherit elementor-widget elementor-widget-image\" data-id=\"7b00441\" data-element_type=\"widget\" data-e-type=\"widget\" data-widget_type=\"image.default\">\n\t\t\t\t<div class=\"elementor-widget-container\">\n\t\t\t\t\t\t\t\t\t\t\t\t\t\t\t<img fetchpriority=\"high\" decoding=\"async\" width=\"624\" height=\"411\" src=\"https:\/\/tribusana.com\/wp-content\/uploads\/2026\/01\/Brocoli.png\" class=\"attachment-large size-large wp-image-4008\" alt=\"brocoli vs suplementos\" srcset=\"https:\/\/tribusana.com\/wp-content\/uploads\/2026\/01\/Brocoli.png 624w, https:\/\/tribusana.com\/wp-content\/uploads\/2026\/01\/Brocoli-300x198.png 300w, https:\/\/tribusana.com\/wp-content\/uploads\/2026\/01\/Brocoli-600x395.png 600w\" sizes=\"(max-width: 624px) 100vw, 624px\" \/>\t\t\t\t\t\t\t\t\t\t\t\t\t\t\t<\/div>\n\t\t\t\t<\/div>\n\t\t<div class=\"elementor-element elementor-element-b3d2537 e-con-full e-flex e-con e-child\" data-id=\"b3d2537\" data-element_type=\"container\" data-e-type=\"container\">\n\t\t\t\t<div class=\"elementor-element elementor-element-12570a5 elementor-widget elementor-widget-text-editor\" data-id=\"12570a5\" data-element_type=\"widget\" data-e-type=\"widget\" data-widget_type=\"text-editor.default\">\n\t\t\t\t<div class=\"elementor-widget-container\">\n\t\t\t\t\t\t\t\t\t<p>Pero la vida evoluciona. Los cuerpos cambian. Y la ciencia nos invita a escuchar con m\u00e1s atenci\u00f3n.<\/p><p>Al entrar en la cincuentena, empiezo a comprender algo profundamente humano: <strong>el poder de la comida, aunque esencial, no siempre es suficiente por s\u00ed sola. <\/strong>El envejecimiento, el estr\u00e9s, la exposici\u00f3n ambiental y los estilos de vida modernos aumentan nuestras necesidades nutricionales, que a menudo superan lo que podemos comer en un solo d\u00eda.<\/p><p>T\u00f3meme como ejemplo, si considero que debo consumir 1 gramo de prote\u00edna por cada peso en libras, tendr\u00eda que comer 18 huevos o 1.200 \u2013 2.400 gramos (7 \u2013 8 tazas) de legumbres al d\u00eda\u2026<\/p>\t\t\t\t\t\t\t\t<\/div>\n\t\t\t\t<\/div>\n\t\t\t\t<div class=\"elementor-element elementor-element-6e771c7 elementor-widget__width-inherit elementor-widget elementor-widget-image\" data-id=\"6e771c7\" data-element_type=\"widget\" data-e-type=\"widget\" data-widget_type=\"image.default\">\n\t\t\t\t<div class=\"elementor-widget-container\">\n\t\t\t\t\t\t\t\t\t\t\t\t\t\t\t<img decoding=\"async\" width=\"624\" height=\"416\" src=\"https:\/\/tribusana.com\/wp-content\/uploads\/2026\/01\/huevos.png\" class=\"attachment-large size-large wp-image-4009\" alt=\"huevos y proteinas\" srcset=\"https:\/\/tribusana.com\/wp-content\/uploads\/2026\/01\/huevos.png 624w, https:\/\/tribusana.com\/wp-content\/uploads\/2026\/01\/huevos-300x200.png 300w, https:\/\/tribusana.com\/wp-content\/uploads\/2026\/01\/huevos-600x400.png 600w\" sizes=\"(max-width: 624px) 100vw, 624px\" \/>\t\t\t\t\t\t\t\t\t\t\t\t\t\t\t<\/div>\n\t\t\t\t<\/div>\n\t\t\t\t<div class=\"elementor-element elementor-element-c450f3b elementor-widget elementor-widget-text-editor\" data-id=\"c450f3b\" data-element_type=\"widget\" data-e-type=\"widget\" data-widget_type=\"text-editor.default\">\n\t\t\t\t<div class=\"elementor-widget-container\">\n\t\t\t\t\t\t\t\t\t<p>\u00a1\u00a1\u00a1Lo cual no es realista!!!<\/p><p>Por eso, hoy Tribusana adopta una visi\u00f3n m\u00e1s completa del bienestar: una que prioriza la alimentaci\u00f3n como base y utiliza suplementos de alta calidad con respaldo cient\u00edfico como refuerzo inteligente para satisfacer nuestras necesidades diarias. No es un atajo ni un sustituto de una dieta equilibrada y equilibrada.<\/p><p>En mi opini\u00f3n, la longevidad no se trata de un producto ni de un h\u00e1bito. Se trata de c\u00f3mo comemos, c\u00f3mo vivimos y c\u00f3mo cuidamos nuestro cuerpo a lo largo del tiempo para que podamos&#8230;<\/p><p><strong>\u201cA\u00f1adir una mejor calidad de vida a nuestros a\u00f1os, y m\u00e1s a\u00f1os de salud a nuestra vida\u201d,<\/strong> como lo afirm\u00f3 ingeniosamente Dan Buettner, experto en longevidad y fundador del concepto de Zonas Azules.<\/p><p>Como creo firmemente que el crecimiento se logra mejor cuando se comparte, \u00a1quer\u00eda que aprendi\u00e9ramos a envejecer juntos!<\/p><p>Y es por esto que estoy colaborando orgullosamente con 4 Life para arrojar algo de luz sobre un mundo desconocido hasta ahora pero que hoy estoy dispuesto a abrazar con todo el coraz\u00f3n:<\/p>\t\t\t\t\t\t\t\t<\/div>\n\t\t\t\t<\/div>\n\t\t\t\t<\/div>\n\t\t\t\t\t<\/div>\n\t\t\t\t<\/div>\n\t\t<div class=\"elementor-element elementor-element-e381e9f e-flex e-con-boxed e-con e-parent\" data-id=\"e381e9f\" data-element_type=\"container\" data-e-type=\"container\">\n\t\t\t\t\t<div class=\"e-con-inner\">\n\t\t<div class=\"elementor-element elementor-element-a36a2d3 e-con-full e-flex e-con e-child\" data-id=\"a36a2d3\" data-element_type=\"container\" data-e-type=\"container\">\n\t\t\t\t<div class=\"elementor-element elementor-element-03a2a81 elementor-widget__width-initial elementor-widget elementor-widget-image\" data-id=\"03a2a81\" data-element_type=\"widget\" data-e-type=\"widget\" data-widget_type=\"image.default\">\n\t\t\t\t<div class=\"elementor-widget-container\">\n\t\t\t\t\t\t\t\t\t\t\t\t\t\t\t<img decoding=\"async\" width=\"457\" height=\"298\" src=\"https:\/\/tribusana.com\/wp-content\/uploads\/2026\/01\/4life.png\" class=\"attachment-medium_large size-medium_large wp-image-4010\" alt=\"4life\" srcset=\"https:\/\/tribusana.com\/wp-content\/uploads\/2026\/01\/4life.png 457w, https:\/\/tribusana.com\/wp-content\/uploads\/2026\/01\/4life-300x196.png 300w\" sizes=\"(max-width: 457px) 100vw, 457px\" \/>\t\t\t\t\t\t\t\t\t\t\t\t\t\t\t<\/div>\n\t\t\t\t<\/div>\n\t\t\t\t<\/div>\n\t\t<div class=\"elementor-element elementor-element-8c2b6fc e-con-full e-flex e-con e-child\" data-id=\"8c2b6fc\" data-element_type=\"container\" data-e-type=\"container\">\n\t\t\t\t<div class=\"elementor-element elementor-element-dbbbfe5 elementor-widget__width-initial elementor-widget-tablet__width-initial elementor-widget elementor-widget-text-editor\" data-id=\"dbbbfe5\" data-element_type=\"widget\" data-e-type=\"widget\" data-widget_type=\"text-editor.default\">\n\t\t\t\t<div class=\"elementor-widget-container\">\n\t\t\t\t\t\t\t\t\t<p>Para m\u00e1s informaci\u00f3n, puedes escanear el c\u00f3digo QR o hacer clic en el enlace inferior:<\/p>\t\t\t\t\t\t\t\t<\/div>\n\t\t\t\t<\/div>\n\t\t\t\t<div class=\"elementor-element elementor-element-58f0a2d elementor-widget-tablet__width-initial elementor-widget elementor-widget-image\" data-id=\"58f0a2d\" data-element_type=\"widget\" data-e-type=\"widget\" data-widget_type=\"image.default\">\n\t\t\t\t<div class=\"elementor-widget-container\">\n\t\t\t\t\t\t\t\t\t\t\t\t\t\t\t<img loading=\"lazy\" decoding=\"async\" width=\"217\" height=\"209\" src=\"https:\/\/tribusana.com\/wp-content\/uploads\/2026\/01\/qr4life.png\" class=\"attachment-large size-large wp-image-4011\" alt=\"qr4life\" \/>\t\t\t\t\t\t\t\t\t\t\t\t\t\t\t<\/div>\n\t\t\t\t<\/div>\n\t\t\t\t<div class=\"elementor-element elementor-element-e7265fe elementor-widget__width-initial elementor-widget-tablet__width-initial elementor-widget elementor-widget-text-editor\" data-id=\"e7265fe\" data-element_type=\"widget\" data-e-type=\"widget\" data-widget_type=\"text-editor.default\">\n\t\t\t\t<div class=\"elementor-widget-container\">\n\t\t\t\t\t\t\t\t\t<p><a href=\"https:\/\/italy.4life.com\/12822746\/shop\" target=\"_blank\" rel=\"noopener\">https:\/\/italy.4life.com\/12822746\/shop<\/a><\/p>\t\t\t\t\t\t\t\t<\/div>\n\t\t\t\t<\/div>\n\t\t\t\t<\/div>\n\t\t\t\t\t<\/div>\n\t\t\t\t<\/div>\n\t\t\t\t<\/div>\n\t\t","protected":false},"excerpt":{"rendered":"<p>Mi camino: desde la comida real como base hasta los refuerzos respaldados por la ciencia para la longevidad. Durante a\u00f1os, Tribusana ha defendido un principio claro: la comida real importa. Como chef fundador, siempre he cre\u00eddo que los suplementos nunca deben reemplazar el consumo de alimentos reales, ricos en nutrientes y fibra. Por ejemplo, si &#8230; <a title=\"Equilibrio\" class=\"read-more\" href=\"https:\/\/tribusana.com\/es\/equilibrio\/\" aria-label=\"Leer m\u00e1s sobre Equilibrio\">Leer m\u00e1s<\/a><\/p>\n","protected":false},"author":7,"featured_media":0,"parent":0,"menu_order":0,"comment_status":"closed","ping_status":"closed","template":"elementor_header_footer","meta":{"_joinchat":[],"footnotes":""},"class_list":["post-4012","page","type-page","status-publish"],"yoast_head":"<!-- This site is optimized with the Yoast SEO plugin v26.8 - https:\/\/yoast.com\/product\/yoast-seo-wordpress\/ -->\n<title>Equilibrio - Tribusana<\/title>\n<meta name=\"robots\" content=\"index, follow, max-snippet:-1, max-image-preview:large, max-video-preview:-1\" \/>\n<link rel=\"canonical\" href=\"https:\/\/tribusana.com\/es\/equilibrio\/\" \/>\n<meta property=\"og:locale\" content=\"es_ES\" \/>\n<meta property=\"og:type\" content=\"article\" \/>\n<meta property=\"og:title\" content=\"Equilibrio - Tribusana\" \/>\n<meta property=\"og:description\" content=\"Mi camino: desde la comida real como base hasta los refuerzos respaldados por la ciencia para la longevidad. Durante a\u00f1os, Tribusana ha defendido un principio claro: la comida real importa. Como chef fundador, siempre he cre\u00eddo que los suplementos nunca deben reemplazar el consumo de alimentos reales, ricos en nutrientes y fibra. Por ejemplo, si ... Leer m\u00e1s\" \/>\n<meta property=\"og:url\" content=\"https:\/\/tribusana.com\/es\/equilibrio\/\" \/>\n<meta property=\"og:site_name\" content=\"Tribusana\" \/>\n<meta property=\"article:publisher\" content=\"https:\/\/www.facebook.com\/tribusanarevolution\/\" \/>\n<meta property=\"article:modified_time\" content=\"2026-01-23T11:38:44+00:00\" \/>\n<meta property=\"og:image\" content=\"https:\/\/tribusana.com\/wp-content\/uploads\/2026\/01\/Brocoli.png\" \/>\n\t<meta property=\"og:image:width\" content=\"624\" \/>\n\t<meta property=\"og:image:height\" content=\"411\" \/>\n\t<meta property=\"og:image:type\" content=\"image\/png\" \/>\n<meta name=\"twitter:card\" content=\"summary_large_image\" \/>\n<meta name=\"twitter:label1\" content=\"Tiempo de lectura\" \/>\n\t<meta name=\"twitter:data1\" content=\"3 minutos\" \/>\n<script type=\"application\/ld+json\" class=\"yoast-schema-graph\">{\"@context\":\"https:\/\/schema.org\",\"@graph\":[{\"@type\":\"WebPage\",\"@id\":\"https:\/\/tribusana.com\/es\/equilibrio\/\",\"url\":\"https:\/\/tribusana.com\/es\/equilibrio\/\",\"name\":\"Equilibrio - Tribusana\",\"isPartOf\":{\"@id\":\"https:\/\/tribusana.com\/es\/#website\"},\"primaryImageOfPage\":{\"@id\":\"https:\/\/tribusana.com\/es\/equilibrio\/#primaryimage\"},\"image\":{\"@id\":\"https:\/\/tribusana.com\/es\/equilibrio\/#primaryimage\"},\"thumbnailUrl\":\"https:\/\/tribusana.com\/wp-content\/uploads\/2026\/01\/Brocoli.png\",\"datePublished\":\"2026-01-22T18:00:09+00:00\",\"dateModified\":\"2026-01-23T11:38:44+00:00\",\"breadcrumb\":{\"@id\":\"https:\/\/tribusana.com\/es\/equilibrio\/#breadcrumb\"},\"inLanguage\":\"es\",\"potentialAction\":[{\"@type\":\"ReadAction\",\"target\":[\"https:\/\/tribusana.com\/es\/equilibrio\/\"]}]},{\"@type\":\"ImageObject\",\"inLanguage\":\"es\",\"@id\":\"https:\/\/tribusana.com\/es\/equilibrio\/#primaryimage\",\"url\":\"https:\/\/tribusana.com\/wp-content\/uploads\/2026\/01\/Brocoli.png\",\"contentUrl\":\"https:\/\/tribusana.com\/wp-content\/uploads\/2026\/01\/Brocoli.png\"},{\"@type\":\"BreadcrumbList\",\"@id\":\"https:\/\/tribusana.com\/es\/equilibrio\/#breadcrumb\",\"itemListElement\":[{\"@type\":\"ListItem\",\"position\":1,\"name\":\"Home\",\"item\":\"https:\/\/tribusana.com\/es\/\"},{\"@type\":\"ListItem\",\"position\":2,\"name\":\"Equilibrio\"}]},{\"@type\":\"WebSite\",\"@id\":\"https:\/\/tribusana.com\/es\/#website\",\"url\":\"https:\/\/tribusana.com\/es\/\",\"name\":\"Tribusana\",\"description\":\"Building Mindful Connections Through Real Food\",\"potentialAction\":[{\"@type\":\"SearchAction\",\"target\":{\"@type\":\"EntryPoint\",\"urlTemplate\":\"https:\/\/tribusana.com\/es\/?s={search_term_string}\"},\"query-input\":{\"@type\":\"PropertyValueSpecification\",\"valueRequired\":true,\"valueName\":\"search_term_string\"}}],\"inLanguage\":\"es\"}]}<\/script>\n<!-- \/ Yoast SEO plugin. -->","yoast_head_json":{"title":"Equilibrio - Tribusana","robots":{"index":"index","follow":"follow","max-snippet":"max-snippet:-1","max-image-preview":"max-image-preview:large","max-video-preview":"max-video-preview:-1"},"canonical":"https:\/\/tribusana.com\/es\/equilibrio\/","og_locale":"es_ES","og_type":"article","og_title":"Equilibrio - Tribusana","og_description":"Mi camino: desde la comida real como base hasta los refuerzos respaldados por la ciencia para la longevidad. Durante a\u00f1os, Tribusana ha defendido un principio claro: la comida real importa. Como chef fundador, siempre he cre\u00eddo que los suplementos nunca deben reemplazar el consumo de alimentos reales, ricos en nutrientes y fibra. Por ejemplo, si ... Leer m\u00e1s","og_url":"https:\/\/tribusana.com\/es\/equilibrio\/","og_site_name":"Tribusana","article_publisher":"https:\/\/www.facebook.com\/tribusanarevolution\/","article_modified_time":"2026-01-23T11:38:44+00:00","og_image":[{"width":624,"height":411,"url":"https:\/\/tribusana.com\/wp-content\/uploads\/2026\/01\/Brocoli.png","type":"image\/png"}],"twitter_card":"summary_large_image","twitter_misc":{"Tiempo de lectura":"3 minutos"},"schema":{"@context":"https:\/\/schema.org","@graph":[{"@type":"WebPage","@id":"https:\/\/tribusana.com\/es\/equilibrio\/","url":"https:\/\/tribusana.com\/es\/equilibrio\/","name":"Equilibrio - Tribusana","isPartOf":{"@id":"https:\/\/tribusana.com\/es\/#website"},"primaryImageOfPage":{"@id":"https:\/\/tribusana.com\/es\/equilibrio\/#primaryimage"},"image":{"@id":"https:\/\/tribusana.com\/es\/equilibrio\/#primaryimage"},"thumbnailUrl":"https:\/\/tribusana.com\/wp-content\/uploads\/2026\/01\/Brocoli.png","datePublished":"2026-01-22T18:00:09+00:00","dateModified":"2026-01-23T11:38:44+00:00","breadcrumb":{"@id":"https:\/\/tribusana.com\/es\/equilibrio\/#breadcrumb"},"inLanguage":"es","potentialAction":[{"@type":"ReadAction","target":["https:\/\/tribusana.com\/es\/equilibrio\/"]}]},{"@type":"ImageObject","inLanguage":"es","@id":"https:\/\/tribusana.com\/es\/equilibrio\/#primaryimage","url":"https:\/\/tribusana.com\/wp-content\/uploads\/2026\/01\/Brocoli.png","contentUrl":"https:\/\/tribusana.com\/wp-content\/uploads\/2026\/01\/Brocoli.png"},{"@type":"BreadcrumbList","@id":"https:\/\/tribusana.com\/es\/equilibrio\/#breadcrumb","itemListElement":[{"@type":"ListItem","position":1,"name":"Home","item":"https:\/\/tribusana.com\/es\/"},{"@type":"ListItem","position":2,"name":"Equilibrio"}]},{"@type":"WebSite","@id":"https:\/\/tribusana.com\/es\/#website","url":"https:\/\/tribusana.com\/es\/","name":"Tribusana","description":"Building Mindful Connections Through Real Food","potentialAction":[{"@type":"SearchAction","target":{"@type":"EntryPoint","urlTemplate":"https:\/\/tribusana.com\/es\/?s={search_term_string}"},"query-input":{"@type":"PropertyValueSpecification","valueRequired":true,"valueName":"search_term_string"}}],"inLanguage":"es"}]}},"_links":{"self":[{"href":"https:\/\/tribusana.com\/es\/wp-json\/wp\/v2\/pages\/4012","targetHints":{"allow":["GET"]}}],"collection":[{"href":"https:\/\/tribusana.com\/es\/wp-json\/wp\/v2\/pages"}],"about":[{"href":"https:\/\/tribusana.com\/es\/wp-json\/wp\/v2\/types\/page"}],"author":[{"embeddable":true,"href":"https:\/\/tribusana.com\/es\/wp-json\/wp\/v2\/users\/7"}],"replies":[{"embeddable":true,"href":"https:\/\/tribusana.com\/es\/wp-json\/wp\/v2\/comments?post=4012"}],"version-history":[{"count":9,"href":"https:\/\/tribusana.com\/es\/wp-json\/wp\/v2\/pages\/4012\/revisions"}],"predecessor-version":[{"id":4049,"href":"https:\/\/tribusana.com\/es\/wp-json\/wp\/v2\/pages\/4012\/revisions\/4049"}],"wp:attachment":[{"href":"https:\/\/tribusana.com\/es\/wp-json\/wp\/v2\/media?parent=4012"}],"curies":[{"name":"wp","href":"https:\/\/api.w.org\/{rel}","templated":true}]}}