{"id":3962,"date":"2025-10-18T09:53:06","date_gmt":"2025-10-18T07:53:06","guid":{"rendered":"https:\/\/tribusana.com\/pagina-de-prueba\/"},"modified":"2025-10-26T14:45:22","modified_gmt":"2025-10-26T12:45:22","slug":"pagina-de-prueba","status":"publish","type":"page","link":"https:\/\/tribusana.com\/es\/pagina-de-prueba\/","title":{"rendered":"P\u00e1gina de prueba"},"content":{"rendered":"\t\t<div data-elementor-type=\"wp-page\" data-elementor-id=\"3962\" class=\"elementor elementor-3962 elementor-3658\" data-elementor-post-type=\"page\">\n\t\t\t\t<div class=\"elementor-element elementor-element-0991af9 e-flex e-con-boxed e-con e-parent\" data-id=\"0991af9\" data-element_type=\"container\" data-e-type=\"container\">\n\t\t\t\t\t<div class=\"e-con-inner\">\n\t\t\t\t<div class=\"elementor-element elementor-element-512bd02 elementor-widget elementor-widget-image\" data-id=\"512bd02\" data-element_type=\"widget\" data-e-type=\"widget\" data-widget_type=\"image.default\">\n\t\t\t\t<div class=\"elementor-widget-container\">\n\t\t\t\t\t\t\t\t\t\t\t\t\t\t\t<img decoding=\"async\" src=\"https:\/\/tribusana.com\/wp-content\/plugins\/elementor\/assets\/images\/placeholder.png\" title=\"\" alt=\"\" loading=\"lazy\" \/>\t\t\t\t\t\t\t\t\t\t\t\t\t\t\t<\/div>\n\t\t\t\t<\/div>\n\t\t\t\t<div class=\"elementor-element elementor-element-0667445 elementor-widget elementor-widget-heading\" data-id=\"0667445\" data-element_type=\"widget\" data-e-type=\"widget\" data-widget_type=\"heading.default\">\n\t\t\t\t<div class=\"elementor-widget-container\">\n\t\t\t\t\t<h2 class=\"elementor-heading-title elementor-size-default\">P\u00e1gina de prueba<\/h2>\t\t\t\t<\/div>\n\t\t\t\t<\/div>\n\t\t\t\t<div class=\"elementor-element elementor-element-cee55e9 elementor-widget elementor-widget-text-editor\" data-id=\"cee55e9\" data-element_type=\"widget\" data-e-type=\"widget\" data-widget_type=\"text-editor.default\">\n\t\t\t\t<div class=\"elementor-widget-container\">\n\t\t\t\t\t\t\t\t\t<p>Este es un texto de la p\u00e1gina de prueba<\/p>\t\t\t\t\t\t\t\t<\/div>\n\t\t\t\t<\/div>\n\t\t\t\t\t<\/div>\n\t\t\t\t<\/div>\n\t\t<div class=\"elementor-element elementor-element-cc0d5b0 e-flex e-con-boxed e-con e-parent\" data-id=\"cc0d5b0\" data-element_type=\"container\" data-e-type=\"container\">\n\t\t\t\t\t<div class=\"e-con-inner\">\n\t\t<div class=\"elementor-element elementor-element-6c40171 e-con-full e-flex e-con e-child\" data-id=\"6c40171\" data-element_type=\"container\" data-e-type=\"container\">\n\t\t\t\t<div class=\"elementor-element elementor-element-ea7c88e elementor-widget elementor-widget-text-editor\" data-id=\"ea7c88e\" data-element_type=\"widget\" data-e-type=\"widget\" data-widget_type=\"text-editor.default\">\n\t\t\t\t<div class=\"elementor-widget-container\">\n\t\t\t\t\t\t\t\t\t<p>Lorem ipsum dolor sit amet, consectetur adipiscing elit. Ut elit tellus, luctus nec ullamcorper mattis, pulvinar dapibus leo.Lorem ipsum dolor sit amet, consectetur adipiscing elit. Ut elit tellus, luctus nec ullamcorper mattis, pulvinar dapibus leo.Lorem ipsum dolor sit amet, consectetur adipiscing elit. Ut elit tellus, luctus nec ullamcorper mattis, pulvinar dapibus leo.Lorem ipsum dolor sit amet, consectetur adipiscing elit. Ut elit tellus, luctus nec ullamcorper mattis, pulvinar dapibus leo.    <\/p>\t\t\t\t\t\t\t\t<\/div>\n\t\t\t\t<\/div>\n\t\t\t\t<\/div>\n\t\t<div class=\"elementor-element elementor-element-b4460e2 e-con-full e-flex e-con e-child\" data-id=\"b4460e2\" data-element_type=\"container\" data-e-type=\"container\">\n\t\t\t\t<div class=\"elementor-element elementor-element-969f95b elementor-widget elementor-widget-image\" data-id=\"969f95b\" data-element_type=\"widget\" data-e-type=\"widget\" data-widget_type=\"image.default\">\n\t\t\t\t<div class=\"elementor-widget-container\">\n\t\t\t\t\t\t\t\t\t\t\t\t\t\t\t<img fetchpriority=\"high\" decoding=\"async\" width=\"1024\" height=\"768\" src=\"https:\/\/tribusana.com\/wp-content\/uploads\/2024\/06\/WhatsApp-Image-2024-06-05-at-11.48.17-1-1024x768.jpeg\" class=\"attachment-large size-large wp-image-2520\" alt=\"Florencia y su hijo Lorenzo en un taller escolar\" srcset=\"https:\/\/tribusana.com\/wp-content\/uploads\/2024\/06\/WhatsApp-Image-2024-06-05-at-11.48.17-1-1024x768.jpeg 1024w, https:\/\/tribusana.com\/wp-content\/uploads\/2024\/06\/WhatsApp-Image-2024-06-05-at-11.48.17-1-300x225.jpeg 300w, https:\/\/tribusana.com\/wp-content\/uploads\/2024\/06\/WhatsApp-Image-2024-06-05-at-11.48.17-1-768x576.jpeg 768w, https:\/\/tribusana.com\/wp-content\/uploads\/2024\/06\/WhatsApp-Image-2024-06-05-at-11.48.17-1-1536x1152.jpeg 1536w, https:\/\/tribusana.com\/wp-content\/uploads\/2024\/06\/WhatsApp-Image-2024-06-05-at-11.48.17-1-600x450.jpeg 600w, https:\/\/tribusana.com\/wp-content\/uploads\/2024\/06\/WhatsApp-Image-2024-06-05-at-11.48.17-1.jpeg 1600w\" sizes=\"(max-width: 1024px) 100vw, 1024px\" \/>\t\t\t\t\t\t\t\t\t\t\t\t\t\t\t<\/div>\n\t\t\t\t<\/div>\n\t\t\t\t<\/div>\n\t\t\t\t\t<\/div>\n\t\t\t\t<\/div>\n\t\t\t\t<\/div>\n\t\t","protected":false},"excerpt":{"rendered":"<p>P\u00e1gina de prueba Este es un texto de la p\u00e1gina de prueba Lorem ipsum dolor sit amet, consectetur adipiscing elit. Ut elit tellus, luctus nec ullamcorper mattis, pulvinar dapibus leo.Lorem ipsum dolor sit amet, consectetur adipiscing elit. Ut elit tellus, luctus nec ullamcorper mattis, pulvinar dapibus leo.Lorem ipsum dolor sit amet, consectetur adipiscing elit. Ut &#8230; <a title=\"P\u00e1gina de prueba\" class=\"read-more\" href=\"https:\/\/tribusana.com\/es\/pagina-de-prueba\/\" aria-label=\"Leer m\u00e1s sobre P\u00e1gina de prueba\">Leer m\u00e1s<\/a><\/p>\n","protected":false},"author":2,"featured_media":0,"parent":0,"menu_order":0,"comment_status":"closed","ping_status":"closed","template":"","meta":{"_joinchat":[],"footnotes":""},"class_list":["post-3962","page","type-page","status-publish"],"yoast_head":"<!-- This site is optimized with the Yoast SEO plugin v27.5 - https:\/\/yoast.com\/product\/yoast-seo-wordpress\/ -->\n<title>P\u00e1gina de prueba - Tribusana<\/title>\n<meta name=\"robots\" content=\"index, follow, max-snippet:-1, max-image-preview:large, max-video-preview:-1\" \/>\n<link rel=\"canonical\" href=\"https:\/\/tribusana.com\/es\/pagina-de-prueba\/\" \/>\n<meta property=\"og:locale\" content=\"es_ES\" \/>\n<meta property=\"og:type\" content=\"article\" \/>\n<meta property=\"og:title\" content=\"P\u00e1gina de prueba - Tribusana\" \/>\n<meta property=\"og:description\" content=\"P\u00e1gina de prueba Este es un texto de la p\u00e1gina de prueba Lorem ipsum dolor sit amet, consectetur adipiscing elit. Ut elit tellus, luctus nec ullamcorper mattis, pulvinar dapibus leo.Lorem ipsum dolor sit amet, consectetur adipiscing elit. Ut elit tellus, luctus nec ullamcorper mattis, pulvinar dapibus leo.Lorem ipsum dolor sit amet, consectetur adipiscing elit. Ut ... Leer m\u00e1s\" \/>\n<meta property=\"og:url\" content=\"https:\/\/tribusana.com\/es\/pagina-de-prueba\/\" \/>\n<meta property=\"og:site_name\" content=\"Tribusana\" \/>\n<meta property=\"article:publisher\" content=\"https:\/\/www.facebook.com\/tribusanarevolution\/\" \/>\n<meta property=\"article:modified_time\" content=\"2025-10-26T12:45:22+00:00\" \/>\n<meta property=\"og:image\" content=\"https:\/\/tribusana.com\/wp-content\/plugins\/elementor\/assets\/images\/placeholder.png\" \/>\n<meta name=\"twitter:card\" content=\"summary_large_image\" \/>\n<script type=\"application\/ld+json\" class=\"yoast-schema-graph\">{\"@context\":\"https:\\\/\\\/schema.org\",\"@graph\":[{\"@type\":\"WebPage\",\"@id\":\"https:\\\/\\\/tribusana.com\\\/es\\\/pagina-de-prueba\\\/\",\"url\":\"https:\\\/\\\/tribusana.com\\\/es\\\/pagina-de-prueba\\\/\",\"name\":\"P\u00e1gina de prueba - Tribusana\",\"isPartOf\":{\"@id\":\"https:\\\/\\\/tribusana.com\\\/es\\\/#website\"},\"primaryImageOfPage\":{\"@id\":\"https:\\\/\\\/tribusana.com\\\/es\\\/pagina-de-prueba\\\/#primaryimage\"},\"image\":{\"@id\":\"https:\\\/\\\/tribusana.com\\\/es\\\/pagina-de-prueba\\\/#primaryimage\"},\"thumbnailUrl\":\"https:\\\/\\\/tribusana.com\\\/wp-content\\\/plugins\\\/elementor\\\/assets\\\/images\\\/placeholder.png\",\"datePublished\":\"2025-10-18T07:53:06+00:00\",\"dateModified\":\"2025-10-26T12:45:22+00:00\",\"breadcrumb\":{\"@id\":\"https:\\\/\\\/tribusana.com\\\/es\\\/pagina-de-prueba\\\/#breadcrumb\"},\"inLanguage\":\"es\",\"potentialAction\":[{\"@type\":\"ReadAction\",\"target\":[\"https:\\\/\\\/tribusana.com\\\/es\\\/pagina-de-prueba\\\/\"]}]},{\"@type\":\"ImageObject\",\"inLanguage\":\"es\",\"@id\":\"https:\\\/\\\/tribusana.com\\\/es\\\/pagina-de-prueba\\\/#primaryimage\",\"url\":\"https:\\\/\\\/tribusana.com\\\/wp-content\\\/plugins\\\/elementor\\\/assets\\\/images\\\/placeholder.png\",\"contentUrl\":\"https:\\\/\\\/tribusana.com\\\/wp-content\\\/plugins\\\/elementor\\\/assets\\\/images\\\/placeholder.png\"},{\"@type\":\"BreadcrumbList\",\"@id\":\"https:\\\/\\\/tribusana.com\\\/es\\\/pagina-de-prueba\\\/#breadcrumb\",\"itemListElement\":[{\"@type\":\"ListItem\",\"position\":1,\"name\":\"Home\",\"item\":\"https:\\\/\\\/tribusana.com\\\/es\\\/\"},{\"@type\":\"ListItem\",\"position\":2,\"name\":\"P\u00e1gina de prueba\"}]},{\"@type\":\"WebSite\",\"@id\":\"https:\\\/\\\/tribusana.com\\\/es\\\/#website\",\"url\":\"https:\\\/\\\/tribusana.com\\\/es\\\/\",\"name\":\"Tribusana\",\"description\":\"Building Mindful Connections Through Real Food\",\"potentialAction\":[{\"@type\":\"SearchAction\",\"target\":{\"@type\":\"EntryPoint\",\"urlTemplate\":\"https:\\\/\\\/tribusana.com\\\/es\\\/?s={search_term_string}\"},\"query-input\":{\"@type\":\"PropertyValueSpecification\",\"valueRequired\":true,\"valueName\":\"search_term_string\"}}],\"inLanguage\":\"es\"}]}<\/script>\n<!-- \/ Yoast SEO plugin. -->","yoast_head_json":{"title":"P\u00e1gina de prueba - Tribusana","robots":{"index":"index","follow":"follow","max-snippet":"max-snippet:-1","max-image-preview":"max-image-preview:large","max-video-preview":"max-video-preview:-1"},"canonical":"https:\/\/tribusana.com\/es\/pagina-de-prueba\/","og_locale":"es_ES","og_type":"article","og_title":"P\u00e1gina de prueba - Tribusana","og_description":"P\u00e1gina de prueba Este es un texto de la p\u00e1gina de prueba Lorem ipsum dolor sit amet, consectetur adipiscing elit. Ut elit tellus, luctus nec ullamcorper mattis, pulvinar dapibus leo.Lorem ipsum dolor sit amet, consectetur adipiscing elit. Ut elit tellus, luctus nec ullamcorper mattis, pulvinar dapibus leo.Lorem ipsum dolor sit amet, consectetur adipiscing elit. Ut ... Leer m\u00e1s","og_url":"https:\/\/tribusana.com\/es\/pagina-de-prueba\/","og_site_name":"Tribusana","article_publisher":"https:\/\/www.facebook.com\/tribusanarevolution\/","article_modified_time":"2025-10-26T12:45:22+00:00","og_image":[{"url":"https:\/\/tribusana.com\/wp-content\/plugins\/elementor\/assets\/images\/placeholder.png","type":"","width":"","height":""}],"twitter_card":"summary_large_image","schema":{"@context":"https:\/\/schema.org","@graph":[{"@type":"WebPage","@id":"https:\/\/tribusana.com\/es\/pagina-de-prueba\/","url":"https:\/\/tribusana.com\/es\/pagina-de-prueba\/","name":"P\u00e1gina de prueba - Tribusana","isPartOf":{"@id":"https:\/\/tribusana.com\/es\/#website"},"primaryImageOfPage":{"@id":"https:\/\/tribusana.com\/es\/pagina-de-prueba\/#primaryimage"},"image":{"@id":"https:\/\/tribusana.com\/es\/pagina-de-prueba\/#primaryimage"},"thumbnailUrl":"https:\/\/tribusana.com\/wp-content\/plugins\/elementor\/assets\/images\/placeholder.png","datePublished":"2025-10-18T07:53:06+00:00","dateModified":"2025-10-26T12:45:22+00:00","breadcrumb":{"@id":"https:\/\/tribusana.com\/es\/pagina-de-prueba\/#breadcrumb"},"inLanguage":"es","potentialAction":[{"@type":"ReadAction","target":["https:\/\/tribusana.com\/es\/pagina-de-prueba\/"]}]},{"@type":"ImageObject","inLanguage":"es","@id":"https:\/\/tribusana.com\/es\/pagina-de-prueba\/#primaryimage","url":"https:\/\/tribusana.com\/wp-content\/plugins\/elementor\/assets\/images\/placeholder.png","contentUrl":"https:\/\/tribusana.com\/wp-content\/plugins\/elementor\/assets\/images\/placeholder.png"},{"@type":"BreadcrumbList","@id":"https:\/\/tribusana.com\/es\/pagina-de-prueba\/#breadcrumb","itemListElement":[{"@type":"ListItem","position":1,"name":"Home","item":"https:\/\/tribusana.com\/es\/"},{"@type":"ListItem","position":2,"name":"P\u00e1gina de prueba"}]},{"@type":"WebSite","@id":"https:\/\/tribusana.com\/es\/#website","url":"https:\/\/tribusana.com\/es\/","name":"Tribusana","description":"Building Mindful Connections Through Real Food","potentialAction":[{"@type":"SearchAction","target":{"@type":"EntryPoint","urlTemplate":"https:\/\/tribusana.com\/es\/?s={search_term_string}"},"query-input":{"@type":"PropertyValueSpecification","valueRequired":true,"valueName":"search_term_string"}}],"inLanguage":"es"}]}},"_links":{"self":[{"href":"https:\/\/tribusana.com\/es\/wp-json\/wp\/v2\/pages\/3962","targetHints":{"allow":["GET"]}}],"collection":[{"href":"https:\/\/tribusana.com\/es\/wp-json\/wp\/v2\/pages"}],"about":[{"href":"https:\/\/tribusana.com\/es\/wp-json\/wp\/v2\/types\/page"}],"author":[{"embeddable":true,"href":"https:\/\/tribusana.com\/es\/wp-json\/wp\/v2\/users\/2"}],"replies":[{"embeddable":true,"href":"https:\/\/tribusana.com\/es\/wp-json\/wp\/v2\/comments?post=3962"}],"version-history":[{"count":3,"href":"https:\/\/tribusana.com\/es\/wp-json\/wp\/v2\/pages\/3962\/revisions"}],"predecessor-version":[{"id":3971,"href":"https:\/\/tribusana.com\/es\/wp-json\/wp\/v2\/pages\/3962\/revisions\/3971"}],"wp:attachment":[{"href":"https:\/\/tribusana.com\/es\/wp-json\/wp\/v2\/media?parent=3962"}],"curies":[{"name":"wp","href":"https:\/\/api.w.org\/{rel}","templated":true}]}}