{"id":3718,"date":"2025-10-18T12:17:31","date_gmt":"2025-10-18T10:17:31","guid":{"rendered":"https:\/\/tribusana.com\/prensa\/"},"modified":"2025-10-18T12:58:14","modified_gmt":"2025-10-18T10:58:14","slug":"prensa","status":"publish","type":"page","link":"https:\/\/tribusana.com\/es\/prensa\/","title":{"rendered":"Prensa"},"content":{"rendered":"\t\t<div data-elementor-type=\"wp-page\" data-elementor-id=\"3718\" class=\"elementor elementor-3718 elementor-3674\" data-elementor-post-type=\"page\">\n\t\t\t\t<div class=\"elementor-element elementor-element-f942761 e-flex e-con-boxed e-con e-parent\" data-id=\"f942761\" data-element_type=\"container\" data-e-type=\"container\">\n\t\t\t\t\t<div class=\"e-con-inner\">\n\t\t\t\t<div class=\"elementor-element elementor-element-a0450fa elementor-widget elementor-widget-heading\" data-id=\"a0450fa\" data-element_type=\"widget\" data-e-type=\"widget\" data-widget_type=\"heading.default\">\n\t\t\t\t<div class=\"elementor-widget-container\">\n\t\t\t\t\t<h2 class=\"elementor-heading-title elementor-size-default\">Prensa<\/h2>\t\t\t\t<\/div>\n\t\t\t\t<\/div>\n\t\t\t\t\t<\/div>\n\t\t\t\t<\/div>\n\t\t<div class=\"elementor-element elementor-element-23dce21 e-flex e-con-boxed e-con e-parent\" data-id=\"23dce21\" data-element_type=\"container\" data-e-type=\"container\">\n\t\t\t\t\t<div class=\"e-con-inner\">\n\t\t\t\t<div class=\"elementor-element elementor-element-15ef6c2 upk-navigation-type-none elementor-widget elementor-widget-upk-paradox-slider\" data-id=\"15ef6c2\" data-element_type=\"widget\" data-e-type=\"widget\" data-widget_type=\"upk-paradox-slider.default\">\n\t\t\t\t<div class=\"elementor-widget-container\">\n\t\t\t\t\t\t\t<div id=\"upk-15ef6c2\" class=\"upk-paradox-slider\" data-settings=\"{&quot;speed&quot;:500,&quot;effect&quot;:&quot;fade&quot;,&quot;lazy&quot;:{&quot;loadPrevNext&quot;:&quot;true&quot;},&quot;parallax&quot;:true,&quot;slidesPerView&quot;:1,&quot;navigation&quot;:{&quot;nextEl&quot;:&quot;#upk-15ef6c2 .upk-navigation-next&quot;,&quot;prevEl&quot;:&quot;#upk-15ef6c2 .upk-navigation-prev&quot;},&quot;pagination&quot;:{&quot;el&quot;:&quot;#upk-15ef6c2 .swiper-pagination&quot;,&quot;type&quot;:&quot;&quot;,&quot;clickable&quot;:&quot;true&quot;,&quot;dynamicBullets&quot;:false},&quot;scrollbar&quot;:{&quot;el&quot;:&quot;#upk-15ef6c2 .swiper-scrollbar&quot;,&quot;hide&quot;:&quot;true&quot;}}\">\n\t\t\t<div class=\"upk-wrapper\">\n\t\t\t\t<div class=\"swiper-carousel swiper\">\n\t\t\t\t\t<div class=\"swiper-wrapper\">\n\t\t\t\t<div class=\"upk-item swiper-slide upk-transition-toggle\">\n\t\t\t<div class=\"upk-image-wrapper\">\n\t\t\t\t<img fetchpriority=\"high\" decoding=\"async\" width=\"1536\" height=\"1024\" src=\"https:\/\/tribusana.com\/wp-content\/uploads\/2025\/10\/lake-food-expo-landscape.png\" class=\"upk-img\" alt=\"Il Messaggero: Exposici\u00f3n de Alimentos del Lago a orillas de Castel Gandolfo\" srcset=\"https:\/\/tribusana.com\/wp-content\/uploads\/2025\/10\/lake-food-expo-landscape.png 1536w, https:\/\/tribusana.com\/wp-content\/uploads\/2025\/10\/lake-food-expo-landscape-300x200.png 300w, https:\/\/tribusana.com\/wp-content\/uploads\/2025\/10\/lake-food-expo-landscape-1024x683.png 1024w, https:\/\/tribusana.com\/wp-content\/uploads\/2025\/10\/lake-food-expo-landscape-768x512.png 768w, https:\/\/tribusana.com\/wp-content\/uploads\/2025\/10\/lake-food-expo-landscape-600x400.png 600w\" sizes=\"(max-width: 1536px) 100vw, 1536px\" \/>\t\t\t<\/div>\n\n\t\t\t<div class=\"upk-content-box upk-position-center\">\n\t\t\t\t<div class=\"upk-content-inner\">\n\t\t\t\t\t<div class=\"upk-category-date-wrap upk-flex upk-flex-middle\" data-swiper-parallax=\"-100\" data-swiper-parallax-opacity=\"0.5\" data-swiper-parallax-duration=\"600\">\n\t\t\t\t\t\t\t\t<div class=\"upk-category\">\n\t\t\t<a href=\"https:\/\/tribusana.com\/es\/category\/pulsa\/\" \n\t\t\t\t\t\t\taria-label=\"Category Pulsa\">Pulsa<\/a>\t\t<\/div>\n\t\n\t\t\t\t\t\t\t\t\t\t\t\t<div class=\"upk-meta upk-flex upk-flex-middle\">\n\t\t\t\t\t\t\t\t\t<div class=\"upk-date\">\n\t\t\toctubre 18, 2025\t\t<\/div>\n\n\t\t\t\t\t\t\t\t\t\t\t\t\t\t\t\t<\/div>\n\t\t\t\t\t\t\n\t\t\t\t\t<\/div>\n\n\t\t\t\t\t<div data-swiper-parallax=\"-200\" data-swiper-parallax-opacity=\"0.5\" data-swiper-parallax-duration=\"700\">\n\t\t\t\t\t\t<h3 class=\"upk-title\"><a href=\"https:\/\/tribusana.com\/es\/il-messaggero-exposicion-de-alimentos-del-lago-a-orillas-de-castel-gandolfo\/\" title=\"Il Messaggero: Exposici\u00f3n de Alimentos del Lago a orillas de Castel Gandolfo\" class=\"title-animation-\" aria-label=\"Il Messaggero: Exposici\u00f3n de Alimentos del Lago a orillas de Castel Gandolfo\">Il Messaggero: Exposici\u00f3n de Alimentos del Lago a orillas de Castel Gandolfo<\/a><\/h3>\t\t\t\t\t<\/div>\n\n\t\t\t\t\t<div data-swiper-parallax=\"-300\" data-swiper-parallax-opacity=\"0.5\" data-swiper-parallax-duration=\"800\">\n\t\t\t\t\t\t\t\t<div class=\"upk-text\">\n\t\t\t<p>Entre Arqueolog\u00eda y Gastronom\u00eda: Exposici\u00f3n de Alimentos del Lago a orillas de Castel Gandolfo La 2025 edici\u00f3n de la Expo<\/p>\n\t\t<\/div>\n\t\t\t\t\t\t\t<\/div>\n\n\t\t\t\t\t<div data-swiper-parallax=\"-400\" data-swiper-parallax-opacity=\"0.5\" data-swiper-parallax-duration=\"900\">\n\t\t\t\t\t\t\t\t\t\t\t<\/div>\n\t\t\t\t<\/div>\n\t\t\t<\/div>\n\t\t<\/div>\n\t\t\t\t\t\t\t<\/div>\n\t\t\t\t\t\t\t\t\t<\/div>\n\n\t\t\t\t\t\t\t\t\t\t\t\t\t\t\t\t\t\t\n\t\t\t<\/div>\n\t\t<\/div>\n\n\t\t\t\t\t\t<\/div>\n\t\t\t\t<\/div>\n\t\t\t\t\t<\/div>\n\t\t\t\t<\/div>\n\t\t\t\t<\/div>\n\t\t","protected":false},"excerpt":{"rendered":"<p>Prensa Press October 18, 2025 Il Messaggero: Lake Food Expo on the Shores of Castel Gandolfo Between Archaeology and Gastronomy: Lake Food Expo on the Shores of Castel Gandolfo The 2025 edition of the Lake Food<\/p>\n","protected":false},"author":2,"featured_media":0,"parent":0,"menu_order":0,"comment_status":"closed","ping_status":"closed","template":"","meta":{"_joinchat":[],"footnotes":""},"class_list":["post-3718","page","type-page","status-publish","hentry"],"yoast_head":"<!-- This site is optimized with the Yoast SEO plugin v26.8 - https:\/\/yoast.com\/product\/yoast-seo-wordpress\/ -->\n<title>Prensa - Tribusana<\/title>\n<meta name=\"robots\" content=\"index, follow, max-snippet:-1, max-image-preview:large, max-video-preview:-1\" \/>\n<link rel=\"canonical\" href=\"https:\/\/tribusana.com\/es\/prensa\/\" \/>\n<meta property=\"og:locale\" content=\"es_ES\" \/>\n<meta property=\"og:type\" content=\"article\" \/>\n<meta property=\"og:title\" content=\"Prensa - Tribusana\" \/>\n<meta property=\"og:description\" content=\"Prensa Press October 18, 2025 Il Messaggero: Lake Food Expo on the Shores of Castel Gandolfo Between Archaeology and Gastronomy: Lake Food Expo on the Shores of Castel Gandolfo The 2025 edition of the Lake Food\" \/>\n<meta property=\"og:url\" content=\"https:\/\/tribusana.com\/es\/prensa\/\" \/>\n<meta property=\"og:site_name\" content=\"Tribusana\" \/>\n<meta property=\"article:publisher\" content=\"https:\/\/www.facebook.com\/tribusanarevolution\/\" \/>\n<meta property=\"article:modified_time\" content=\"2025-10-18T10:58:14+00:00\" \/>\n<meta property=\"og:image\" content=\"https:\/\/tribusana.com\/wp-content\/uploads\/2025\/10\/lake-food-expo-landscape.png\" \/>\n<meta name=\"twitter:card\" content=\"summary_large_image\" \/>\n<script type=\"application\/ld+json\" class=\"yoast-schema-graph\">{\"@context\":\"https:\/\/schema.org\",\"@graph\":[{\"@type\":\"WebPage\",\"@id\":\"https:\/\/tribusana.com\/es\/prensa\/\",\"url\":\"https:\/\/tribusana.com\/es\/prensa\/\",\"name\":\"Prensa - Tribusana\",\"isPartOf\":{\"@id\":\"https:\/\/tribusana.com\/es\/#website\"},\"primaryImageOfPage\":{\"@id\":\"https:\/\/tribusana.com\/es\/prensa\/#primaryimage\"},\"image\":{\"@id\":\"https:\/\/tribusana.com\/es\/prensa\/#primaryimage\"},\"thumbnailUrl\":\"https:\/\/tribusana.com\/wp-content\/uploads\/2025\/10\/lake-food-expo-landscape.png\",\"datePublished\":\"2025-10-18T10:17:31+00:00\",\"dateModified\":\"2025-10-18T10:58:14+00:00\",\"breadcrumb\":{\"@id\":\"https:\/\/tribusana.com\/es\/prensa\/#breadcrumb\"},\"inLanguage\":\"es\",\"potentialAction\":[{\"@type\":\"ReadAction\",\"target\":[\"https:\/\/tribusana.com\/es\/prensa\/\"]}]},{\"@type\":\"ImageObject\",\"inLanguage\":\"es\",\"@id\":\"https:\/\/tribusana.com\/es\/prensa\/#primaryimage\",\"url\":\"https:\/\/tribusana.com\/wp-content\/uploads\/2025\/10\/lake-food-expo-landscape.png\",\"contentUrl\":\"https:\/\/tribusana.com\/wp-content\/uploads\/2025\/10\/lake-food-expo-landscape.png\"},{\"@type\":\"BreadcrumbList\",\"@id\":\"https:\/\/tribusana.com\/es\/prensa\/#breadcrumb\",\"itemListElement\":[{\"@type\":\"ListItem\",\"position\":1,\"name\":\"Home\",\"item\":\"https:\/\/tribusana.com\/es\/\"},{\"@type\":\"ListItem\",\"position\":2,\"name\":\"Prensa\"}]},{\"@type\":\"WebSite\",\"@id\":\"https:\/\/tribusana.com\/es\/#website\",\"url\":\"https:\/\/tribusana.com\/es\/\",\"name\":\"Tribusana\",\"description\":\"Building Mindful Connections Through Real Food\",\"potentialAction\":[{\"@type\":\"SearchAction\",\"target\":{\"@type\":\"EntryPoint\",\"urlTemplate\":\"https:\/\/tribusana.com\/es\/?s={search_term_string}\"},\"query-input\":{\"@type\":\"PropertyValueSpecification\",\"valueRequired\":true,\"valueName\":\"search_term_string\"}}],\"inLanguage\":\"es\"}]}<\/script>\n<!-- \/ Yoast SEO plugin. -->","yoast_head_json":{"title":"Prensa - Tribusana","robots":{"index":"index","follow":"follow","max-snippet":"max-snippet:-1","max-image-preview":"max-image-preview:large","max-video-preview":"max-video-preview:-1"},"canonical":"https:\/\/tribusana.com\/es\/prensa\/","og_locale":"es_ES","og_type":"article","og_title":"Prensa - Tribusana","og_description":"Prensa Press October 18, 2025 Il Messaggero: Lake Food Expo on the Shores of Castel Gandolfo Between Archaeology and Gastronomy: Lake Food Expo on the Shores of Castel Gandolfo The 2025 edition of the Lake Food","og_url":"https:\/\/tribusana.com\/es\/prensa\/","og_site_name":"Tribusana","article_publisher":"https:\/\/www.facebook.com\/tribusanarevolution\/","article_modified_time":"2025-10-18T10:58:14+00:00","og_image":[{"url":"https:\/\/tribusana.com\/wp-content\/uploads\/2025\/10\/lake-food-expo-landscape.png","type":"","width":"","height":""}],"twitter_card":"summary_large_image","schema":{"@context":"https:\/\/schema.org","@graph":[{"@type":"WebPage","@id":"https:\/\/tribusana.com\/es\/prensa\/","url":"https:\/\/tribusana.com\/es\/prensa\/","name":"Prensa - Tribusana","isPartOf":{"@id":"https:\/\/tribusana.com\/es\/#website"},"primaryImageOfPage":{"@id":"https:\/\/tribusana.com\/es\/prensa\/#primaryimage"},"image":{"@id":"https:\/\/tribusana.com\/es\/prensa\/#primaryimage"},"thumbnailUrl":"https:\/\/tribusana.com\/wp-content\/uploads\/2025\/10\/lake-food-expo-landscape.png","datePublished":"2025-10-18T10:17:31+00:00","dateModified":"2025-10-18T10:58:14+00:00","breadcrumb":{"@id":"https:\/\/tribusana.com\/es\/prensa\/#breadcrumb"},"inLanguage":"es","potentialAction":[{"@type":"ReadAction","target":["https:\/\/tribusana.com\/es\/prensa\/"]}]},{"@type":"ImageObject","inLanguage":"es","@id":"https:\/\/tribusana.com\/es\/prensa\/#primaryimage","url":"https:\/\/tribusana.com\/wp-content\/uploads\/2025\/10\/lake-food-expo-landscape.png","contentUrl":"https:\/\/tribusana.com\/wp-content\/uploads\/2025\/10\/lake-food-expo-landscape.png"},{"@type":"BreadcrumbList","@id":"https:\/\/tribusana.com\/es\/prensa\/#breadcrumb","itemListElement":[{"@type":"ListItem","position":1,"name":"Home","item":"https:\/\/tribusana.com\/es\/"},{"@type":"ListItem","position":2,"name":"Prensa"}]},{"@type":"WebSite","@id":"https:\/\/tribusana.com\/es\/#website","url":"https:\/\/tribusana.com\/es\/","name":"Tribusana","description":"Building Mindful Connections Through Real Food","potentialAction":[{"@type":"SearchAction","target":{"@type":"EntryPoint","urlTemplate":"https:\/\/tribusana.com\/es\/?s={search_term_string}"},"query-input":{"@type":"PropertyValueSpecification","valueRequired":true,"valueName":"search_term_string"}}],"inLanguage":"es"}]}},"_links":{"self":[{"href":"https:\/\/tribusana.com\/es\/wp-json\/wp\/v2\/pages\/3718","targetHints":{"allow":["GET"]}}],"collection":[{"href":"https:\/\/tribusana.com\/es\/wp-json\/wp\/v2\/pages"}],"about":[{"href":"https:\/\/tribusana.com\/es\/wp-json\/wp\/v2\/types\/page"}],"author":[{"embeddable":true,"href":"https:\/\/tribusana.com\/es\/wp-json\/wp\/v2\/users\/2"}],"replies":[{"embeddable":true,"href":"https:\/\/tribusana.com\/es\/wp-json\/wp\/v2\/comments?post=3718"}],"version-history":[{"count":1,"href":"https:\/\/tribusana.com\/es\/wp-json\/wp\/v2\/pages\/3718\/revisions"}],"predecessor-version":[{"id":3719,"href":"https:\/\/tribusana.com\/es\/wp-json\/wp\/v2\/pages\/3718\/revisions\/3719"}],"wp:attachment":[{"href":"https:\/\/tribusana.com\/es\/wp-json\/wp\/v2\/media?parent=3718"}],"curies":[{"name":"wp","href":"https:\/\/api.w.org\/{rel}","templated":true}]}}