{"id":3526,"date":"2025-10-11T10:53:30","date_gmt":"2025-10-11T08:53:30","guid":{"rendered":"https:\/\/tribusana.com\/?page_id=3526"},"modified":"2026-04-22T09:38:54","modified_gmt":"2026-04-22T07:38:54","slug":"home-2","status":"publish","type":"page","link":"https:\/\/tribusana.com\/es\/home-2\/","title":{"rendered":"Inicio"},"content":{"rendered":"<h2>Del Plato al Planeta: Cultivando un estilo de vida de bienestar y sostenibilidad<\/h2>\n<p>Empoderamos a las personas y sus familias con estrategias, consejos y recetas que transformar\u00e1n sus cocinas en el coraz\u00f3n palpitante de su hogar.<\/p>\n<h2>Nuestra misi\u00f3n<\/h2>\n<p>En Tribusana,<b> impulsamos el cambio desde el interior de nuestros hogares hacia el exterior<\/b>, porque creemos que la verdadera sostenibilidad y el bienestar comienzan al convertir nuestras cocinas en el coraz\u00f3n palpitante de nuestros hogares y familias. Inspiramos a las personas a comprender que <b>las elecciones que hacemos cada d\u00eda comienzan en nuestra propia mesa<\/b>, y que estas pueden tener un impacto duradero en nuestra salud a largo plazo y en la del planeta. <\/p>\n<p>Ayudamos a organizaciones, escuelas y familias a reconocer los 5 Dolores que silenciosamente debilitan el bienestar y la sostenibilidad, y aportamos conciencia y acci\u00f3n a trav\u00e9s de nuestras estrategias, recetas y consejos que permiten a todos abrazar los 5 Pilares del Cambio. As\u00ed, ayudamos desde los comensales m\u00e1s peque\u00f1os hasta los m\u00e1s grandes a tomar conciencia y a realinear sus prioridades hacia una forma de vida m\u00e1s consciente y resiliente.<\/p>\n<p>Es ese \u201cpeque\u00f1o grano de arena\u201d que, colectivamente, puede marcar una enorme diferencia.  <\/p>\n<p><b>Cuando los empleados o los estudiantes llevan h\u00e1bitos conscientes a sus hogares, amplifican la misi\u00f3n de su empresa o escuela y contribuyen a construir un planeta m\u00e1s saludable y sostenible para todos.<\/b><\/p>\n<p>\t\t\t\t\t\t\t\t\t\t\t\t\t\t\t<img fetchpriority=\"high\" decoding=\"async\" width=\"1131\" height=\"1600\" src=\"https:\/\/tribusana.com\/wp-content\/uploads\/2024\/09\/WhatsApp-Image-2024-09-20-at-17.14.18-1.jpeg\" alt=\"Los 5 dolores: Adicciones, confusi\u00f3n, v\u00edctimas, prioridades equivocadas, normalizaci\u00f3n de los malos h\u00e1bitos\" srcset=\"https:\/\/tribusana.com\/wp-content\/uploads\/2024\/09\/WhatsApp-Image-2024-09-20-at-17.14.18-1.jpeg 1131w, https:\/\/tribusana.com\/wp-content\/uploads\/2024\/09\/WhatsApp-Image-2024-09-20-at-17.14.18-1-212x300.jpeg 212w, https:\/\/tribusana.com\/wp-content\/uploads\/2024\/09\/WhatsApp-Image-2024-09-20-at-17.14.18-1-724x1024.jpeg 724w, https:\/\/tribusana.com\/wp-content\/uploads\/2024\/09\/WhatsApp-Image-2024-09-20-at-17.14.18-1-768x1086.jpeg 768w, https:\/\/tribusana.com\/wp-content\/uploads\/2024\/09\/WhatsApp-Image-2024-09-20-at-17.14.18-1-1086x1536.jpeg 1086w, https:\/\/tribusana.com\/wp-content\/uploads\/2024\/09\/WhatsApp-Image-2024-09-20-at-17.14.18-1-600x849.jpeg 600w\" sizes=\"(max-width: 1131px) 100vw, 1131px\"><br \/>\n\t\t\t\t\t\t\t\t\t\t\t\t\t\t\t<img decoding=\"async\" width=\"1131\" height=\"1600\" src=\"https:\/\/tribusana.com\/wp-content\/uploads\/2024\/09\/WhatsApp-Image-2024-09-20-at-17.14.18.jpeg\" alt=\"Los 5 pilares del cambio: ser compasivo, ser creativo, ser curioso, ser cr\u00edtico y construir comunidad\" srcset=\"https:\/\/tribusana.com\/wp-content\/uploads\/2024\/09\/WhatsApp-Image-2024-09-20-at-17.14.18.jpeg 1131w, https:\/\/tribusana.com\/wp-content\/uploads\/2024\/09\/WhatsApp-Image-2024-09-20-at-17.14.18-212x300.jpeg 212w, https:\/\/tribusana.com\/wp-content\/uploads\/2024\/09\/WhatsApp-Image-2024-09-20-at-17.14.18-724x1024.jpeg 724w, https:\/\/tribusana.com\/wp-content\/uploads\/2024\/09\/WhatsApp-Image-2024-09-20-at-17.14.18-768x1086.jpeg 768w, https:\/\/tribusana.com\/wp-content\/uploads\/2024\/09\/WhatsApp-Image-2024-09-20-at-17.14.18-1086x1536.jpeg 1086w, https:\/\/tribusana.com\/wp-content\/uploads\/2024\/09\/WhatsApp-Image-2024-09-20-at-17.14.18-600x849.jpeg 600w\" sizes=\"(max-width: 1131px) 100vw, 1131px\">\t\t\t\t\t\t\t\t\t\t\t\t\t\t\t<\/p>\n<p>A trav\u00e9s de nuestro taller \u201cDulce Despertar\u201d tratamos de recordar a las personas que comer m\u00e1s sano dentro de nuestro hogar y m\u00e1s intencionalmente fuera de nuestro hogar no tiene por qu\u00e9 significar renunciar a lo que amas.<b><\/b><\/p>\n<p>\t\t\t\t\t\t\t\t\t\t\t\t\t\t\t<img decoding=\"async\" width=\"1024\" height=\"576\" src=\"https:\/\/tribusana.com\/wp-content\/uploads\/2024\/09\/WhatsApp-Image-2024-09-20-at-17.18.44-1024x576.jpeg\" alt=\"\u00bfQu\u00e9 entendemos por dulce despertar? No es caro, no es aburrido, no es soso, no es exigente, no es una dieta sino un estilo de vida.\" srcset=\"https:\/\/tribusana.com\/wp-content\/uploads\/2024\/09\/WhatsApp-Image-2024-09-20-at-17.18.44-1024x576.jpeg 1024w, https:\/\/tribusana.com\/wp-content\/uploads\/2024\/09\/WhatsApp-Image-2024-09-20-at-17.18.44-300x169.jpeg 300w, https:\/\/tribusana.com\/wp-content\/uploads\/2024\/09\/WhatsApp-Image-2024-09-20-at-17.18.44-768x432.jpeg 768w, https:\/\/tribusana.com\/wp-content\/uploads\/2024\/09\/WhatsApp-Image-2024-09-20-at-17.18.44-1536x864.jpeg 1536w, https:\/\/tribusana.com\/wp-content\/uploads\/2024\/09\/WhatsApp-Image-2024-09-20-at-17.18.44-600x338.jpeg 600w, https:\/\/tribusana.com\/wp-content\/uploads\/2024\/09\/WhatsApp-Image-2024-09-20-at-17.18.44.jpeg 1600w\" sizes=\"(max-width: 1024px) 100vw, 1024px\">\t\t\t\t\t\t\t\t\t\t\t\t\t\t\t<\/p>\n<p>Estamos aqu\u00ed para inspirarte y hacerte consciente de c\u00f3mo el camino de nuestra vida puede traer color, creatividad y conexi\u00f3n a nuestras cocinas. Se trata de elegir ingredientes que nutran tanto nuestro cuerpo como el planeta, y convertir cada comida en un acto de cuidado, alegr\u00eda y consciencia. Queremos recordarte que la verdadera dulzura no proviene del az\u00facar, sino de un despertar a lo bien que se siente la comida real y una vida consciente.  <b><\/b><\/p>\n<h2>Conoce a Florencia<\/h2>\n<p>\t\t\t\t\t\t\t\t\t\t\t\t\t\t\t<img loading=\"lazy\" decoding=\"async\" width=\"976\" height=\"900\" src=\"https:\/\/tribusana.com\/wp-content\/uploads\/2024\/03\/florencia-two-boys.jpeg\" alt=\"Florencia con sus dos hijos\"><br \/>\n\t\t\t\t\t\t\t\t\t\t\t\t\t\t\t<img loading=\"lazy\" decoding=\"async\" width=\"1186\" height=\"900\" src=\"https:\/\/tribusana.com\/wp-content\/uploads\/2024\/03\/florencia-broccoli-cropped.jpeg\" alt=\"Florencia sosteniendo el br\u00f3coli\">\t\t\t\t\t\t\t\t\t\t\t\t\t\t\t<\/p>\n<p>\u00a1Jambo mi tribu!<\/p>\n<p>Quiero compartir nuestra historia contigo porque queremos que te conviertas en alguien tan apasionado y seguro en tu propia cocina como lo somos nosotros cuando se trata de hacer comidas sencillas, saludables y deliciosas juntos como familia.<\/p>\n<p>Aunque estudi\u00e9 para convertirme en Chef Profesional en 2018, me comunico contigo como madre de dos peque\u00f1os Chefs en crecimiento que se han convertido en mi mayor fuente de inspiraci\u00f3n.<\/p>\n<p><b>\u00a1Con gran entusiasmo te doy la bienvenida al mundo del aprendizaje sostenible y lleno de sabor!<\/b><\/p>\n<p>Me encanta aportar una nueva perspectiva a la cocina y transformar las comidas cotidianas en un viaje de descubrimiento, conexi\u00f3n y compromiso con el medio ambiente.<\/p>\n<p>Como chef con amplia experiencia, me especializo en ayudar a las familias a adoptar h\u00e1bitos de alimentaci\u00f3n saludable, fomentar una relaci\u00f3n consciente con la comida y tomar decisiones sostenibles que beneficien tanto su salud como al planeta.<\/p>\n<p>Con pasi\u00f3n por convertir la cocina en un espacio de juego y disfrute, en lugar de una tarea rutinaria, ofrezco clases de cocina, talleres educativos y charlas inspiradoras que animan tanto a adultos como a ni\u00f1os a comer arco\u00edris reales, reducir el desperdicio de alimentos y contribuir a la acci\u00f3n clim\u00e1tica, bocado a bocado.<\/p>\n<p><strong>Para familias y escuelas<\/strong> \u2013 Cont\u00e1ctame y descubre c\u00f3mo mis clases de cocina y el taller \u201cComiendo Arco\u00edris Reales\u201d pueden despertar la alegr\u00eda en la cocina e inspirar elecciones m\u00e1s sostenibles.<\/p>\n<p><strong>Para equipos y empresas <\/strong> \u2013 Inv\u00edtame a tu evento corporativo para mostrar c\u00f3mo la cocina consciente puede mejorar el bienestar, fortalecer el trabajo en equipo y apoyar un futuro m\u00e1s sostenible.<\/p>\n<p>\t\t\t\t\t<a href=\"https:\/\/tribusana.com\/es\/reserva-una-llamada\/\"><br \/>\n Reserva una llamada<br \/>\n\t\t\t\t\t<\/a><\/p>\n<h2>Nuestros clientes<\/h2>\n<p>Esto es lo que nuestros clientes tienen que decir despu\u00e9s de participar en uno de nuestros talleres, eventos de conferencias o clases de cocina interactivas:<\/p>\n<p> Gracias por concienciar a nuestra familia de la importancia de comer los colores del arco iris. El otro d\u00eda, mi hijo realmente me pregunt\u00f3 si pod\u00eda comer m\u00e1s espinacas para ser r\u00e1pido y fuerte antes de su primera carrera de BMX. Est\u00e1 claro que recuerda muy bien por qu\u00e9 es bueno comer verduras.<br \/>\nOrsi, Mutxamel, Espa\u00f1a<br \/>\nFlorencia me ense\u00f1\u00f3 que hay una forma sencilla de llevar una vida m\u00e1s saludable y llena de color, en armon\u00eda con el entorno y respetando los alimentos de temporada. \u00a1Incluso para profesionales de toda la vida como yo! Ha sido una experiencia muy bonita.<br \/>\nLuisa, Bruselas, B\u00e9lgica<br \/>\n\u201cComo padre soltero, no tengo mucho tiempo para cocinar ni para aprender recetas saludables nuevas. Tu receta de granola me ha salvado la vida: la preparo una vez por semana y me sirve como opci\u00f3n saludable para el desayuno, el postre o la merienda. Adem\u00e1s, tambi\u00e9n he aprendido a convertirla en galletas para los ni\u00f1os.\u201d<br \/>\nAntonio, Alicante, Espa\u00f1a<br \/>\nTienes que probar esta receta, es incre\u00edble. Es sencilla, saludable y absolutamente deliciosa. Solo quiero dar las gracias a Tribusana por la inspiraci\u00f3n.<br \/>\n Jon\u00e1s (14 a\u00f1os), Roma, Italia<br \/>\n\t\t\t\t\t\t\t\t\t\t\t\t\t\t\t<img loading=\"lazy\" decoding=\"async\" width=\"1414\" height=\"2000\" src=\"https:\/\/tribusana.com\/wp-content\/uploads\/2024\/04\/The_3_Must_Have_Noble_Recipes_ENG-2024-3.png\" alt=\"\" srcset=\"https:\/\/tribusana.com\/wp-content\/uploads\/2024\/04\/The_3_Must_Have_Noble_Recipes_ENG-2024-3.png 1414w, https:\/\/tribusana.com\/wp-content\/uploads\/2024\/04\/The_3_Must_Have_Noble_Recipes_ENG-2024-3-212x300.png 212w, https:\/\/tribusana.com\/wp-content\/uploads\/2024\/04\/The_3_Must_Have_Noble_Recipes_ENG-2024-3-724x1024.png 724w, https:\/\/tribusana.com\/wp-content\/uploads\/2024\/04\/The_3_Must_Have_Noble_Recipes_ENG-2024-3-768x1086.png 768w, https:\/\/tribusana.com\/wp-content\/uploads\/2024\/04\/The_3_Must_Have_Noble_Recipes_ENG-2024-3-1086x1536.png 1086w, https:\/\/tribusana.com\/wp-content\/uploads\/2024\/04\/The_3_Must_Have_Noble_Recipes_ENG-2024-3-600x849.png 600w\" sizes=\"(max-width: 1414px) 100vw, 1414px\">\t\t\t\t\t\t\t\t\t\t\t\t\t\t\t<\/p>\n<h2>\u00danete a Nuestra Tribu<\/h2>\n<p>Suscr\u00edbete a nuestro bolet\u00edn y recibe una copia gratuita del ebook con las 3 recetas imprescindibles de Noble.<\/p>\n                <div class=\"ml-embedded\" data-form=\"JB4QoL\"><\/div>\n            \n","protected":false},"excerpt":{"rendered":"<p>Del Plato al Planeta: Cultivando un estilo de vida de bienestar y sostenibilidad Empoderamos a las personas y sus familias con estrategias, consejos y recetas que transformar\u00e1n sus cocinas en el coraz\u00f3n palpitante de su hogar. Nuestra misi\u00f3n En Tribusana, impulsamos el cambio desde el interior de nuestros hogares hacia el exterior, porque creemos que &#8230; <a title=\"Inicio\" class=\"read-more\" href=\"https:\/\/tribusana.com\/es\/home-2\/\" aria-label=\"Leer m\u00e1s sobre Inicio\">Leer m\u00e1s<\/a><\/p>\n","protected":false},"author":2,"featured_media":0,"parent":0,"menu_order":0,"comment_status":"closed","ping_status":"closed","template":"","meta":{"_joinchat":[],"footnotes":""},"class_list":["post-3526","page","type-page","status-publish"],"yoast_head":"<!-- This site is optimized with the Yoast SEO plugin v27.4 - https:\/\/yoast.com\/product\/yoast-seo-wordpress\/ -->\n<title>Inicio - Tribusana<\/title>\n<meta name=\"description\" content=\"\u00danete a la cocina familiar de Tribusana: cocina sana para familias, recetas vibrantes, ideas de comidas inteligentes e inspiraci\u00f3n saludable para nutrir a tus seres queridos.\" \/>\n<meta name=\"robots\" content=\"index, follow, max-snippet:-1, max-image-preview:large, max-video-preview:-1\" \/>\n<link rel=\"canonical\" href=\"https:\/\/tribusana.com\/es\/home-2\/\" \/>\n<meta property=\"og:locale\" content=\"es_ES\" \/>\n<meta property=\"og:type\" content=\"article\" \/>\n<meta property=\"og:title\" content=\"Inicio - Tribusana\" \/>\n<meta property=\"og:description\" content=\"\u00danete a la cocina familiar de Tribusana: cocina sana para familias, recetas vibrantes, ideas de comidas inteligentes e inspiraci\u00f3n saludable para nutrir a tus seres queridos.\" \/>\n<meta property=\"og:url\" content=\"https:\/\/tribusana.com\/es\/home-2\/\" \/>\n<meta property=\"og:site_name\" content=\"Tribusana\" \/>\n<meta property=\"article:publisher\" content=\"https:\/\/www.facebook.com\/tribusanarevolution\/\" \/>\n<meta property=\"article:modified_time\" content=\"2026-04-22T07:38:54+00:00\" \/>\n<meta property=\"og:image\" content=\"https:\/\/tribusana.com\/wp-content\/uploads\/2024\/03\/cropped-WhatsApp-Image-2024-03-05-at-14.59.54-300x300.jpeg\" \/>\n<meta name=\"twitter:card\" content=\"summary_large_image\" \/>\n<meta name=\"twitter:label1\" content=\"Tiempo de lectura\" \/>\n\t<meta name=\"twitter:data1\" content=\"6 minutos\" \/>\n<script type=\"application\/ld+json\" class=\"yoast-schema-graph\">{\"@context\":\"https:\\\/\\\/schema.org\",\"@graph\":[{\"@type\":\"WebPage\",\"@id\":\"https:\\\/\\\/tribusana.com\\\/es\\\/home-2\\\/\",\"url\":\"https:\\\/\\\/tribusana.com\\\/es\\\/home-2\\\/\",\"name\":\"Inicio - Tribusana\",\"isPartOf\":{\"@id\":\"https:\\\/\\\/tribusana.com\\\/es\\\/#website\"},\"primaryImageOfPage\":{\"@id\":\"https:\\\/\\\/tribusana.com\\\/es\\\/home-2\\\/#primaryimage\"},\"image\":{\"@id\":\"https:\\\/\\\/tribusana.com\\\/es\\\/home-2\\\/#primaryimage\"},\"thumbnailUrl\":\"https:\\\/\\\/tribusana.com\\\/wp-content\\\/uploads\\\/2024\\\/09\\\/WhatsApp-Image-2024-09-20-at-17.14.18-1.jpeg\",\"datePublished\":\"2025-10-11T08:53:30+00:00\",\"dateModified\":\"2026-04-22T07:38:54+00:00\",\"description\":\"\u00danete a la cocina familiar de Tribusana: cocina sana para familias, recetas vibrantes, ideas de comidas inteligentes e inspiraci\u00f3n saludable para nutrir a tus seres queridos.\",\"breadcrumb\":{\"@id\":\"https:\\\/\\\/tribusana.com\\\/es\\\/home-2\\\/#breadcrumb\"},\"inLanguage\":\"es\",\"potentialAction\":[{\"@type\":\"ReadAction\",\"target\":[\"https:\\\/\\\/tribusana.com\\\/es\\\/home-2\\\/\"]}]},{\"@type\":\"ImageObject\",\"inLanguage\":\"es\",\"@id\":\"https:\\\/\\\/tribusana.com\\\/es\\\/home-2\\\/#primaryimage\",\"url\":\"https:\\\/\\\/tribusana.com\\\/wp-content\\\/uploads\\\/2024\\\/09\\\/WhatsApp-Image-2024-09-20-at-17.14.18-1.jpeg\",\"contentUrl\":\"https:\\\/\\\/tribusana.com\\\/wp-content\\\/uploads\\\/2024\\\/09\\\/WhatsApp-Image-2024-09-20-at-17.14.18-1.jpeg\"},{\"@type\":\"BreadcrumbList\",\"@id\":\"https:\\\/\\\/tribusana.com\\\/es\\\/home-2\\\/#breadcrumb\",\"itemListElement\":[{\"@type\":\"ListItem\",\"position\":1,\"name\":\"Home\",\"item\":\"https:\\\/\\\/tribusana.com\\\/es\\\/\"},{\"@type\":\"ListItem\",\"position\":2,\"name\":\"Inicio\"}]},{\"@type\":\"WebSite\",\"@id\":\"https:\\\/\\\/tribusana.com\\\/es\\\/#website\",\"url\":\"https:\\\/\\\/tribusana.com\\\/es\\\/\",\"name\":\"Tribusana\",\"description\":\"Building Mindful Connections Through Real Food\",\"potentialAction\":[{\"@type\":\"SearchAction\",\"target\":{\"@type\":\"EntryPoint\",\"urlTemplate\":\"https:\\\/\\\/tribusana.com\\\/es\\\/?s={search_term_string}\"},\"query-input\":{\"@type\":\"PropertyValueSpecification\",\"valueRequired\":true,\"valueName\":\"search_term_string\"}}],\"inLanguage\":\"es\"}]}<\/script>\n<!-- \/ Yoast SEO plugin. -->","yoast_head_json":{"title":"Inicio - Tribusana","description":"\u00danete a la cocina familiar de Tribusana: cocina sana para familias, recetas vibrantes, ideas de comidas inteligentes e inspiraci\u00f3n saludable para nutrir a tus seres queridos.","robots":{"index":"index","follow":"follow","max-snippet":"max-snippet:-1","max-image-preview":"max-image-preview:large","max-video-preview":"max-video-preview:-1"},"canonical":"https:\/\/tribusana.com\/es\/home-2\/","og_locale":"es_ES","og_type":"article","og_title":"Inicio - Tribusana","og_description":"\u00danete a la cocina familiar de Tribusana: cocina sana para familias, recetas vibrantes, ideas de comidas inteligentes e inspiraci\u00f3n saludable para nutrir a tus seres queridos.","og_url":"https:\/\/tribusana.com\/es\/home-2\/","og_site_name":"Tribusana","article_publisher":"https:\/\/www.facebook.com\/tribusanarevolution\/","article_modified_time":"2026-04-22T07:38:54+00:00","og_image":[{"url":"https:\/\/tribusana.com\/wp-content\/uploads\/2024\/03\/cropped-WhatsApp-Image-2024-03-05-at-14.59.54-300x300.jpeg","type":"","width":"","height":""}],"twitter_card":"summary_large_image","twitter_misc":{"Tiempo de lectura":"6 minutos"},"schema":{"@context":"https:\/\/schema.org","@graph":[{"@type":"WebPage","@id":"https:\/\/tribusana.com\/es\/home-2\/","url":"https:\/\/tribusana.com\/es\/home-2\/","name":"Inicio - Tribusana","isPartOf":{"@id":"https:\/\/tribusana.com\/es\/#website"},"primaryImageOfPage":{"@id":"https:\/\/tribusana.com\/es\/home-2\/#primaryimage"},"image":{"@id":"https:\/\/tribusana.com\/es\/home-2\/#primaryimage"},"thumbnailUrl":"https:\/\/tribusana.com\/wp-content\/uploads\/2024\/09\/WhatsApp-Image-2024-09-20-at-17.14.18-1.jpeg","datePublished":"2025-10-11T08:53:30+00:00","dateModified":"2026-04-22T07:38:54+00:00","description":"\u00danete a la cocina familiar de Tribusana: cocina sana para familias, recetas vibrantes, ideas de comidas inteligentes e inspiraci\u00f3n saludable para nutrir a tus seres queridos.","breadcrumb":{"@id":"https:\/\/tribusana.com\/es\/home-2\/#breadcrumb"},"inLanguage":"es","potentialAction":[{"@type":"ReadAction","target":["https:\/\/tribusana.com\/es\/home-2\/"]}]},{"@type":"ImageObject","inLanguage":"es","@id":"https:\/\/tribusana.com\/es\/home-2\/#primaryimage","url":"https:\/\/tribusana.com\/wp-content\/uploads\/2024\/09\/WhatsApp-Image-2024-09-20-at-17.14.18-1.jpeg","contentUrl":"https:\/\/tribusana.com\/wp-content\/uploads\/2024\/09\/WhatsApp-Image-2024-09-20-at-17.14.18-1.jpeg"},{"@type":"BreadcrumbList","@id":"https:\/\/tribusana.com\/es\/home-2\/#breadcrumb","itemListElement":[{"@type":"ListItem","position":1,"name":"Home","item":"https:\/\/tribusana.com\/es\/"},{"@type":"ListItem","position":2,"name":"Inicio"}]},{"@type":"WebSite","@id":"https:\/\/tribusana.com\/es\/#website","url":"https:\/\/tribusana.com\/es\/","name":"Tribusana","description":"Building Mindful Connections Through Real Food","potentialAction":[{"@type":"SearchAction","target":{"@type":"EntryPoint","urlTemplate":"https:\/\/tribusana.com\/es\/?s={search_term_string}"},"query-input":{"@type":"PropertyValueSpecification","valueRequired":true,"valueName":"search_term_string"}}],"inLanguage":"es"}]}},"_links":{"self":[{"href":"https:\/\/tribusana.com\/es\/wp-json\/wp\/v2\/pages\/3526","targetHints":{"allow":["GET"]}}],"collection":[{"href":"https:\/\/tribusana.com\/es\/wp-json\/wp\/v2\/pages"}],"about":[{"href":"https:\/\/tribusana.com\/es\/wp-json\/wp\/v2\/types\/page"}],"author":[{"embeddable":true,"href":"https:\/\/tribusana.com\/es\/wp-json\/wp\/v2\/users\/2"}],"replies":[{"embeddable":true,"href":"https:\/\/tribusana.com\/es\/wp-json\/wp\/v2\/comments?post=3526"}],"version-history":[{"count":91,"href":"https:\/\/tribusana.com\/es\/wp-json\/wp\/v2\/pages\/3526\/revisions"}],"predecessor-version":[{"id":5829,"href":"https:\/\/tribusana.com\/es\/wp-json\/wp\/v2\/pages\/3526\/revisions\/5829"}],"wp:attachment":[{"href":"https:\/\/tribusana.com\/es\/wp-json\/wp\/v2\/media?parent=3526"}],"curies":[{"name":"wp","href":"https:\/\/api.w.org\/{rel}","templated":true}]}}