{"id":3492,"date":"2025-10-11T09:29:38","date_gmt":"2025-10-11T07:29:38","guid":{"rendered":"https:\/\/tribusana.com\/unete\/"},"modified":"2025-10-17T18:14:36","modified_gmt":"2025-10-17T16:14:36","slug":"unete","status":"publish","type":"page","link":"https:\/\/tribusana.com\/es\/unete\/","title":{"rendered":"\u00danete"},"content":{"rendered":"\t\t<div data-elementor-type=\"wp-page\" data-elementor-id=\"3492\" class=\"elementor elementor-3492 elementor-3490\" data-elementor-post-type=\"page\">\n\t\t\t\t<div class=\"elementor-element elementor-element-25b519c e-flex e-con-boxed e-con e-parent\" data-id=\"25b519c\" data-element_type=\"container\" data-e-type=\"container\">\n\t\t\t\t\t<div class=\"e-con-inner\">\n\t\t\t\t<div class=\"elementor-element elementor-element-2c26a1b elementor-widget elementor-widget-heading\" data-id=\"2c26a1b\" data-element_type=\"widget\" data-e-type=\"widget\" data-widget_type=\"heading.default\">\n\t\t\t\t<div class=\"elementor-widget-container\">\n\t\t\t\t\t<h2 class=\"elementor-heading-title elementor-size-default\">Servicios<\/h2>\t\t\t\t<\/div>\n\t\t\t\t<\/div>\n\t\t\t\t\t<\/div>\n\t\t\t\t<\/div>\n\t\t<div class=\"elementor-element elementor-element-0b4f304 e-flex e-con-boxed e-con e-parent\" data-id=\"0b4f304\" data-element_type=\"container\" data-e-type=\"container\">\n\t\t\t\t\t<div class=\"e-con-inner\">\n\t\t<div class=\"elementor-element elementor-element-b031c0b e-con-full e-flex e-con e-child\" data-id=\"b031c0b\" data-element_type=\"container\" data-e-type=\"container\">\n\t\t\t\t<div class=\"elementor-element elementor-element-c481696 elementor-widget elementor-widget-image\" data-id=\"c481696\" data-element_type=\"widget\" data-e-type=\"widget\" data-widget_type=\"image.default\">\n\t\t\t\t<div class=\"elementor-widget-container\">\n\t\t\t\t\t\t\t\t\t\t\t\t\t\t\t<img fetchpriority=\"high\" decoding=\"async\" width=\"768\" height=\"1024\" src=\"https:\/\/tribusana.com\/wp-content\/uploads\/2025\/04\/WhatsApp-Image-2025-04-04-at-16.00.32.jpeg\" class=\"attachment-full size-full wp-image-2904\" alt=\"Florencia in the kitchen\" srcset=\"https:\/\/tribusana.com\/wp-content\/uploads\/2025\/04\/WhatsApp-Image-2025-04-04-at-16.00.32.jpeg 768w, https:\/\/tribusana.com\/wp-content\/uploads\/2025\/04\/WhatsApp-Image-2025-04-04-at-16.00.32-225x300.jpeg 225w, https:\/\/tribusana.com\/wp-content\/uploads\/2025\/04\/WhatsApp-Image-2025-04-04-at-16.00.32-600x800.jpeg 600w\" sizes=\"(max-width: 768px) 100vw, 768px\" \/>\t\t\t\t\t\t\t\t\t\t\t\t\t\t\t<\/div>\n\t\t\t\t<\/div>\n\t\t\t\t<\/div>\n\t\t<div class=\"elementor-element elementor-element-30972d1 e-con-full e-flex e-con e-child\" data-id=\"30972d1\" data-element_type=\"container\" data-e-type=\"container\">\n\t\t\t\t<div class=\"elementor-element elementor-element-6af246f elementor-widget elementor-widget-spacer\" data-id=\"6af246f\" data-element_type=\"widget\" data-e-type=\"widget\" data-widget_type=\"spacer.default\">\n\t\t\t\t<div class=\"elementor-widget-container\">\n\t\t\t\t\t\t\t<div class=\"elementor-spacer\">\n\t\t\t<div class=\"elementor-spacer-inner\"><\/div>\n\t\t<\/div>\n\t\t\t\t\t\t<\/div>\n\t\t\t\t<\/div>\n\t\t\t\t<div class=\"elementor-element elementor-element-d51bb3e elementor-widget elementor-widget-heading\" data-id=\"d51bb3e\" data-element_type=\"widget\" data-e-type=\"widget\" data-widget_type=\"heading.default\">\n\t\t\t\t<div class=\"elementor-widget-container\">\n\t\t\t\t\t<h3 class=\"elementor-heading-title elementor-size-default\">Novedad Clases magistrales<\/h3>\t\t\t\t<\/div>\n\t\t\t\t<\/div>\n\t\t\t\t<div class=\"elementor-element elementor-element-be38358 elementor-widget elementor-widget-text-editor\" data-id=\"be38358\" data-element_type=\"widget\" data-e-type=\"widget\" data-widget_type=\"text-editor.default\">\n\t\t\t\t<div class=\"elementor-widget-container\">\n\t\t\t\t\t\t\t\t\t<p>\u00danete a la Chef Florencia en una de sus pr\u00f3ximas Masterclasses de Cocina para aprender a preparar opciones sanas y sostenibles para tus fiestas favoritas.<br><br><br><\/p>\t\t\t\t\t\t\t\t<\/div>\n\t\t\t\t<\/div>\n\t\t\t\t<div class=\"elementor-element elementor-element-df48ab4 elementor-align-right elementor-widget elementor-widget-button\" data-id=\"df48ab4\" data-element_type=\"widget\" data-e-type=\"widget\" data-widget_type=\"button.default\">\n\t\t\t\t<div class=\"elementor-widget-container\">\n\t\t\t\t\t\t\t\t\t<div class=\"elementor-button-wrapper\">\n\t\t\t\t\t<a class=\"elementor-button elementor-button-link elementor-size-sm\" href=\"https:\/\/tribusana.com\/es\/clases-magistrales-de-cocina\/\">\n\t\t\t\t\t\t<span class=\"elementor-button-content-wrapper\">\n\t\t\t\t\t\t\t\t\t<span class=\"elementor-button-text\">Ver pr\u00f3ximas clases magistrales<\/span>\n\t\t\t\t\t<\/span>\n\t\t\t\t\t<\/a>\n\t\t\t\t<\/div>\n\t\t\t\t\t\t\t\t<\/div>\n\t\t\t\t<\/div>\n\t\t\t\t<\/div>\n\t\t\t\t\t<\/div>\n\t\t\t\t<\/div>\n\t\t<div class=\"elementor-element elementor-element-457c929 e-flex e-con-boxed e-con e-parent\" data-id=\"457c929\" data-element_type=\"container\" data-e-type=\"container\">\n\t\t\t\t\t<div class=\"e-con-inner\">\n\t\t<div class=\"elementor-element elementor-element-0b807f3 e-con-full e-flex e-con e-child\" data-id=\"0b807f3\" data-element_type=\"container\" data-e-type=\"container\">\n\t\t\t\t<div class=\"elementor-element elementor-element-1860217 elementor-widget elementor-widget-image\" data-id=\"1860217\" data-element_type=\"widget\" data-e-type=\"widget\" data-widget_type=\"image.default\">\n\t\t\t\t<div class=\"elementor-widget-container\">\n\t\t\t\t\t\t\t\t\t\t\t\t\t\t\t<img decoding=\"async\" width=\"1024\" height=\"683\" src=\"https:\/\/tribusana.com\/wp-content\/uploads\/2024\/10\/pexels-askar-abayev-5637915-1024x683.jpg\" class=\"attachment-large size-large wp-image-2709\" alt=\"\" srcset=\"https:\/\/tribusana.com\/wp-content\/uploads\/2024\/10\/pexels-askar-abayev-5637915-1024x683.jpg 1024w, https:\/\/tribusana.com\/wp-content\/uploads\/2024\/10\/pexels-askar-abayev-5637915-300x200.jpg 300w, https:\/\/tribusana.com\/wp-content\/uploads\/2024\/10\/pexels-askar-abayev-5637915-768x512.jpg 768w, https:\/\/tribusana.com\/wp-content\/uploads\/2024\/10\/pexels-askar-abayev-5637915-1536x1024.jpg 1536w, https:\/\/tribusana.com\/wp-content\/uploads\/2024\/10\/pexels-askar-abayev-5637915-2048x1366.jpg 2048w, https:\/\/tribusana.com\/wp-content\/uploads\/2024\/10\/pexels-askar-abayev-5637915-600x400.jpg 600w\" sizes=\"(max-width: 1024px) 100vw, 1024px\" \/>\t\t\t\t\t\t\t\t\t\t\t\t\t\t\t<\/div>\n\t\t\t\t<\/div>\n\t\t\t\t<div class=\"elementor-element elementor-element-51960c9 elementor-widget elementor-widget-heading\" data-id=\"51960c9\" data-element_type=\"widget\" data-e-type=\"widget\" data-widget_type=\"heading.default\">\n\t\t\t\t<div class=\"elementor-widget-container\">\n\t\t\t\t\t<h2 class=\"elementor-heading-title elementor-size-default\">Empresa<\/h2>\t\t\t\t<\/div>\n\t\t\t\t<\/div>\n\t\t\t\t<div class=\"elementor-element elementor-element-86902f2 elementor-widget elementor-widget-text-editor\" data-id=\"86902f2\" data-element_type=\"widget\" data-e-type=\"widget\" data-widget_type=\"text-editor.default\">\n\t\t\t\t<div class=\"elementor-widget-container\">\n\t\t\t\t\t\t\t\t\t<p>Libera el potencial de tu equipo con nuestros atractivos talleres corporativos. Hacemos que la cocina saludable sea sencilla, divertida y colaborativa, potenciando el bienestar, el trabajo en equipo y la creatividad, a la vez que inspiramos h\u00e1bitos saludables duraderos. <\/p>\t\t\t\t\t\t\t\t<\/div>\n\t\t\t\t<\/div>\n\t\t\t\t<div class=\"elementor-element elementor-element-cc0a23e elementor-align-center elementor-widget elementor-widget-button\" data-id=\"cc0a23e\" data-element_type=\"widget\" data-e-type=\"widget\" data-widget_type=\"button.default\">\n\t\t\t\t<div class=\"elementor-widget-container\">\n\t\t\t\t\t\t\t\t\t<div class=\"elementor-button-wrapper\">\n\t\t\t\t\t<a class=\"elementor-button elementor-button-link elementor-size-sm\" href=\"https:\/\/tribusana.com\/es\/reserva-una-llamada\/\">\n\t\t\t\t\t\t<span class=\"elementor-button-content-wrapper\">\n\t\t\t\t\t\t\t\t\t<span class=\"elementor-button-text\">Reserve ahora<\/span>\n\t\t\t\t\t<\/span>\n\t\t\t\t\t<\/a>\n\t\t\t\t<\/div>\n\t\t\t\t\t\t\t\t<\/div>\n\t\t\t\t<\/div>\n\t\t\t\t<\/div>\n\t\t<div class=\"elementor-element elementor-element-9b14027 e-con-full e-flex e-con e-child\" data-id=\"9b14027\" data-element_type=\"container\" data-e-type=\"container\">\n\t\t\t\t<div class=\"elementor-element elementor-element-c9f67ba elementor-widget elementor-widget-image\" data-id=\"c9f67ba\" data-element_type=\"widget\" data-e-type=\"widget\" data-widget_type=\"image.default\">\n\t\t\t\t<div class=\"elementor-widget-container\">\n\t\t\t\t\t\t\t\t\t\t\t\t\t\t\t<img decoding=\"async\" width=\"1024\" height=\"768\" src=\"https:\/\/tribusana.com\/wp-content\/uploads\/2024\/06\/WhatsApp-Image-2024-06-05-at-11.48.17-1024x768.jpeg\" class=\"attachment-large size-large wp-image-2519\" alt=\"Eating real rainbows workshop at school\" srcset=\"https:\/\/tribusana.com\/wp-content\/uploads\/2024\/06\/WhatsApp-Image-2024-06-05-at-11.48.17-1024x768.jpeg 1024w, https:\/\/tribusana.com\/wp-content\/uploads\/2024\/06\/WhatsApp-Image-2024-06-05-at-11.48.17-300x225.jpeg 300w, https:\/\/tribusana.com\/wp-content\/uploads\/2024\/06\/WhatsApp-Image-2024-06-05-at-11.48.17-768x576.jpeg 768w, https:\/\/tribusana.com\/wp-content\/uploads\/2024\/06\/WhatsApp-Image-2024-06-05-at-11.48.17-1536x1152.jpeg 1536w, https:\/\/tribusana.com\/wp-content\/uploads\/2024\/06\/WhatsApp-Image-2024-06-05-at-11.48.17-600x450.jpeg 600w, https:\/\/tribusana.com\/wp-content\/uploads\/2024\/06\/WhatsApp-Image-2024-06-05-at-11.48.17.jpeg 1600w\" sizes=\"(max-width: 1024px) 100vw, 1024px\" \/>\t\t\t\t\t\t\t\t\t\t\t\t\t\t\t<\/div>\n\t\t\t\t<\/div>\n\t\t\t\t<div class=\"elementor-element elementor-element-f5112a8 elementor-widget elementor-widget-heading\" data-id=\"f5112a8\" data-element_type=\"widget\" data-e-type=\"widget\" data-widget_type=\"heading.default\">\n\t\t\t\t<div class=\"elementor-widget-container\">\n\t\t\t\t\t<h2 class=\"elementor-heading-title elementor-size-default\">Escuelas<\/h2>\t\t\t\t<\/div>\n\t\t\t\t<\/div>\n\t\t\t\t<div class=\"elementor-element elementor-element-bf54430 elementor-widget elementor-widget-text-editor\" data-id=\"bf54430\" data-element_type=\"widget\" data-e-type=\"widget\" data-widget_type=\"text-editor.default\">\n\t\t\t\t<div class=\"elementor-widget-container\">\n\t\t\t\t\t\t\t\t\t<p>Nuestros talleres escolares inspiran a los alumnos a disfrutar de la comida sana y aut\u00e9ntica mediante una cocina divertida y pr\u00e1ctica. Ense\u00f1amos habilidades esenciales y nociones b\u00e1sicas de nutrici\u00f3n, haciendo que la educaci\u00f3n alimentaria sea apasionante y ayudando a crear h\u00e1bitos saludables para toda la vida. <\/p>\t\t\t\t\t\t\t\t<\/div>\n\t\t\t\t<\/div>\n\t\t\t\t<div class=\"elementor-element elementor-element-847c4f1 elementor-align-center elementor-widget elementor-widget-button\" data-id=\"847c4f1\" data-element_type=\"widget\" data-e-type=\"widget\" data-widget_type=\"button.default\">\n\t\t\t\t<div class=\"elementor-widget-container\">\n\t\t\t\t\t\t\t\t\t<div class=\"elementor-button-wrapper\">\n\t\t\t\t\t<a class=\"elementor-button elementor-button-link elementor-size-sm\" href=\"https:\/\/tribusana.com\/es\/reserva-una-llamada\/\">\n\t\t\t\t\t\t<span class=\"elementor-button-content-wrapper\">\n\t\t\t\t\t\t\t\t\t<span class=\"elementor-button-text\">Reserve ahora<\/span>\n\t\t\t\t\t<\/span>\n\t\t\t\t\t<\/a>\n\t\t\t\t<\/div>\n\t\t\t\t\t\t\t\t<\/div>\n\t\t\t\t<\/div>\n\t\t\t\t<\/div>\n\t\t<div class=\"elementor-element elementor-element-7a692d6 e-con-full e-flex e-con e-child\" data-id=\"7a692d6\" data-element_type=\"container\" data-e-type=\"container\">\n\t\t\t\t<div class=\"elementor-element elementor-element-741827f elementor-widget elementor-widget-image\" data-id=\"741827f\" data-element_type=\"widget\" data-e-type=\"widget\" data-widget_type=\"image.default\">\n\t\t\t\t<div class=\"elementor-widget-container\">\n\t\t\t\t\t\t\t\t\t\t\t\t\t\t\t<img loading=\"lazy\" decoding=\"async\" width=\"1024\" height=\"683\" src=\"https:\/\/tribusana.com\/wp-content\/uploads\/2024\/10\/pexels-august-de-richelieu-4262183-1024x683.jpg\" class=\"attachment-large size-large wp-image-2712\" alt=\"\" srcset=\"https:\/\/tribusana.com\/wp-content\/uploads\/2024\/10\/pexels-august-de-richelieu-4262183-1024x683.jpg 1024w, https:\/\/tribusana.com\/wp-content\/uploads\/2024\/10\/pexels-august-de-richelieu-4262183-300x200.jpg 300w, https:\/\/tribusana.com\/wp-content\/uploads\/2024\/10\/pexels-august-de-richelieu-4262183-768x513.jpg 768w, https:\/\/tribusana.com\/wp-content\/uploads\/2024\/10\/pexels-august-de-richelieu-4262183-1536x1025.jpg 1536w, https:\/\/tribusana.com\/wp-content\/uploads\/2024\/10\/pexels-august-de-richelieu-4262183-2048x1367.jpg 2048w, https:\/\/tribusana.com\/wp-content\/uploads\/2024\/10\/pexels-august-de-richelieu-4262183-600x400.jpg 600w\" sizes=\"(max-width: 1024px) 100vw, 1024px\" \/>\t\t\t\t\t\t\t\t\t\t\t\t\t\t\t<\/div>\n\t\t\t\t<\/div>\n\t\t\t\t<div class=\"elementor-element elementor-element-075623d elementor-widget elementor-widget-heading\" data-id=\"075623d\" data-element_type=\"widget\" data-e-type=\"widget\" data-widget_type=\"heading.default\">\n\t\t\t\t<div class=\"elementor-widget-container\">\n\t\t\t\t\t<h2 class=\"elementor-heading-title elementor-size-default\">Privado<\/h2>\t\t\t\t<\/div>\n\t\t\t\t<\/div>\n\t\t\t\t<div class=\"elementor-element elementor-element-09290ef elementor-widget elementor-widget-text-editor\" data-id=\"09290ef\" data-element_type=\"widget\" data-e-type=\"widget\" data-widget_type=\"text-editor.default\">\n\t\t\t\t<div class=\"elementor-widget-container\">\n\t\t\t\t\t\t\t\t\t<p>Re\u00fane a amigos, familiares o a un grupo privado para vivir una experiencia culinaria divertida y pr\u00e1ctica. Nuestros talleres personalizados te ense\u00f1an a crear comidas sanas con ingredientes frescos, haciendo que comer sano sea f\u00e1cil, agradable y adaptado a ti. <\/p>\t\t\t\t\t\t\t\t<\/div>\n\t\t\t\t<\/div>\n\t\t\t\t<div class=\"elementor-element elementor-element-37208cf elementor-align-center elementor-widget elementor-widget-button\" data-id=\"37208cf\" data-element_type=\"widget\" data-e-type=\"widget\" data-widget_type=\"button.default\">\n\t\t\t\t<div class=\"elementor-widget-container\">\n\t\t\t\t\t\t\t\t\t<div class=\"elementor-button-wrapper\">\n\t\t\t\t\t<a class=\"elementor-button elementor-button-link elementor-size-sm\" href=\"https:\/\/tribusana.com\/es\/reserva-una-llamada\/\">\n\t\t\t\t\t\t<span class=\"elementor-button-content-wrapper\">\n\t\t\t\t\t\t\t\t\t<span class=\"elementor-button-text\">Reserve ahora<\/span>\n\t\t\t\t\t<\/span>\n\t\t\t\t\t<\/a>\n\t\t\t\t<\/div>\n\t\t\t\t\t\t\t\t<\/div>\n\t\t\t\t<\/div>\n\t\t\t\t<\/div>\n\t\t\t\t\t<\/div>\n\t\t\t\t<\/div>\n\t\t\t\t<\/div>\n\t\t","protected":false},"excerpt":{"rendered":"<p>Servicios Novedad Clases magistrales \u00danete a la Chef Florencia en una de sus pr\u00f3ximas Masterclasses de Cocina para aprender a preparar opciones sanas y sostenibles para tus fiestas favoritas. Ver pr\u00f3ximas clases magistrales Empresa Libera el potencial de tu equipo con nuestros atractivos talleres corporativos. Hacemos que la cocina saludable sea sencilla, divertida y colaborativa, &#8230; <a title=\"\u00danete\" class=\"read-more\" href=\"https:\/\/tribusana.com\/es\/unete\/\" aria-label=\"Leer m\u00e1s sobre \u00danete\">Leer m\u00e1s<\/a><\/p>\n","protected":false},"author":2,"featured_media":0,"parent":0,"menu_order":0,"comment_status":"closed","ping_status":"closed","template":"","meta":{"_joinchat":[],"footnotes":""},"class_list":["post-3492","page","type-page","status-publish"],"yoast_head":"<!-- This site is optimized with the Yoast SEO plugin v26.8 - https:\/\/yoast.com\/product\/yoast-seo-wordpress\/ -->\n<title>\u00danete - Tribusana<\/title>\n<meta name=\"robots\" content=\"index, follow, max-snippet:-1, max-image-preview:large, max-video-preview:-1\" \/>\n<link rel=\"canonical\" href=\"https:\/\/tribusana.com\/es\/unete\/\" \/>\n<meta property=\"og:locale\" content=\"es_ES\" \/>\n<meta property=\"og:type\" content=\"article\" \/>\n<meta property=\"og:title\" content=\"\u00danete - Tribusana\" \/>\n<meta property=\"og:description\" content=\"Servicios Novedad Clases magistrales \u00danete a la Chef Florencia en una de sus pr\u00f3ximas Masterclasses de Cocina para aprender a preparar opciones sanas y sostenibles para tus fiestas favoritas. Ver pr\u00f3ximas clases magistrales Empresa Libera el potencial de tu equipo con nuestros atractivos talleres corporativos. Hacemos que la cocina saludable sea sencilla, divertida y colaborativa, ... Leer m\u00e1s\" \/>\n<meta property=\"og:url\" content=\"https:\/\/tribusana.com\/es\/unete\/\" \/>\n<meta property=\"og:site_name\" content=\"Tribusana\" \/>\n<meta property=\"article:publisher\" content=\"https:\/\/www.facebook.com\/tribusanarevolution\/\" \/>\n<meta property=\"article:modified_time\" content=\"2025-10-17T16:14:36+00:00\" \/>\n<meta property=\"og:image\" content=\"https:\/\/tribusana.com\/wp-content\/uploads\/2025\/04\/WhatsApp-Image-2025-04-04-at-16.00.32.jpeg\" \/>\n\t<meta property=\"og:image:width\" content=\"768\" \/>\n\t<meta property=\"og:image:height\" content=\"1024\" \/>\n\t<meta property=\"og:image:type\" content=\"image\/jpeg\" \/>\n<meta name=\"twitter:card\" content=\"summary_large_image\" \/>\n<meta name=\"twitter:label1\" content=\"Tiempo de lectura\" \/>\n\t<meta name=\"twitter:data1\" content=\"2 minutos\" \/>\n<script type=\"application\/ld+json\" class=\"yoast-schema-graph\">{\"@context\":\"https:\/\/schema.org\",\"@graph\":[{\"@type\":\"WebPage\",\"@id\":\"https:\/\/tribusana.com\/es\/unete\/\",\"url\":\"https:\/\/tribusana.com\/es\/unete\/\",\"name\":\"\u00danete - Tribusana\",\"isPartOf\":{\"@id\":\"https:\/\/tribusana.com\/es\/#website\"},\"primaryImageOfPage\":{\"@id\":\"https:\/\/tribusana.com\/es\/unete\/#primaryimage\"},\"image\":{\"@id\":\"https:\/\/tribusana.com\/es\/unete\/#primaryimage\"},\"thumbnailUrl\":\"https:\/\/tribusana.com\/wp-content\/uploads\/2025\/04\/WhatsApp-Image-2025-04-04-at-16.00.32.jpeg\",\"datePublished\":\"2025-10-11T07:29:38+00:00\",\"dateModified\":\"2025-10-17T16:14:36+00:00\",\"breadcrumb\":{\"@id\":\"https:\/\/tribusana.com\/es\/unete\/#breadcrumb\"},\"inLanguage\":\"es\",\"potentialAction\":[{\"@type\":\"ReadAction\",\"target\":[\"https:\/\/tribusana.com\/es\/unete\/\"]}]},{\"@type\":\"ImageObject\",\"inLanguage\":\"es\",\"@id\":\"https:\/\/tribusana.com\/es\/unete\/#primaryimage\",\"url\":\"https:\/\/tribusana.com\/wp-content\/uploads\/2025\/04\/WhatsApp-Image-2025-04-04-at-16.00.32.jpeg\",\"contentUrl\":\"https:\/\/tribusana.com\/wp-content\/uploads\/2025\/04\/WhatsApp-Image-2025-04-04-at-16.00.32.jpeg\"},{\"@type\":\"BreadcrumbList\",\"@id\":\"https:\/\/tribusana.com\/es\/unete\/#breadcrumb\",\"itemListElement\":[{\"@type\":\"ListItem\",\"position\":1,\"name\":\"Home\",\"item\":\"https:\/\/tribusana.com\/es\/\"},{\"@type\":\"ListItem\",\"position\":2,\"name\":\"\u00danete\"}]},{\"@type\":\"WebSite\",\"@id\":\"https:\/\/tribusana.com\/es\/#website\",\"url\":\"https:\/\/tribusana.com\/es\/\",\"name\":\"Tribusana\",\"description\":\"Building Mindful Connections Through Real Food\",\"potentialAction\":[{\"@type\":\"SearchAction\",\"target\":{\"@type\":\"EntryPoint\",\"urlTemplate\":\"https:\/\/tribusana.com\/es\/?s={search_term_string}\"},\"query-input\":{\"@type\":\"PropertyValueSpecification\",\"valueRequired\":true,\"valueName\":\"search_term_string\"}}],\"inLanguage\":\"es\"}]}<\/script>\n<!-- \/ Yoast SEO plugin. -->","yoast_head_json":{"title":"\u00danete - Tribusana","robots":{"index":"index","follow":"follow","max-snippet":"max-snippet:-1","max-image-preview":"max-image-preview:large","max-video-preview":"max-video-preview:-1"},"canonical":"https:\/\/tribusana.com\/es\/unete\/","og_locale":"es_ES","og_type":"article","og_title":"\u00danete - Tribusana","og_description":"Servicios Novedad Clases magistrales \u00danete a la Chef Florencia en una de sus pr\u00f3ximas Masterclasses de Cocina para aprender a preparar opciones sanas y sostenibles para tus fiestas favoritas. Ver pr\u00f3ximas clases magistrales Empresa Libera el potencial de tu equipo con nuestros atractivos talleres corporativos. Hacemos que la cocina saludable sea sencilla, divertida y colaborativa, ... Leer m\u00e1s","og_url":"https:\/\/tribusana.com\/es\/unete\/","og_site_name":"Tribusana","article_publisher":"https:\/\/www.facebook.com\/tribusanarevolution\/","article_modified_time":"2025-10-17T16:14:36+00:00","og_image":[{"width":768,"height":1024,"url":"https:\/\/tribusana.com\/wp-content\/uploads\/2025\/04\/WhatsApp-Image-2025-04-04-at-16.00.32.jpeg","type":"image\/jpeg"}],"twitter_card":"summary_large_image","twitter_misc":{"Tiempo de lectura":"2 minutos"},"schema":{"@context":"https:\/\/schema.org","@graph":[{"@type":"WebPage","@id":"https:\/\/tribusana.com\/es\/unete\/","url":"https:\/\/tribusana.com\/es\/unete\/","name":"\u00danete - Tribusana","isPartOf":{"@id":"https:\/\/tribusana.com\/es\/#website"},"primaryImageOfPage":{"@id":"https:\/\/tribusana.com\/es\/unete\/#primaryimage"},"image":{"@id":"https:\/\/tribusana.com\/es\/unete\/#primaryimage"},"thumbnailUrl":"https:\/\/tribusana.com\/wp-content\/uploads\/2025\/04\/WhatsApp-Image-2025-04-04-at-16.00.32.jpeg","datePublished":"2025-10-11T07:29:38+00:00","dateModified":"2025-10-17T16:14:36+00:00","breadcrumb":{"@id":"https:\/\/tribusana.com\/es\/unete\/#breadcrumb"},"inLanguage":"es","potentialAction":[{"@type":"ReadAction","target":["https:\/\/tribusana.com\/es\/unete\/"]}]},{"@type":"ImageObject","inLanguage":"es","@id":"https:\/\/tribusana.com\/es\/unete\/#primaryimage","url":"https:\/\/tribusana.com\/wp-content\/uploads\/2025\/04\/WhatsApp-Image-2025-04-04-at-16.00.32.jpeg","contentUrl":"https:\/\/tribusana.com\/wp-content\/uploads\/2025\/04\/WhatsApp-Image-2025-04-04-at-16.00.32.jpeg"},{"@type":"BreadcrumbList","@id":"https:\/\/tribusana.com\/es\/unete\/#breadcrumb","itemListElement":[{"@type":"ListItem","position":1,"name":"Home","item":"https:\/\/tribusana.com\/es\/"},{"@type":"ListItem","position":2,"name":"\u00danete"}]},{"@type":"WebSite","@id":"https:\/\/tribusana.com\/es\/#website","url":"https:\/\/tribusana.com\/es\/","name":"Tribusana","description":"Building Mindful Connections Through Real Food","potentialAction":[{"@type":"SearchAction","target":{"@type":"EntryPoint","urlTemplate":"https:\/\/tribusana.com\/es\/?s={search_term_string}"},"query-input":{"@type":"PropertyValueSpecification","valueRequired":true,"valueName":"search_term_string"}}],"inLanguage":"es"}]}},"_links":{"self":[{"href":"https:\/\/tribusana.com\/es\/wp-json\/wp\/v2\/pages\/3492","targetHints":{"allow":["GET"]}}],"collection":[{"href":"https:\/\/tribusana.com\/es\/wp-json\/wp\/v2\/pages"}],"about":[{"href":"https:\/\/tribusana.com\/es\/wp-json\/wp\/v2\/types\/page"}],"author":[{"embeddable":true,"href":"https:\/\/tribusana.com\/es\/wp-json\/wp\/v2\/users\/2"}],"replies":[{"embeddable":true,"href":"https:\/\/tribusana.com\/es\/wp-json\/wp\/v2\/comments?post=3492"}],"version-history":[{"count":4,"href":"https:\/\/tribusana.com\/es\/wp-json\/wp\/v2\/pages\/3492\/revisions"}],"predecessor-version":[{"id":3657,"href":"https:\/\/tribusana.com\/es\/wp-json\/wp\/v2\/pages\/3492\/revisions\/3657"}],"wp:attachment":[{"href":"https:\/\/tribusana.com\/es\/wp-json\/wp\/v2\/media?parent=3492"}],"curies":[{"name":"wp","href":"https:\/\/api.w.org\/{rel}","templated":true}]}}