{"id":2441,"date":"2024-02-15T11:03:39","date_gmt":"2024-02-15T11:03:39","guid":{"rendered":"https:\/\/tribusana.com\/politica-de-privacidad\/"},"modified":"2024-08-18T15:42:52","modified_gmt":"2024-08-18T15:42:52","slug":"politica-de-privacidad","status":"publish","type":"page","link":"https:\/\/tribusana.com\/es\/politica-de-privacidad\/","title":{"rendered":"Pol\u00edtica de privacidad"},"content":{"rendered":"\t\t<div data-elementor-type=\"wp-page\" data-elementor-id=\"2441\" class=\"elementor elementor-2441 elementor-126\" data-elementor-post-type=\"page\">\n\t\t\t\t<div class=\"elementor-element elementor-element-5e0ed24 e-flex e-con-boxed e-con e-parent\" data-id=\"5e0ed24\" data-element_type=\"container\" data-e-type=\"container\">\n\t\t\t\t\t<div class=\"e-con-inner\">\n\t\t\t\t<div class=\"elementor-element elementor-element-2f1c3c6 elementor-widget elementor-widget-heading\" data-id=\"2f1c3c6\" data-element_type=\"widget\" data-e-type=\"widget\" data-widget_type=\"heading.default\">\n\t\t\t\t<div class=\"elementor-widget-container\">\n\t\t\t\t\t<h2 class=\"elementor-heading-title elementor-size-default\">Pol\u00edtica de privacidad<\/h2>\t\t\t\t<\/div>\n\t\t\t\t<\/div>\n\t\t\t\t<div class=\"elementor-element elementor-element-ebece65 elementor-widget elementor-widget-text-editor\" data-id=\"ebece65\" data-element_type=\"widget\" data-e-type=\"widget\" data-widget_type=\"text-editor.default\">\n\t\t\t\t<div class=\"elementor-widget-container\">\n\t\t\t\t\t\t\t\t\t<p><strong>INTRODUCCI\u00d3N<\/strong><\/p>\n<p>Su privacidad es importante para nosotros, por lo que a trav\u00e9s de este documento le explicamos qu\u00e9 datos recogemos de los usuarios, c\u00f3mo los utilizamos y para qu\u00e9, entre otras indicaciones. Los mayores de 14 a\u00f1os podr\u00e1n registrarse como usuarios sin el previo consentimiento de sus padres, tutores o representantes legales. En el caso de menores de 14 a\u00f1os o identificados como \u201cincapaces legalmente\u201d, siempre necesitaremos el consentimiento de los padres, tutor o representante legal.<\/p>\n<p>Para su informaci\u00f3n, nunca le pediremos m\u00e1s datos de los que realmente necesitamos para los servicios requeridos; nunca los compartiremos con terceros, salvo por obligaci\u00f3n legal o con su autorizaci\u00f3n previa; y nunca utilizaremos sus datos para otra finalidad no indicada previamente.<\/p>\n<p>Como usuario, debe leer cuidadosamente esta pol\u00edtica de privacidad de manera regular, y siempre que introduzca sus datos personales, ya que este documento puede modificarse porque el proveedor puede modificar cualquier tipo de informaci\u00f3n que aparezca en la web para cumplir con la normativa o actualizar la pol\u00edtica, sin obligaci\u00f3n de preavisar o informar a los usuarios de estas modificaciones, siendo suficiente la publicaci\u00f3n en el sitio web del proveedor.<\/p>\n<p><strong>RESPONSABLE DEL TRATAMIENTO<\/strong><\/p>\n<p>Zulberti como responsable del Sitio Web, de conformidad con lo establecido en el Reglamento (UE) 2016\/679 de 27 de abril de 2016 (RGPD), en la Ley Org\u00e1nica 3\/2018, de 5 de diciembre (LOPDGDD) y dem\u00e1s normativa legal vigente en materia de protecci\u00f3n de datos de car\u00e1cter personal, y por la Ley 34\/2002, de 11 de julio, de Servicios de la Sociedad de la Informaci\u00f3n y Comercio Electr\u00f3nico (LSSICE), le informa que tiene implantadas las medidas de seguridad necesarias, de \u00edndole t\u00e9cnica y organizativas, para garantizar y proteger la confidencialidad, integridad y disponibilidad de los datos introducidos.<br \/>\u2013 a trav\u00e9s del formulario de contacto: nombre, correo electr\u00f3nico.<br \/>\u2013 a trav\u00e9s del formulario de registro: nombre, correo electr\u00f3nico, tel\u00e9fono, direcci\u00f3n completa.<br \/>\u2013 utilizando el formulario de suscripci\u00f3n al bolet\u00edn: nombre, correo electr\u00f3nico.<br \/>\u2013 al suscribirse al foro y\/o comentar en \u00e9l: nombre, correo electr\u00f3nico.<br \/>\u2013 utilizando el formulario de recopilaci\u00f3n de datos para ecommerce: nombre, direcci\u00f3n, correo electr\u00f3nico, tel\u00e9fono, datos bancarios o informaci\u00f3n sobre una tarjeta de cr\u00e9dito o d\u00e9bito.<br \/>No se tratan las categor\u00edas de datos especialmente protegidas<\/p>\n<p><strong>FINALIDAD DEL TRATAMIENTO<\/strong><\/p>\n<p>Sus datos personales se utilizar\u00e1n \u00fanicamente para los siguientes fines, otorgando su consentimiento para cada uno de los fines en la secci\u00f3n correspondiente del sitio web:<br \/>\u2013 formulario de contacto: para responder a consultas y\/o proporcionar la informaci\u00f3n requerida por el Usuario;<br \/>\u2013 formulario de registro: para la creaci\u00f3n de una cuenta de usuario y poder acceder a las funcionalidades de la web;<br \/>\u2013 formulario de suscripci\u00f3n al bolet\u00edn: para enviar comunicaciones comerciales por correo electr\u00f3nico, SMS, comunidades sociales o cualquier otro medio electr\u00f3nico o f\u00edsico, si el Usuario ha dado su consentimiento expreso para ello;<\/p>\n<p>\u2013 suscripci\u00f3n al foro y\/o comentarios en el mismo: cuando el usuario se registre en el foro, podr\u00e1 comentar en \u00e9l, tanto para plantear dudas como para responder preguntas;<br \/>\u2013 Si contrata el servicio\/comprar el producto a trav\u00e9s de nuestro sitio web doctoragua.es, le solicitaremos que nos proporcione informaci\u00f3n sobre usted, incluyendo su nombre, informaci\u00f3n de contacto e informaci\u00f3n sobre una tarjeta de cr\u00e9dito o d\u00e9bito.<br \/>Otros fines:<br \/>\u2013 Realizar los procedimientos comerciales, administrativos, fiscales y contables necesarios conforme a la normativa vigente;<br \/>\u2013 Conocer su opini\u00f3n y mejorar los servicios proporcionados por la web;<br \/>\u2013 Realizar an\u00e1lisis de perfiles y usabilidad de la web, a trav\u00e9s de cookies (mencionadas en la pol\u00edtica de cookies);<br \/>\u2013 Redes sociales: el uso de las redes sociales se especifica en la secci\u00f3n correspondiente.<br \/>Puede revocar su consentimiento en cualquier momento enviando una carta con el asunto \u201cDarse de baja\u201d al correo electr\u00f3nico revisado. Seg\u00fan la LSSICE, Florencia Zulberti. no realiza pr\u00e1cticas de SPAM, por lo que no env\u00eda correos comerciales por v\u00eda electr\u00f3nica que no hayan sido previamente solicitados o autorizados por el Usuario. En consecuencia, en todas las comunicaciones que recibir\u00e1 del proveedor, el usuario tiene la posibilidad de revocar su consentimiento expreso para recibir nuestras comunicaciones. No procesaremos sus datos personales para ning\u00fan otro prop\u00f3sito que no sea el descrito, salvo por obligaci\u00f3n legal o requerimiento judicial. No ser\u00e1 objeto de decisiones basadas en tratamientos automatizados que produzcan efectos en sus datos.<\/p>\n<p><strong>LEGITIMACI\u00d3N DEL TRATAMIENTO<\/strong><\/p>\n<p>La base legal para el tratamiento de los datos es su consentimiento otorgado en el momento de facilitar sus datos en el formulario correspondiente para llevar a cabo las finalidades, en el momento de marcar la casilla de verificaci\u00f3n.<br \/>La oferta prospectiva o comercial de productos y servicios se basa en el consentimiento que se solicita, sin que en ning\u00fan caso la retirada de dicho consentimiento condicione la ejecuci\u00f3n del contrato de suscripci\u00f3n.<br \/>El no facilitar los datos personales solicitados o el no aceptar la presente pol\u00edtica de privacidad supone la imposibilidad de llevar a cabo las finalidades descritas anteriormente.<br \/>En los casos en que exista una relaci\u00f3n contractual previa entre las partes, la legitimaci\u00f3n para el desarrollo de las obligaciones administrativas, fiscales y contables que resulten necesarias conforme a la legislaci\u00f3n vigente ser\u00e1 la existencia previa de la relaci\u00f3n comercial establecida entre las partes.<\/p>\n<p><strong>PERIODO DE CONSERVACI\u00d3N DE DATOS:<\/strong><\/p>\n<p>Sus datos ser\u00e1n conservados mientras dure la relaci\u00f3n comercial con nosotros o usted ejerza su derecho de cancelaci\u00f3n, oposici\u00f3n o revocaci\u00f3n del consentimiento. Incluso habiendo ejercido correctamente sus derechos, debemos mantener sus datos debidamente bloqueados durante los plazos legalmente previstos en las disposiciones aplicables.<\/p>\n<p><strong>DESTINATARIOS DE CESIONES O TRASLADOS:<\/strong><\/p>\n<p>Florencia Zulberti no realiza ninguna cesi\u00f3n o comunicaci\u00f3n de datos ni dentro ni fuera de la UE. El prestador \u00fanicamente facilitar\u00e1 informaci\u00f3n a las Fuerzas y Cuerpos de Seguridad por orden judicial o por imperativo de una norma legal, sin perjuicio de poder bloquear o cancelar su cuenta si pudieran existir indicios de la comisi\u00f3n de un delito por parte del usuario. La informaci\u00f3n proporcionada ser\u00e1 solo la disponible para el proveedor en ese momento.<br \/>La informaci\u00f3n que nos proporcione a trav\u00e9s de este sitio web ser\u00e1 alojada en los servidores de Florencia Zulberti, contratados a la empresa Mugikor App que proporciona el servicio de alojamiento web. El tratamiento de los datos de la entidad est\u00e1 regulado mediante un contrato de encargo de tratamiento entre el proveedor y esta empresa. <\/p>\n<p><strong>DERECHOS DE LAS PERSONAS INTERESADAS:<\/strong><\/p>\n<p>Como usuario-interesado, puede solicitar el ejercicio de los siguientes derechos ante Florencia Zulberti presentando un escrito a la direcci\u00f3n postal del encabezamiento o enviando un correo electr\u00f3nico a info@tribusana.com, indicando como Asunto: \u00abPROTECCI\u00d3N DE DATOS: DERECHOS DE LOS INTERESADOS\u00bb, y adjuntando fotocopia de su DNI o cualquier otro medio an\u00e1logo en derecho, en los t\u00e9rminos indicados por la Ley.<br \/>Derechos:<br \/>Derecho de acceso: permite al interesado conocer y obtener informaci\u00f3n sobre sus datos personales sometidos a tratamiento.<br \/>Derecho de rectificaci\u00f3n o supresi\u00f3n: le permite corregir errores y modificar los datos que resulten ser inexactos o incompletos.<br \/>Derecho de cancelaci\u00f3n: permite suprimir los datos inadecuados o excesivos<\/p>\n<p>Derecho de oposici\u00f3n: derecho del interesado a que no se lleve a cabo el tratamiento de sus datos de car\u00e1cter personal o a que se cese en el mismo.<br \/>Limitaci\u00f3n del tratamiento: supone el marcaje de los datos personales conservados, con el fin de limitar su tratamiento futuro, para el ejercicio o defensa de reclamaciones.<br \/>Portabilidad de los datos: facilitaci\u00f3n de los datos objeto de tratamiento al interesado, para que pueda transmitirlos a otro responsable, sin impedimentos.<br \/>Derecho a no ser objeto de decisiones individuales automatizadas (incluida la elaboraci\u00f3n de perfiles): derecho a no ser objeto de una decisi\u00f3n basada en un tratamiento automatizado que produzca efectos o afecte de forma significativa.<br \/>Como usuario, tiene derecho a retirar el consentimiento dado en cualquier momento. La retirada del consentimiento no afectar\u00e1 a la legalidad del tratamiento realizado antes de la retirada del consentimiento. Tambi\u00e9n tiene derecho a presentar una reclamaci\u00f3n ante la autoridad de control si considera que se han vulnerado sus derechos en relaci\u00f3n con la protecci\u00f3n de sus datos (www.aepd.es).<\/p>\n<p><strong>INFORMACI\u00d3N ADICIONAL:<\/strong><\/p>\n<p><strong>MEDIDAS DE SEGURIDAD:<\/strong><\/p>\n<p>Los datos que nos facilite ser\u00e1n tratados confidencialmente. El prestador ha adoptado todas las medidas de \u00edndole t\u00e9cnica y organizativa y todos los niveles de protecci\u00f3n necesarios para garantizar la seguridad en el tratamiento de los datos y evitar su alteraci\u00f3n, p\u00e9rdida, robo, tratamiento o acceso no autorizado, habida cuenta del estado de la tecnolog\u00eda y la naturaleza de los datos almacenados. Asimismo, se garantiza que el tratamiento y registro en ficheros, programas, sistemas o equipos, locales y centros cumplen los requisitos y condiciones de integridad y seguridad establecidos en la normativa vigente.<\/p>\n<p><strong>IDIOMA<\/strong><\/p>\n<p>El idioma aplicable a esta pol\u00edtica de privacidad es el espa\u00f1ol. Por tanto, en caso de contradicci\u00f3n en alguna de las versiones facilitadas en otros idiomas, prevalecer\u00e1 la versi\u00f3n espa\u00f1ola.<\/p>\n<p><strong>AN\u00c1LISIS DEL PERFIL<\/strong><\/p>\n<p>El usuario que accede a este sitio web consiente expresamente el uso de esta informaci\u00f3n gen\u00e9rica para la elaboraci\u00f3n de perfiles, segmentaci\u00f3n y categorizaci\u00f3n de datos con las finalidades descritas en el apartado anterior.<\/p>\n<p><strong>MEDIOS DE COMUNICACI\u00d3N SOCIAL<\/strong><\/p>\n<p>Le informamos que Florencia Zulberti puede tener presencia en las redes sociales. El tratamiento de los datos que se lleve a cabo de las personas que se hagan seguidoras en las redes sociales (y\/o realicen cualquier v\u00ednculo o acci\u00f3n de conexi\u00f3n a trav\u00e9s de las redes sociales) de las p\u00e1ginas oficiales de Florencia Zulberti se regir\u00e1 por este apartado, as\u00ed como por aquellas condiciones de uso, pol\u00edticas de privacidad y normativas de acceso que pertenezcan a la red social que proceda en cada caso y aceptadas previamente por el usuario.<br \/>Florencia Zulberti tratar\u00e1 sus datos con las finalidades de administrar correctamente su presencia en la red social, informando de actividades, productos o servicios del prestador, as\u00ed como para cualquier otra finalidad que las normativas de las Redes Sociales permitan.<br \/>Est\u00e1 prohibida la publicaci\u00f3n de contenido:<br \/>\u2013 Que sea presuntamente ilegal seg\u00fan las normativas nacionales, comunitarias o internacionales o que realice actividades presuntamente ilegales o contravenga los principios de buena fe.<br \/>\u2013 Que viole los derechos fundamentales de las personas, carezca de cortes\u00eda en la red, moleste o pueda generar opiniones negativas en nuestros usuarios o terceros y, en general, cualquier contenido que se considere inapropiado.<br \/>\u2013 Y en general que contravenga los principios de legalidad, honestidad, responsabilidad, protecci\u00f3n de la dignidad humana, protecci\u00f3n de menores, protecci\u00f3n del orden p\u00fablico, protecci\u00f3n de la privacidad, protecci\u00f3n del consumidor y derechos de propiedad intelectual e industrial. Asimismo, Florencia Zulberti se reserva el derecho de retirar, sin previo aviso del sitio web o de la red social corporativa, aquellos contenidos que se consideren inapropiados. En cualquier caso, si env\u00eda informaci\u00f3n personal a trav\u00e9s de redes sociales, quedar\u00e1 exento de responsabilidad en relaci\u00f3n con las medidas de seguridad aplicables a esta plataforma y el usuario, si desea conocerlas, deber\u00e1 consultar las condiciones particulares de la red en cuesti\u00f3n.<\/p>\n<p><strong>SUSCRIPCI\u00d3N AL BLOG<\/strong><\/p>\n<p>En el caso de que el usuario se suscriba al blog, le informamos que los datos facilitados ser\u00e1n tratados para gestionar su suscripci\u00f3n al bloque de informaci\u00f3n con aviso de actualizaci\u00f3n y que ser\u00e1n conservados mientras exista un inter\u00e9s mutuo para mantener el fin del tratamiento. Cuando ya no sean necesarios para este fin, se eliminar\u00e1n con las medidas de seguridad adecuadas para garantizar la seguridad de los datos o su destrucci\u00f3n total. Los datos no se comunicar\u00e1n a terceros, salvo obligaci\u00f3n legal.<\/p>\n<p><strong>PARTICIPACI\u00d3N EN FOROS<\/strong><\/p>\n<p>En el caso de que el usuario quiera participar en los foros de la web, le informamos de que los datos facilitados ser\u00e1n tratados para regular la participaci\u00f3n en el foro. Cualquier registro o transmisi\u00f3n de datos personales que el usuario de este foro facilite implica el conocimiento y aceptaci\u00f3n inequ\u00edvoca del Aviso Legal y de la Pol\u00edtica de Privacidad expuestos en el sitio web. Los datos se conservar\u00e1n mientras exista un inter\u00e9s mutuo para mantener el fin del tratamiento y cuando dejen de ser necesarios para tal fin, se suprimir\u00e1n con las medidas de seguridad adecuadas para garantizar la seguridad de los datos (en su caso) o la destrucci\u00f3n total de los mismos. Los mensajes se mostrar\u00e1n p\u00fablicamente a los usuarios del foro en l\u00ednea.<\/p>\n<p>Florencia Zulberti no se hace responsable de los contenidos publicados en el foro por cualquier usuario registrado. El contenido publicado s\u00f3lo expresa el punto de vista de su autor. El autor del comentario se compromete a no utilizar este blog para publicar o enlazar a contenidos difamatorios, vejatorios, que inciten al odio, amenazadores, ofensivos, abusivos, spam o similares, contenidos para adultos o que violen los derechos de autor o la ley y el orden p\u00fablico en general. Si los comentarios subidos, a juicio de los moderadores, entienden que pueden perjudicar y\/o violar los derechos de terceros o la ley, podr\u00e1n ser eliminados sin explicaci\u00f3n alguna.<\/p>\n<p><strong>PUBLICACI\u00d3N DE SU TESTIMONIO<\/strong><\/p>\n<p>En caso de que el usuario quiera publicar su opini\u00f3n en la web, le informamos que los datos facilitados ser\u00e1n tratados para atender las sugerencias, experiencias u opiniones propuestas respecto a los productos y\/o servicios que se publiquen en la p\u00e1gina web y as\u00ed poder ayudar a otros usuarios. Los datos se conservar\u00e1n mientras exista un inter\u00e9s mutuo para mantener el fin del tratamiento y cuando ya no sean necesarios para este fin, se suprimir\u00e1n con las medidas de seguridad adecuadas para garantizar la seguridad de los datos o su destrucci\u00f3n total. Los testigos se publicar\u00e1n en nuestro sitio web. El \u00fanico dato personal que se publicar\u00e1 sobre la testigo ser\u00e1 su nombre.<\/p>\n<p><strong>CAMBIOS EN ESTA POL\u00cdTICA DE PRIVACIDAD<\/strong><\/p>\n<p>Florencia Zulberti se reserva el derecho a modificar la presente pol\u00edtica para adaptarla a novedades legislativas o jurisprudenciales.<\/p>\n<p><strong>REVOCABILIDAD<\/strong><\/p>\n<p>El consentimiento prestado, tanto para el tratamiento como para la cesi\u00f3n de los datos de los interesados, es revocable en cualquier momento comunic\u00e1ndolo a Florencia Zulberti en los t\u00e9rminos establecidos en esta Pol\u00edtica para el ejercicio de los derechos. Esta revocaci\u00f3n no tendr\u00e1 en ning\u00fan caso car\u00e1cter retroactivo.<\/p>\n<p><strong>LEGISLACI\u00d3N<\/strong><\/p>\n<p>Con car\u00e1cter general las relaciones entre Florencia Zulberti con los Usuarios de sus servicios telem\u00e1ticos, presentes en este sitio web, se encuentran sometidas a la legislaci\u00f3n y jurisdicci\u00f3n espa\u00f1olas, a la que se someten expresamente las partes, siendo competentes para la resoluci\u00f3n de todos los conflictos derivados o relacionados con su uso los Juzgados y Tribunales de Alicante.<\/p>\n\t\t\t\t\t\t\t\t<\/div>\n\t\t\t\t<\/div>\n\t\t\t\t\t<\/div>\n\t\t\t\t<\/div>\n\t\t\t\t<\/div>\n\t\t","protected":false},"excerpt":{"rendered":"<p>Pol\u00edtica de privacidad INTRODUCCI\u00d3N Su privacidad es importante para nosotros, por lo que a trav\u00e9s de este documento le explicamos qu\u00e9 datos recogemos de los usuarios, c\u00f3mo los utilizamos y para qu\u00e9, entre otras indicaciones. Los mayores de 14 a\u00f1os podr\u00e1n registrarse como usuarios sin el previo consentimiento de sus padres, tutores o representantes legales. &#8230; <a title=\"Pol\u00edtica de privacidad\" class=\"read-more\" href=\"https:\/\/tribusana.com\/es\/politica-de-privacidad\/\" aria-label=\"Leer m\u00e1s sobre Pol\u00edtica de privacidad\">Leer m\u00e1s<\/a><\/p>\n","protected":false},"author":1,"featured_media":0,"parent":0,"menu_order":0,"comment_status":"closed","ping_status":"closed","template":"","meta":{"_joinchat":[],"footnotes":""},"class_list":["post-2441","page","type-page","status-publish"],"yoast_head":"<!-- This site is optimized with the Yoast SEO plugin v26.8 - https:\/\/yoast.com\/product\/yoast-seo-wordpress\/ -->\n<title>Pol\u00edtica de privacidad - Tribusana<\/title>\n<meta name=\"description\" content=\"Pol\u00edtica de privacidad del sitio web de Tribusana\" \/>\n<meta name=\"robots\" content=\"index, follow, max-snippet:-1, max-image-preview:large, max-video-preview:-1\" \/>\n<link rel=\"canonical\" href=\"https:\/\/tribusana.com\/es\/politica-de-privacidad\/\" \/>\n<meta property=\"og:locale\" content=\"es_ES\" \/>\n<meta property=\"og:type\" content=\"article\" \/>\n<meta property=\"og:title\" content=\"Pol\u00edtica de privacidad - Tribusana\" \/>\n<meta property=\"og:description\" content=\"Pol\u00edtica de privacidad del sitio web de Tribusana\" \/>\n<meta property=\"og:url\" content=\"https:\/\/tribusana.com\/es\/politica-de-privacidad\/\" \/>\n<meta property=\"og:site_name\" content=\"Tribusana\" \/>\n<meta property=\"article:publisher\" content=\"https:\/\/www.facebook.com\/tribusanarevolution\/\" \/>\n<meta property=\"article:modified_time\" content=\"2024-08-18T15:42:52+00:00\" \/>\n<meta name=\"twitter:card\" content=\"summary_large_image\" \/>\n<meta name=\"twitter:label1\" content=\"Tiempo de lectura\" \/>\n\t<meta name=\"twitter:data1\" content=\"13 minutos\" \/>\n<script type=\"application\/ld+json\" class=\"yoast-schema-graph\">{\"@context\":\"https:\/\/schema.org\",\"@graph\":[{\"@type\":\"WebPage\",\"@id\":\"https:\/\/tribusana.com\/es\/politica-de-privacidad\/\",\"url\":\"https:\/\/tribusana.com\/es\/politica-de-privacidad\/\",\"name\":\"Pol\u00edtica de privacidad - Tribusana\",\"isPartOf\":{\"@id\":\"https:\/\/tribusana.com\/es\/#website\"},\"datePublished\":\"2024-02-15T11:03:39+00:00\",\"dateModified\":\"2024-08-18T15:42:52+00:00\",\"description\":\"Pol\u00edtica de privacidad del sitio web de Tribusana\",\"breadcrumb\":{\"@id\":\"https:\/\/tribusana.com\/es\/politica-de-privacidad\/#breadcrumb\"},\"inLanguage\":\"es\",\"potentialAction\":[{\"@type\":\"ReadAction\",\"target\":[\"https:\/\/tribusana.com\/es\/politica-de-privacidad\/\"]}]},{\"@type\":\"BreadcrumbList\",\"@id\":\"https:\/\/tribusana.com\/es\/politica-de-privacidad\/#breadcrumb\",\"itemListElement\":[{\"@type\":\"ListItem\",\"position\":1,\"name\":\"Home\",\"item\":\"https:\/\/tribusana.com\/es\/\"},{\"@type\":\"ListItem\",\"position\":2,\"name\":\"Pol\u00edtica de privacidad\"}]},{\"@type\":\"WebSite\",\"@id\":\"https:\/\/tribusana.com\/es\/#website\",\"url\":\"https:\/\/tribusana.com\/es\/\",\"name\":\"Tribusana\",\"description\":\"Building Mindful Connections Through Real Food\",\"potentialAction\":[{\"@type\":\"SearchAction\",\"target\":{\"@type\":\"EntryPoint\",\"urlTemplate\":\"https:\/\/tribusana.com\/es\/?s={search_term_string}\"},\"query-input\":{\"@type\":\"PropertyValueSpecification\",\"valueRequired\":true,\"valueName\":\"search_term_string\"}}],\"inLanguage\":\"es\"}]}<\/script>\n<!-- \/ Yoast SEO plugin. -->","yoast_head_json":{"title":"Pol\u00edtica de privacidad - Tribusana","description":"Pol\u00edtica de privacidad del sitio web de Tribusana","robots":{"index":"index","follow":"follow","max-snippet":"max-snippet:-1","max-image-preview":"max-image-preview:large","max-video-preview":"max-video-preview:-1"},"canonical":"https:\/\/tribusana.com\/es\/politica-de-privacidad\/","og_locale":"es_ES","og_type":"article","og_title":"Pol\u00edtica de privacidad - Tribusana","og_description":"Pol\u00edtica de privacidad del sitio web de Tribusana","og_url":"https:\/\/tribusana.com\/es\/politica-de-privacidad\/","og_site_name":"Tribusana","article_publisher":"https:\/\/www.facebook.com\/tribusanarevolution\/","article_modified_time":"2024-08-18T15:42:52+00:00","twitter_card":"summary_large_image","twitter_misc":{"Tiempo de lectura":"13 minutos"},"schema":{"@context":"https:\/\/schema.org","@graph":[{"@type":"WebPage","@id":"https:\/\/tribusana.com\/es\/politica-de-privacidad\/","url":"https:\/\/tribusana.com\/es\/politica-de-privacidad\/","name":"Pol\u00edtica de privacidad - Tribusana","isPartOf":{"@id":"https:\/\/tribusana.com\/es\/#website"},"datePublished":"2024-02-15T11:03:39+00:00","dateModified":"2024-08-18T15:42:52+00:00","description":"Pol\u00edtica de privacidad del sitio web de Tribusana","breadcrumb":{"@id":"https:\/\/tribusana.com\/es\/politica-de-privacidad\/#breadcrumb"},"inLanguage":"es","potentialAction":[{"@type":"ReadAction","target":["https:\/\/tribusana.com\/es\/politica-de-privacidad\/"]}]},{"@type":"BreadcrumbList","@id":"https:\/\/tribusana.com\/es\/politica-de-privacidad\/#breadcrumb","itemListElement":[{"@type":"ListItem","position":1,"name":"Home","item":"https:\/\/tribusana.com\/es\/"},{"@type":"ListItem","position":2,"name":"Pol\u00edtica de privacidad"}]},{"@type":"WebSite","@id":"https:\/\/tribusana.com\/es\/#website","url":"https:\/\/tribusana.com\/es\/","name":"Tribusana","description":"Building Mindful Connections Through Real Food","potentialAction":[{"@type":"SearchAction","target":{"@type":"EntryPoint","urlTemplate":"https:\/\/tribusana.com\/es\/?s={search_term_string}"},"query-input":{"@type":"PropertyValueSpecification","valueRequired":true,"valueName":"search_term_string"}}],"inLanguage":"es"}]}},"_links":{"self":[{"href":"https:\/\/tribusana.com\/es\/wp-json\/wp\/v2\/pages\/2441","targetHints":{"allow":["GET"]}}],"collection":[{"href":"https:\/\/tribusana.com\/es\/wp-json\/wp\/v2\/pages"}],"about":[{"href":"https:\/\/tribusana.com\/es\/wp-json\/wp\/v2\/types\/page"}],"author":[{"embeddable":true,"href":"https:\/\/tribusana.com\/es\/wp-json\/wp\/v2\/users\/1"}],"replies":[{"embeddable":true,"href":"https:\/\/tribusana.com\/es\/wp-json\/wp\/v2\/comments?post=2441"}],"version-history":[{"count":1,"href":"https:\/\/tribusana.com\/es\/wp-json\/wp\/v2\/pages\/2441\/revisions"}],"predecessor-version":[{"id":2442,"href":"https:\/\/tribusana.com\/es\/wp-json\/wp\/v2\/pages\/2441\/revisions\/2442"}],"wp:attachment":[{"href":"https:\/\/tribusana.com\/es\/wp-json\/wp\/v2\/media?parent=2441"}],"curies":[{"name":"wp","href":"https:\/\/api.w.org\/{rel}","templated":true}]}}