{"id":2435,"date":"2024-02-15T10:56:46","date_gmt":"2024-02-15T08:56:46","guid":{"rendered":"https:\/\/tribusana.com\/acuerdo-juridico\/"},"modified":"2025-07-04T17:07:39","modified_gmt":"2025-07-04T15:07:39","slug":"acuerdo-juridico","status":"publish","type":"page","link":"https:\/\/tribusana.com\/es\/acuerdo-juridico\/","title":{"rendered":"Acuerdo jur\u00eddico"},"content":{"rendered":"\t\t<div data-elementor-type=\"wp-page\" data-elementor-id=\"2435\" class=\"elementor elementor-2435 elementor-113\" data-elementor-post-type=\"page\">\n\t\t\t\t<div class=\"elementor-element elementor-element-850790b e-flex e-con-boxed e-con e-parent\" data-id=\"850790b\" data-element_type=\"container\" data-e-type=\"container\">\n\t\t\t\t\t<div class=\"e-con-inner\">\n\t\t\t\t<div class=\"elementor-element elementor-element-f01f3bc elementor-widget elementor-widget-heading\" data-id=\"f01f3bc\" data-element_type=\"widget\" data-e-type=\"widget\" data-widget_type=\"heading.default\">\n\t\t\t\t<div class=\"elementor-widget-container\">\n\t\t\t\t\t<h2 class=\"elementor-heading-title elementor-size-default\">Acuerdo jur\u00eddico<\/h2>\t\t\t\t<\/div>\n\t\t\t\t<\/div>\n\t\t\t\t\t<\/div>\n\t\t\t\t<\/div>\n\t\t<div class=\"elementor-element elementor-element-02b1320 e-flex e-con-boxed e-con e-parent\" data-id=\"02b1320\" data-element_type=\"container\" data-e-type=\"container\">\n\t\t\t\t\t<div class=\"e-con-inner\">\n\t\t\t\t<div class=\"elementor-element elementor-element-9269869 elementor-widget elementor-widget-text-editor\" data-id=\"9269869\" data-element_type=\"widget\" data-e-type=\"widget\" data-widget_type=\"text-editor.default\">\n\t\t\t\t<div class=\"elementor-widget-container\">\n\t\t\t\t\t\t\t\t\t<div data-testid=\"richTextElement\"><p><strong>1.OBJETO<\/strong><\/p><p>Florencia Zulberti (en adelante tambi\u00e9n el prestador) como responsable del sitio web, pone a disposici\u00f3n de los usuarios el presente documento regulador del uso del sitio web tribusana.com, con el que pretende dar cumplimiento a las obligaciones dispuestas en la Ley 34\/2002, de Servicios de la Sociedad de la Informaci\u00f3n y del Comercio Electr\u00f3nico (LSSICE o LSSI), as\u00ed como informar a todos los usuarios del sitio web respecto a cu\u00e1les son las condiciones de uso del sitio web.<br>A trav\u00e9s de la Web, Florencia Zulberti facilita a los usuarios el acceso y la utilizaci\u00f3n de diferentes servicios y contenidos puestos a disposici\u00f3n a trav\u00e9s de la web.<br>Toda persona que acceda a este sitio web asume el papel de usuario (en adelante, el usuario), e implica la aceptaci\u00f3n plena y sin reservas de todas y cada una de las disposiciones incluidas en este aviso legal, as\u00ed como de cualquier otra disposici\u00f3n legal que fuera de aplicaci\u00f3n.<br>Como usuarios, deben leer cuidadosamente este Aviso Legal en cualquiera de las ocasiones en que ingresen al sitio web, ya que este puede sufrir modificaciones, dado que la proveedora se reserva el derecho a modificar cualquier tipo de informaci\u00f3n que pudiera aparecer en el sitio web, sin que exista la obligaci\u00f3n de preavisar o poner en conocimiento de los usuarios dichas obligaciones, siendo suficiente la publicaci\u00f3n en el sitio web de la proveedora.<\/p><p><strong>2. CONDICIONES DE ACCESO Y USO DE LA WEB<br><\/strong><\/p><\/div><div data-testid=\"richTextElement\"><p>2.1. La prestaci\u00f3n de los servicios por parte de Florencia Zulberti tiene car\u00e1cter gratuito para todos los Usuarios. No obstante, algunos de los servicios proporcionados por la proveedora a trav\u00e9s del sitio web est\u00e1n sujetos al pago de un precio determinado por las condiciones generales de contrataci\u00f3n.<br>2.2. Registro de usuario. Con car\u00e1cter general la prestaci\u00f3n de los Servicios no exige la previa suscripci\u00f3n o registro de los Usuarios. Aun as\u00ed, Florencia Zulberti condiciona la utilizaci\u00f3n de algunos de los servicios a la previa cumplimentaci\u00f3n del correspondiente registro de Usuario. Este registro se llevar\u00e1 a cabo de la forma expresamente indicada en la propia secci\u00f3n del servicio.<br>2.3. Veracidad de la informaci\u00f3n. Toda la informaci\u00f3n facilitada por el Usuario deber\u00e1 ser veraz. A estos efectos, el Usuario garantiza la autenticidad de los datos comunicados a trav\u00e9s de los formularios para la suscripci\u00f3n de los Servicios. Ser\u00e1 responsabilidad del Usuario mantener toda la informaci\u00f3n facilitada a Florencia Zulberti permanentemente actualizada de forma que responda, en cada momento, a su situaci\u00f3n real. En cualquier caso, el Usuario ser\u00e1 el \u00fanico responsable de las manifestaciones falsas o inexactas que realice y de los perjuicios que cause a la proveedora o a terceros.<br>2.4. Menores de edad: Para hacer uso de los servicios, los menores de edad deben obtener siempre el consentimiento previo de sus padres, tutores o representantes legales, quienes ser\u00e1n los \u00faltimos responsables de todos los actos realizados por los menores a su cargo. La responsabilidad en la determinaci\u00f3n de los contenidos espec\u00edficos a los que acceden los menores corresponde a aquellos, por lo que si acceden a contenidos inapropiados en Internet, deber\u00e1n establecerse mecanismos en sus ordenadores, en particular programas inform\u00e1ticos, filtros y bloqueos, que permitan limitar los contenidos disponibles y, aunque no son infalibles, son especialmente \u00fatiles para controlar y restringir los materiales a los que pueden acceder los menores.<br>2.5. Obligaci\u00f3n de hacer un uso correcto de la Web.El Usuario se compromete a utilizar la Web de conformidad con la Ley y el presente Aviso Legal, as\u00ed como con la moral y buenas costumbres. A tal efecto, el Usuario se abstendr\u00e1 de utilizar la p\u00e1gina con fines o efectos il\u00edcitos, prohibidos, lesivos de los derechos e intereses de terceros, o que de cualquier forma puedan da\u00f1ar, inutilizar, sobrecargar, deteriorar o impedir la normal utilizaci\u00f3n de los equipos inform\u00e1ticos o los documentos, archivos y toda clase de contenidos almacenados en cualquier equipo inform\u00e1tico del prestador. En particular, y a t\u00edtulo indicativo pero no exhaustivo, el Usuario se compromete a no transmitir, difundir o poner a disposici\u00f3n de terceros informaciones, datos, contenidos, mensajes, gr\u00e1ficos, dibujos, archivos de sonido o imagen, fotograf\u00edas, grabaciones, software y , en general, cualquier clase de material que:<br>(a) sea contrario, menosprecie o vulnere los derechos fundamentales y libertades p\u00fablicas reconocidos constitucionalmente, en los tratados internacionales y dem\u00e1s normas vigentes;<br>(b) b) induzca, incite o promueva acciones delictivas, degradantes, difamatorias, violentas o, en general, contrarias a la ley, a la moral y al orden p\u00fablico;<br>(c) induzca, incite o promueva actuaciones, actitudes o pensamientos discriminatorios por raz\u00f3n de sexo, raza, religi\u00f3n, creencias, edad o condici\u00f3n;<br>(d) sea contrario al derecho al honor, a la intimidad personal o familiar o a la propia imagen de las personas;<br>(e) perjudique de alg\u00fan modo la credibilidad del proveedor o de terceros; y<br>(f) constituya publicidad il\u00edcita, enga\u00f1osa o desleal<\/p><p><strong>3. EXCLUSI\u00d3N DE GARANT\u00cdAS Y DE RESPONSABILIDAD<br><\/strong><\/p><p>La proveedora se exime de cualquier tipo de responsabilidad derivada de la informaci\u00f3n publicada en nuestro sitio web, siempre que esta informaci\u00f3n haya sido manipulada o introducida por un tercero. Este sitio web ha sido revisado y probado para que funcione correctamente. En principio, se puede garantizar un funcionamiento correcto los 365 d\u00edas del a\u00f1o, las 24 horas del d\u00eda. No obstante, el prestador no descarta la posibilidad de que existan ciertos errores de programaci\u00f3n, o que acontezcan causas de fuerza mayor, cat\u00e1strofes naturales, huelgas, o circunstancias semejantes que hagan imposible el acceso a la p\u00e1gina web.<br>Florencia Zulberti no otorga ninguna garant\u00eda ni se hace responsable, en ning\u00fan caso, de los da\u00f1os y perjuicios de cualquier naturaleza que pudieran traer causa de la falta de disponibilidad, mantenimiento y efectivo funcionamiento del sitio web o de sus servicios y contenidos; de la existencia de virus, programas maliciosos o lesivos en los contenidos; del uso il\u00edcito, negligente, fraudulento o contrario al presente Aviso Legal y condiciones de uso; o de la falta de licitud, calidad, fiabilidad, utilidad y disponibilidad de los servicios prestados por terceros y manifestaciones puestos a disposici\u00f3n de los usuarios en el sitio web.<br>El proveedor no se hace responsable bajo ning\u00fan concepto de los da\u00f1os que pudieran dimanar del uso ilegal o indebido de este sitio web.<\/p><p><strong>4. COOKIES  <\/strong><\/p><p>El sitio web del prestador puede utilizar cookies (peque\u00f1os archivos de informaci\u00f3n que el servidor env\u00eda al ordenador de quien accede a la p\u00e1gina) para llevar a cabo determinadas funciones que son consideradas imprescindibles para el correcto funcionamiento y visualizaci\u00f3n del sitio. Las cookies utilizadas tienen, en todo caso, car\u00e1cter temporal con la \u00fanica finalidad de hacer m\u00e1s eficaz la navegaci\u00f3n y desaparecen al terminar la sesi\u00f3n del usuario.<br>En ning\u00fan caso se utilizar\u00e1n las cookies para recoger informaci\u00f3n de car\u00e1cter personal.  Para m\u00e1s informaci\u00f3n, consulte nuestra Pol\u00edtica de Cookies.<\/p><p><strong>5. ENLACES<br><\/strong><\/p><p>Desde el sitio web, es posible que se le redirija a contenidos patrocinados, anuncios y\/o enlaces de afiliados y\/o sitios web de terceros. Entre los enlaces facilitados, existe la posibilidad de informar o remitir a productos y\/o servicios de terceros. Dado que desde la web no podemos controlar los contenidos introducidos por terceros, Doulton Ib\u00e9rica S.L. no asume ning\u00fan tipo de responsabilidad respecto a dichos contenidos, ni garantiza la experiencia, integridad o calidad de sus productos. En cualquier caso, la proveedora declara que proceder\u00e1 a la retirada inmediata de cualquier contenido que pudiera contravenir la legislaci\u00f3n nacional o internacional, la moral o el orden p\u00fablico, procediendo a la retirada inmediata de la redirecci\u00f3n a estos sitios web, poniendo en conocimiento de las autoridades competentes el contenido en cuesti\u00f3n.<br>La proveedora no se responsabiliza de la informaci\u00f3n y contenidos almacenados, a t\u00edtulo enunciativo pero no limitativo, en foros, chats, generadores de blogs, comentarios, redes sociales o cualquier otro medio que permita a terceros publicar contenidos de forma independiente en la p\u00e1gina web del proveedor. No obstante, y en cumplimiento de lo dispuesto en el art. 11 y 16 de la LSSICE, el prestador se pone a disposici\u00f3n de todos los usuarios, autoridades y fuerzas de seguridad, y colaborando de forma activa en la retirada o en su caso bloqueo de todos aquellos contenidos que pudieran afectar o contravenir la legislaci\u00f3n nacional, o internacional, derechos de terceros o la moral y el orden p\u00fablico. En caso de que el usuario considere que existe en el sitio web alg\u00fan contenido que pudiera ser susceptible de esta clasificaci\u00f3n, se ruega lo notifique de forma inmediata al administrador del sitio web.No obstante, Florencia Zulberti informa que cualquier relaci\u00f3n contractual o extracontractual que el usuario formalice con dichos terceros, afiliados o anunciantes a trav\u00e9s del enlace proporcionado por este sitio web, tendr\u00e1 validez \u00fanica y exclusivamente entre el usuario y el anunciante y\/o tercera persona y Florencia Zulberti no tendr\u00e1 ning\u00fan tipo de responsabilidad sobre los da\u00f1os o perjuicios que pudieran ocasionarse por la prestaci\u00f3n de servicios y\/o relaciones contractuales o extracontractuales entre el usuario y los anunciantes o terceros contactados a trav\u00e9s de este portal ya que el prestador \u00fanicamente act\u00faa como intermediario o medio publicitario.<\/p><p><strong>6. PROTECCI\u00d3N DE DATOS PERSONALES<br><\/strong><\/p><p>El prestador se encuentra profundamente comprometido con el cumplimiento de la normativa de protecci\u00f3n de datos de car\u00e1cter personal, y garantiza el cumplimiento \u00edntegro de las obligaciones dispuestas, as\u00ed como la implementaci\u00f3n de las medidas de seguridad dispuestas en el Reglamento Europeo de Protecci\u00f3n de Datos y en la normativa espa\u00f1ola de protecci\u00f3n de datos. Para dar cumplimiento con lo establecido en el art\u00edculo 10 de la Ley 34\/2002 de Servicios de la Sociedad de la Informaci\u00f3n y de Comercio Electr\u00f3nico, se informa a los usuarios de nuestros datos:<\/p><p>Nombre de la empresa: Florencia Zulberti<br>Domicilio social: VIA ANAGNINA 92, Grottaferrata RM 00046, ITALIA<br>C\u00f3digo fiscal: ZLBFRN74M71Z604Z<br>N\u00famero de IVA: 17907551000<br>Tel\u00e9fono: +39 375 782 9672<br>Correo electr\u00f3nico: florencia@tribusana.com<br>Sitio web: tribusana.com<\/p><p><strong>7. PROPIEDAD INTELECTUAL E INDUSTRIAL<br><\/strong><\/p><p>El sitio web, incluyendo a t\u00edtulo enunciativo pero no limitativo su programaci\u00f3n, edici\u00f3n, compilaci\u00f3n y dem\u00e1s elementos necesarios para su funcionamiento, los dise\u00f1os, logotipos, texto, fotograf\u00edas y\/o gr\u00e1ficos son propiedad del prestador o en su caso dispone de licencia o autorizaci\u00f3n expresa por parte de los autores. Todos los contenidos del sitio web se encuentran debidamente protegidos por la normativa de propiedad intelectual e industrial.<\/p><p>Independientemente de la finalidad para la que fueran destinados, la reproducci\u00f3n total o parcial, uso, distribuci\u00f3n y comunicaci\u00f3n p\u00fablica requerir\u00e1n la autorizaci\u00f3n previa y por escrito del prestador. Cualquier uso no autorizado previamente por el proveedor ser\u00e1 considerado un incumplimiento grave de los derechos de propiedad intelectual o industrial del autor.<\/p><p>Los dise\u00f1os, logotipos, texto y\/o gr\u00e1ficos ajenos al prestador y que pudieran aparecer en el sitio web, pertenecen a sus respectivos propietarios, siendo ellos mismos responsables de cualquier posible controversia que pudiera suscitarse respecto a los mismos. En todo caso, el prestador cuenta con la autorizaci\u00f3n expresa y previa de los mismos. El prestador reconoce a favor de sus titulares los correspondientes derechos de propiedad industrial e intelectual, no implicando su sola menci\u00f3n o aparici\u00f3n en el sitio web la existencia de derechos o responsabilidad alguna del prestador sobre los mismos, como tampoco respaldo, patrocinio o recomendaci\u00f3n por parte del mismo.Para realizar cualquier tipo de observaci\u00f3n respecto a posibles incumplimientos de los derechos de propiedad intelectual o industrial, as\u00ed como sobre cualquiera de los contenidos del sitio web, puede hacerlo a trav\u00e9s del correo electr\u00f3nico arriba indicado.<\/p><p><strong>8. LEGISLACI\u00d3N Y JURISDICCI\u00d3N APLICABLES<br><\/strong><\/p><p>Para la resoluci\u00f3n de todas las controversias o cuestiones relacionadas con el presente sitio web o de las actividades en \u00e9l desarrolladas, ser\u00e1 de aplicaci\u00f3n la legislaci\u00f3n espa\u00f1ola, a la que se someten expresamente las partes, siendo competentes para la resoluci\u00f3n de todos los conflictos derivados o relacionados con su uso los Juzgados y Tribunales.<\/p><\/div>\t\t\t\t\t\t\t\t<\/div>\n\t\t\t\t<\/div>\n\t\t\t\t\t<\/div>\n\t\t\t\t<\/div>\n\t\t\t\t<\/div>\n\t\t","protected":false},"excerpt":{"rendered":"<p>Acuerdo jur\u00eddico 1.OBJETO Florencia Zulberti (en adelante tambi\u00e9n el prestador) como responsable del sitio web, pone a disposici\u00f3n de los usuarios el presente documento regulador del uso del sitio web tribusana.com, con el que pretende dar cumplimiento a las obligaciones dispuestas en la Ley 34\/2002, de Servicios de la Sociedad de la Informaci\u00f3n y del &#8230; <a title=\"Acuerdo jur\u00eddico\" class=\"read-more\" href=\"https:\/\/tribusana.com\/es\/acuerdo-juridico\/\" aria-label=\"Leer m\u00e1s sobre Acuerdo jur\u00eddico\">Leer m\u00e1s<\/a><\/p>\n","protected":false},"author":1,"featured_media":0,"parent":0,"menu_order":0,"comment_status":"closed","ping_status":"closed","template":"","meta":{"_joinchat":[],"footnotes":""},"class_list":["post-2435","page","type-page","status-publish"],"yoast_head":"<!-- This site is optimized with the Yoast SEO plugin v26.8 - https:\/\/yoast.com\/product\/yoast-seo-wordpress\/ -->\n<title>Acuerdo jur\u00eddico - Tribusana<\/title>\n<meta name=\"robots\" content=\"index, follow, max-snippet:-1, max-image-preview:large, max-video-preview:-1\" \/>\n<link rel=\"canonical\" href=\"https:\/\/tribusana.com\/es\/acuerdo-juridico\/\" \/>\n<meta property=\"og:locale\" content=\"es_ES\" \/>\n<meta property=\"og:type\" content=\"article\" \/>\n<meta property=\"og:title\" content=\"Acuerdo jur\u00eddico - Tribusana\" \/>\n<meta property=\"og:description\" content=\"Acuerdo jur\u00eddico 1.OBJETO Florencia Zulberti (en adelante tambi\u00e9n el prestador) como responsable del sitio web, pone a disposici\u00f3n de los usuarios el presente documento regulador del uso del sitio web tribusana.com, con el que pretende dar cumplimiento a las obligaciones dispuestas en la Ley 34\/2002, de Servicios de la Sociedad de la Informaci\u00f3n y del ... Leer m\u00e1s\" \/>\n<meta property=\"og:url\" content=\"https:\/\/tribusana.com\/es\/acuerdo-juridico\/\" \/>\n<meta property=\"og:site_name\" content=\"Tribusana\" \/>\n<meta property=\"article:publisher\" content=\"https:\/\/www.facebook.com\/tribusanarevolution\/\" \/>\n<meta property=\"article:modified_time\" content=\"2025-07-04T15:07:39+00:00\" \/>\n<meta name=\"twitter:card\" content=\"summary_large_image\" \/>\n<meta name=\"twitter:label1\" content=\"Tiempo de lectura\" \/>\n\t<meta name=\"twitter:data1\" content=\"10 minutos\" \/>\n<script type=\"application\/ld+json\" class=\"yoast-schema-graph\">{\"@context\":\"https:\/\/schema.org\",\"@graph\":[{\"@type\":\"WebPage\",\"@id\":\"https:\/\/tribusana.com\/es\/acuerdo-juridico\/\",\"url\":\"https:\/\/tribusana.com\/es\/acuerdo-juridico\/\",\"name\":\"Acuerdo jur\u00eddico - Tribusana\",\"isPartOf\":{\"@id\":\"https:\/\/tribusana.com\/es\/#website\"},\"datePublished\":\"2024-02-15T08:56:46+00:00\",\"dateModified\":\"2025-07-04T15:07:39+00:00\",\"breadcrumb\":{\"@id\":\"https:\/\/tribusana.com\/es\/acuerdo-juridico\/#breadcrumb\"},\"inLanguage\":\"es\",\"potentialAction\":[{\"@type\":\"ReadAction\",\"target\":[\"https:\/\/tribusana.com\/es\/acuerdo-juridico\/\"]}]},{\"@type\":\"BreadcrumbList\",\"@id\":\"https:\/\/tribusana.com\/es\/acuerdo-juridico\/#breadcrumb\",\"itemListElement\":[{\"@type\":\"ListItem\",\"position\":1,\"name\":\"Home\",\"item\":\"https:\/\/tribusana.com\/es\/\"},{\"@type\":\"ListItem\",\"position\":2,\"name\":\"Acuerdo jur\u00eddico\"}]},{\"@type\":\"WebSite\",\"@id\":\"https:\/\/tribusana.com\/es\/#website\",\"url\":\"https:\/\/tribusana.com\/es\/\",\"name\":\"Tribusana\",\"description\":\"Building Mindful Connections Through Real Food\",\"potentialAction\":[{\"@type\":\"SearchAction\",\"target\":{\"@type\":\"EntryPoint\",\"urlTemplate\":\"https:\/\/tribusana.com\/es\/?s={search_term_string}\"},\"query-input\":{\"@type\":\"PropertyValueSpecification\",\"valueRequired\":true,\"valueName\":\"search_term_string\"}}],\"inLanguage\":\"es\"}]}<\/script>\n<!-- \/ Yoast SEO plugin. -->","yoast_head_json":{"title":"Acuerdo jur\u00eddico - Tribusana","robots":{"index":"index","follow":"follow","max-snippet":"max-snippet:-1","max-image-preview":"max-image-preview:large","max-video-preview":"max-video-preview:-1"},"canonical":"https:\/\/tribusana.com\/es\/acuerdo-juridico\/","og_locale":"es_ES","og_type":"article","og_title":"Acuerdo jur\u00eddico - Tribusana","og_description":"Acuerdo jur\u00eddico 1.OBJETO Florencia Zulberti (en adelante tambi\u00e9n el prestador) como responsable del sitio web, pone a disposici\u00f3n de los usuarios el presente documento regulador del uso del sitio web tribusana.com, con el que pretende dar cumplimiento a las obligaciones dispuestas en la Ley 34\/2002, de Servicios de la Sociedad de la Informaci\u00f3n y del ... Leer m\u00e1s","og_url":"https:\/\/tribusana.com\/es\/acuerdo-juridico\/","og_site_name":"Tribusana","article_publisher":"https:\/\/www.facebook.com\/tribusanarevolution\/","article_modified_time":"2025-07-04T15:07:39+00:00","twitter_card":"summary_large_image","twitter_misc":{"Tiempo de lectura":"10 minutos"},"schema":{"@context":"https:\/\/schema.org","@graph":[{"@type":"WebPage","@id":"https:\/\/tribusana.com\/es\/acuerdo-juridico\/","url":"https:\/\/tribusana.com\/es\/acuerdo-juridico\/","name":"Acuerdo jur\u00eddico - Tribusana","isPartOf":{"@id":"https:\/\/tribusana.com\/es\/#website"},"datePublished":"2024-02-15T08:56:46+00:00","dateModified":"2025-07-04T15:07:39+00:00","breadcrumb":{"@id":"https:\/\/tribusana.com\/es\/acuerdo-juridico\/#breadcrumb"},"inLanguage":"es","potentialAction":[{"@type":"ReadAction","target":["https:\/\/tribusana.com\/es\/acuerdo-juridico\/"]}]},{"@type":"BreadcrumbList","@id":"https:\/\/tribusana.com\/es\/acuerdo-juridico\/#breadcrumb","itemListElement":[{"@type":"ListItem","position":1,"name":"Home","item":"https:\/\/tribusana.com\/es\/"},{"@type":"ListItem","position":2,"name":"Acuerdo jur\u00eddico"}]},{"@type":"WebSite","@id":"https:\/\/tribusana.com\/es\/#website","url":"https:\/\/tribusana.com\/es\/","name":"Tribusana","description":"Building Mindful Connections Through Real Food","potentialAction":[{"@type":"SearchAction","target":{"@type":"EntryPoint","urlTemplate":"https:\/\/tribusana.com\/es\/?s={search_term_string}"},"query-input":{"@type":"PropertyValueSpecification","valueRequired":true,"valueName":"search_term_string"}}],"inLanguage":"es"}]}},"_links":{"self":[{"href":"https:\/\/tribusana.com\/es\/wp-json\/wp\/v2\/pages\/2435","targetHints":{"allow":["GET"]}}],"collection":[{"href":"https:\/\/tribusana.com\/es\/wp-json\/wp\/v2\/pages"}],"about":[{"href":"https:\/\/tribusana.com\/es\/wp-json\/wp\/v2\/types\/page"}],"author":[{"embeddable":true,"href":"https:\/\/tribusana.com\/es\/wp-json\/wp\/v2\/users\/1"}],"replies":[{"embeddable":true,"href":"https:\/\/tribusana.com\/es\/wp-json\/wp\/v2\/comments?post=2435"}],"version-history":[{"count":2,"href":"https:\/\/tribusana.com\/es\/wp-json\/wp\/v2\/pages\/2435\/revisions"}],"predecessor-version":[{"id":3224,"href":"https:\/\/tribusana.com\/es\/wp-json\/wp\/v2\/pages\/2435\/revisions\/3224"}],"wp:attachment":[{"href":"https:\/\/tribusana.com\/es\/wp-json\/wp\/v2\/media?parent=2435"}],"curies":[{"name":"wp","href":"https:\/\/api.w.org\/{rel}","templated":true}]}}